{"id":4440,"date":"2025-11-14T09:28:12","date_gmt":"2025-11-14T09:28:12","guid":{"rendered":"https:\/\/mountlaser.com\/?post_type=product&#038;p=4440"},"modified":"2025-11-27T05:11:30","modified_gmt":"2025-11-27T05:11:30","slug":"cls-fg-fiberglass-prism-pole","status":"publish","type":"product","link":"https:\/\/mountlaser.com\/fr_fr\/produit\/cls-fg-fiberglass-prism-pole\/","title":{"rendered":"Poteau prismatique en fibre de verre CLS-FG"},"content":{"rendered":"<p>Le <a href=\"https:\/\/mountlaser.com\/fr_fr\/categorie-produit\/surveying-pole-rod\/\">Support laser CLS-FG<\/a> Red\u00e9finissant la durabilit\u00e9 et la performance, la perche prismatique professionnelle en fibre de verre est con\u00e7ue pour les g\u00e9om\u00e8tres travaillant dans des environnements difficiles. Elle constitue la solution id\u00e9ale lorsque la non-conductivit\u00e9 et la r\u00e9sistance \u00e0 la corrosion sont primordiales. Contrairement aux perches m\u00e9talliques, sa construction en fibre de verre de qualit\u00e9 sup\u00e9rieure garantit une s\u00e9curit\u00e9 optimale \u00e0 proximit\u00e9 des lignes \u00e9lectriques et offre une r\u00e9sistance exceptionnelle \u00e0 la rouille et aux produits chimiques, la rendant id\u00e9ale pour une utilisation dans des conditions climatiques extr\u00eames et en zones c\u00f4ti\u00e8res.<\/p>\n<p>Fabriqu\u00e9 \u00e0 partir d&#039;un mat\u00e9riau composite, le <a href=\"https:\/\/mountlaser.com\/fr_fr\/about-us\/\"><strong>CLS-FG <\/strong><\/a>Remarquablement l\u00e9ger et robuste, il r\u00e9duit la fatigue de l&#039;utilisateur sans compromettre la stabilit\u00e9. Son m\u00e9canisme de verrouillage par rotation en nylon r\u00e9sistant offre une excellente solidit\u00e9 et une durabilit\u00e9 accrue, garantissant un d\u00e9ploiement s\u00fbr et rigide \u00e0 chaque utilisation. L&#039;embout r\u00e9glable 5\/8\u2033-11 permet un montage polyvalent du prisme, tandis que le tube int\u00e9rieur est clairement gradu\u00e9 (cm\/ft) pour des lectures rapides et pr\u00e9cises. Pour une exp\u00e9rience de mesure optimale en toute s\u00e9curit\u00e9.<\/p>\n<p><img fetchpriority=\"high\" decoding=\"async\" class=\"aligncenter wp-image-4442\" src=\"https:\/\/mountlaser.com\/wp-content\/uploads\/2025\/11\/2-3-5-CLS260FG-2.webp\" alt=\"CLS-FG Fiberglass Prism Pole\" width=\"500\" height=\"500\" srcset=\"https:\/\/mountlaser.com\/wp-content\/uploads\/2025\/11\/2-3-5-CLS260FG-2.webp 1000w, https:\/\/mountlaser.com\/wp-content\/uploads\/2025\/11\/2-3-5-CLS260FG-2-300x300.webp 300w, https:\/\/mountlaser.com\/wp-content\/uploads\/2025\/11\/2-3-5-CLS260FG-2-400x400.webp 400w, https:\/\/mountlaser.com\/wp-content\/uploads\/2025\/11\/2-3-5-CLS260FG-2-800x800.webp 800w, https:\/\/mountlaser.com\/wp-content\/uploads\/2025\/11\/2-3-5-CLS260FG-2-600x600.webp 600w, https:\/\/mountlaser.com\/wp-content\/uploads\/2025\/11\/2-3-5-CLS260FG-2-150x150.webp 150w, https:\/\/mountlaser.com\/wp-content\/uploads\/2025\/11\/2-3-5-CLS260FG-2-768x768.webp 768w, https:\/\/mountlaser.com\/wp-content\/uploads\/2025\/11\/2-3-5-CLS260FG-2-12x12.webp 12w\" sizes=\"(max-width: 500px) 100vw, 500px\" \/><\/p>\n<p><strong><a href=\"https:\/\/mountlaser.com\/fr_fr\/contact-us\/\">Poteau prismatique en fibre de verre CLS-FG<\/a> se d\u00e9cline en trois types, diff\u00e9rant par leur longueur\u00a0:<\/strong><\/p>\n<p>Poteau prismatique en fibre de verre CLS260FG\u00a0: 2,60\u00a0m, 2\u00a0sections<\/p>\n<p>Poteau prismatique en fibre de verre CLS360FG\u00a0: 3,60\u00a0m, 3\u00a0sections<\/p>\n<p>Poteau prismatique en fibre de verre CLS460FG\u00a0: 4,60\u00a0m, 4\u00a0sections<\/p>\n<p><strong>Sp\u00e9cifications du CLS-FG<\/strong><\/p>\n<table style=\"border-collapse: collapse; width: 846.77pt;\" border=\"0\" width=\"1129\" cellspacing=\"0\" cellpadding=\"0\">\n<tbody>\n<tr style=\"height: 14.25pt;\">\n<td class=\"et2\" style=\"height: 14.25pt; width: 142.50pt;\" width=\"190\" height=\"19\">NOMBRE<\/td>\n<td class=\"et2\" style=\"width: 127.50pt;\" width=\"170\">LONGUEUR<\/td>\n<td class=\"et2\" style=\"width: 126.00pt;\" width=\"168\">MAT\u00c9RIEL<\/td>\n<td class=\"et2\" style=\"width: 135.00pt;\" width=\"180\">DIPL\u00d4M\u00c9S<\/td>\n<td class=\"et2\" style=\"width: 124.50pt;\" width=\"166\">ADAPTATEUR<\/td>\n<td class=\"et2\" style=\"width: 86.25pt;\" width=\"115\">DIAM\u00c8TRE<\/td>\n<td style=\"width: 105.00pt;\" width=\"140\">image<\/td>\n<\/tr>\n<tr style=\"height: 14.25pt;\">\n<td class=\"et2\" style=\"height: 14.25pt;\" height=\"19\">CLS260FG<\/td>\n<td class=\"et2\">2,60 m (8,5 pi)<\/td>\n<td class=\"et2\">Fibre de verre<\/td>\n<td class=\"et3\">cm\/pi<\/td>\n<td class=\"et3\">R\u00e9glable<\/td>\n<td class=\"et3\">25\/32 mm<\/td>\n<td><img decoding=\"async\" class=\"alignnone wp-image-4441 size-medium\" src=\"https:\/\/mountlaser.com\/wp-content\/uploads\/2025\/11\/2-3-5-CLS260FG-1-300x300.webp\" alt=\"CLS-FG Fiberglass Prism Pole\" width=\"300\" height=\"300\" srcset=\"https:\/\/mountlaser.com\/wp-content\/uploads\/2025\/11\/2-3-5-CLS260FG-1-300x300.webp 300w, https:\/\/mountlaser.com\/wp-content\/uploads\/2025\/11\/2-3-5-CLS260FG-1-400x400.webp 400w, https:\/\/mountlaser.com\/wp-content\/uploads\/2025\/11\/2-3-5-CLS260FG-1-800x800.webp 800w, https:\/\/mountlaser.com\/wp-content\/uploads\/2025\/11\/2-3-5-CLS260FG-1-600x600.webp 600w, https:\/\/mountlaser.com\/wp-content\/uploads\/2025\/11\/2-3-5-CLS260FG-1-150x150.webp 150w, https:\/\/mountlaser.com\/wp-content\/uploads\/2025\/11\/2-3-5-CLS260FG-1-768x768.webp 768w, https:\/\/mountlaser.com\/wp-content\/uploads\/2025\/11\/2-3-5-CLS260FG-1-12x12.webp 12w, https:\/\/mountlaser.com\/wp-content\/uploads\/2025\/11\/2-3-5-CLS260FG-1.webp 1000w\" sizes=\"(max-width: 300px) 100vw, 300px\" \/><\/td>\n<\/tr>\n<tr style=\"height: 14.25pt;\">\n<td class=\"et2\" style=\"height: 14.25pt;\" height=\"19\">CLS360FG<\/td>\n<td class=\"et2\">3,60 m (11,8 pi)<\/td>\n<td class=\"et2\">Fibre de verre<\/td>\n<td class=\"et3\">cm\/pi<\/td>\n<td class=\"et3\">R\u00e9glable<\/td>\n<td class=\"et3\">19\/25\/32 mm<\/td>\n<td><img decoding=\"async\" class=\"alignnone wp-image-4445 size-medium\" src=\"https:\/\/mountlaser.com\/wp-content\/uploads\/2025\/11\/CLS360FG2-300x300.webp\" alt=\"CLS-FG Fiberglass Prism Pole\" width=\"300\" height=\"300\" srcset=\"https:\/\/mountlaser.com\/wp-content\/uploads\/2025\/11\/CLS360FG2-300x300.webp 300w, https:\/\/mountlaser.com\/wp-content\/uploads\/2025\/11\/CLS360FG2-400x400.webp 400w, https:\/\/mountlaser.com\/wp-content\/uploads\/2025\/11\/CLS360FG2-800x800.webp 800w, https:\/\/mountlaser.com\/wp-content\/uploads\/2025\/11\/CLS360FG2-600x600.webp 600w, https:\/\/mountlaser.com\/wp-content\/uploads\/2025\/11\/CLS360FG2-150x150.webp 150w, https:\/\/mountlaser.com\/wp-content\/uploads\/2025\/11\/CLS360FG2-768x768.webp 768w, https:\/\/mountlaser.com\/wp-content\/uploads\/2025\/11\/CLS360FG2-12x12.webp 12w, https:\/\/mountlaser.com\/wp-content\/uploads\/2025\/11\/CLS360FG2.webp 1000w\" sizes=\"(max-width: 300px) 100vw, 300px\" \/><\/td>\n<\/tr>\n<tr style=\"height: 14.25pt;\">\n<td class=\"et2\" style=\"height: 14.25pt;\" height=\"19\">CLS460FG<\/td>\n<td class=\"et2\">4,65 m (15,25 pi)<\/td>\n<td class=\"et2\">Fibre de verre<\/td>\n<td class=\"et3\">cm\/pi<\/td>\n<td class=\"et3\">R\u00e9glable<\/td>\n<td class=\"et3\">19\/25\/32\/38 mm<\/td>\n<td><img loading=\"lazy\" decoding=\"async\" class=\"alignnone wp-image-4448 size-medium\" src=\"https:\/\/mountlaser.com\/wp-content\/uploads\/2025\/11\/CLS460FG-3-300x300.webp\" alt=\"CLS-FG Fiberglass Prism Pole\" width=\"300\" height=\"300\" srcset=\"https:\/\/mountlaser.com\/wp-content\/uploads\/2025\/11\/CLS460FG-3-300x300.webp 300w, https:\/\/mountlaser.com\/wp-content\/uploads\/2025\/11\/CLS460FG-3-400x400.webp 400w, https:\/\/mountlaser.com\/wp-content\/uploads\/2025\/11\/CLS460FG-3-800x800.webp 800w, https:\/\/mountlaser.com\/wp-content\/uploads\/2025\/11\/CLS460FG-3-600x600.webp 600w, https:\/\/mountlaser.com\/wp-content\/uploads\/2025\/11\/CLS460FG-3-150x150.webp 150w, https:\/\/mountlaser.com\/wp-content\/uploads\/2025\/11\/CLS460FG-3-768x768.webp 768w, https:\/\/mountlaser.com\/wp-content\/uploads\/2025\/11\/CLS460FG-3-12x12.webp 12w, https:\/\/mountlaser.com\/wp-content\/uploads\/2025\/11\/CLS460FG-3.webp 1000w\" sizes=\"(max-width: 300px) 100vw, 300px\" \/><\/td>\n<\/tr>\n<\/tbody>\n<\/table>\n<p>&nbsp;<\/p>","protected":false},"excerpt":{"rendered":"<ul>\n<li>Chambre \u00e0 air \u00e0 double \u00e9chelle\u00a0: imprim\u00e9e avec des graduations claires en centim\u00e8tres et en pieds pour un r\u00e9glage rapide et polyvalent de la hauteur.<\/li>\n<li>Plusieurs options de longueur : Disponible en diff\u00e9rentes longueurs (2,6 m, 3,6 m, 4,65 m) pour r\u00e9pondre aux exigences des diff\u00e9rents projets.<\/li>\n<\/ul>","protected":false},"featured_media":4445,"comment_status":"open","ping_status":"closed","template":"","meta":[],"product_brand":[],"product_cat":[89,124],"product_tag":[],"class_list":{"0":"post-4440","1":"product","2":"type-product","3":"status-publish","4":"has-post-thumbnail","6":"product_cat-surveying-pole-rod","7":"product_cat-aluminum-fiberglass-prism-pole","9":"first","10":"instock","11":"shipping-taxable","12":"product-type-simple"},"_links":{"self":[{"href":"https:\/\/mountlaser.com\/fr_fr\/wp-json\/wp\/v2\/product\/4440","targetHints":{"allow":["GET"]}}],"collection":[{"href":"https:\/\/mountlaser.com\/fr_fr\/wp-json\/wp\/v2\/product"}],"about":[{"href":"https:\/\/mountlaser.com\/fr_fr\/wp-json\/wp\/v2\/types\/product"}],"replies":[{"embeddable":true,"href":"https:\/\/mountlaser.com\/fr_fr\/wp-json\/wp\/v2\/comments?post=4440"}],"wp:featuredmedia":[{"embeddable":true,"href":"https:\/\/mountlaser.com\/fr_fr\/wp-json\/wp\/v2\/media\/4445"}],"wp:attachment":[{"href":"https:\/\/mountlaser.com\/fr_fr\/wp-json\/wp\/v2\/media?parent=4440"}],"wp:term":[{"taxonomy":"product_brand","embeddable":true,"href":"https:\/\/mountlaser.com\/fr_fr\/wp-json\/wp\/v2\/product_brand?post=4440"},{"taxonomy":"product_cat","embeddable":true,"href":"https:\/\/mountlaser.com\/fr_fr\/wp-json\/wp\/v2\/product_cat?post=4440"},{"taxonomy":"product_tag","embeddable":true,"href":"https:\/\/mountlaser.com\/fr_fr\/wp-json\/wp\/v2\/product_tag?post=4440"}],"curies":[{"name":"wp","href":"https:\/\/api.w.org\/{rel}","templated":true}]}}