{"id":4436,"date":"2025-11-14T09:28:34","date_gmt":"2025-11-14T09:28:34","guid":{"rendered":"https:\/\/mountlaser.com\/?post_type=product&#038;p=4436"},"modified":"2025-11-26T09:20:31","modified_gmt":"2025-11-26T09:20:31","slug":"f550-3ls3-collimator","status":"publish","type":"product","link":"https:\/\/mountlaser.com\/fr_fr\/produit\/f550-3ls3-collimator\/","title":{"rendered":"Collimateur F550-3LS3"},"content":{"rendered":"<p>Le <a href=\"https:\/\/mountlaser.com\/fr_fr\/\"><strong>Collimateur F550-3LS3<\/strong><\/a> est une haute pr\u00e9cision<a href=\"https:\/\/mountlaser.com\/fr_fr\/products\/\"><strong> Collimateur laser pour station totale<\/strong><\/a> Con\u00e7u pour les travaux d&#039;alignement et d&#039;\u00e9talonnage optiques avanc\u00e9s, le collimateur F550-3LS3, dot\u00e9 d&#039;une structure \u00e0 trois tubes optiques sur pied, offre une stabilit\u00e9 exceptionnelle pour les tests multi-axes. Ce mod\u00e8le est \u00e9quip\u00e9 d&#039;un grand \u00e9cran partag\u00e9 et de trois tubes photo\u00e9lectriques int\u00e9gr\u00e9s, permettant une d\u00e9tection tr\u00e8s sensible et un alignement visuel pr\u00e9cis.<\/p>\n<p><img fetchpriority=\"high\" decoding=\"async\" class=\"aligncenter wp-image-4437\" src=\"https:\/\/mountlaser.com\/wp-content\/uploads\/2025\/11\/F550-3ls3.webp\" alt=\"F550-3LS3 Laser Collimator for total station\" width=\"500\" height=\"500\" srcset=\"https:\/\/mountlaser.com\/wp-content\/uploads\/2025\/11\/F550-3ls3.webp 800w, https:\/\/mountlaser.com\/wp-content\/uploads\/2025\/11\/F550-3ls3-300x300.webp 300w, https:\/\/mountlaser.com\/wp-content\/uploads\/2025\/11\/F550-3ls3-400x400.webp 400w, https:\/\/mountlaser.com\/wp-content\/uploads\/2025\/11\/F550-3ls3-600x600.webp 600w, https:\/\/mountlaser.com\/wp-content\/uploads\/2025\/11\/F550-3ls3-150x150.webp 150w, https:\/\/mountlaser.com\/wp-content\/uploads\/2025\/11\/F550-3ls3-768x768.webp 768w, https:\/\/mountlaser.com\/wp-content\/uploads\/2025\/11\/F550-3ls3-12x12.webp 12w\" sizes=\"(max-width: 500px) 100vw, 500px\" \/><\/p>\n<p>En tant que professionnel de niveau <a href=\"https:\/\/mountlaser.com\/fr_fr\/contact-us\/\">Collimateur laser pour station totale<\/a>, Le collimateur F550-3LS3 garantit une qualit\u00e9 de faisceau constante et une v\u00e9rification pr\u00e9cise de l&#039;axe optique pour les stations totales, les th\u00e9odolites et les niveaux automatiques. Son syst\u00e8me de d\u00e9tection optique am\u00e9lior\u00e9 offre une meilleure r\u00e9p\u00e9tabilit\u00e9 d&#039;\u00e9talonnage, ce qui en fait l&#039;une des solutions les plus fiables pour les laboratoires, les centres de maintenance d&#039;instruments et les services de m\u00e9trologie. Pour les professionnels \u00e0 la recherche d&#039;un collimateur laser fiable pour station totale, ce mod\u00e8le offre clart\u00e9, sensibilit\u00e9 et performances d&#039;\u00e9talonnage exceptionnelles.<\/p>","protected":false},"excerpt":{"rendered":"<ul>\n<li>Produit des faisceaux laser stables et parall\u00e8les pour l&#039;\u00e9talonnage des stations totales et des instruments optiques.<\/li>\n<li>Trois tubes optiques permettent un alignement multidirectionnel pr\u00e9cis<\/li>\n<li>Le grand \u00e9cran partag\u00e9 am\u00e9liore l&#039;observation visuelle et la pr\u00e9cision de l&#039;\u00e9talonnage.<\/li>\n<li>Trois tubes photo\u00e9lectriques int\u00e9gr\u00e9s assurent une d\u00e9tection optique de haute sensibilit\u00e9<\/li>\n<li>La construction au sol assure une stabilit\u00e9 sup\u00e9rieure et une r\u00e9duction des vibrations<\/li>\n<\/ul>","protected":false},"featured_media":4437,"comment_status":"open","ping_status":"closed","template":"","meta":[],"product_brand":[],"product_cat":[71,125],"product_tag":[],"class_list":{"0":"post-4436","1":"product","2":"type-product","3":"status-publish","4":"has-post-thumbnail","6":"product_cat-calibration-testing-instrument","7":"product_cat-collimator-instrument","9":"first","10":"instock","11":"shipping-taxable","12":"product-type-simple"},"_links":{"self":[{"href":"https:\/\/mountlaser.com\/fr_fr\/wp-json\/wp\/v2\/product\/4436","targetHints":{"allow":["GET"]}}],"collection":[{"href":"https:\/\/mountlaser.com\/fr_fr\/wp-json\/wp\/v2\/product"}],"about":[{"href":"https:\/\/mountlaser.com\/fr_fr\/wp-json\/wp\/v2\/types\/product"}],"replies":[{"embeddable":true,"href":"https:\/\/mountlaser.com\/fr_fr\/wp-json\/wp\/v2\/comments?post=4436"}],"wp:featuredmedia":[{"embeddable":true,"href":"https:\/\/mountlaser.com\/fr_fr\/wp-json\/wp\/v2\/media\/4437"}],"wp:attachment":[{"href":"https:\/\/mountlaser.com\/fr_fr\/wp-json\/wp\/v2\/media?parent=4436"}],"wp:term":[{"taxonomy":"product_brand","embeddable":true,"href":"https:\/\/mountlaser.com\/fr_fr\/wp-json\/wp\/v2\/product_brand?post=4436"},{"taxonomy":"product_cat","embeddable":true,"href":"https:\/\/mountlaser.com\/fr_fr\/wp-json\/wp\/v2\/product_cat?post=4436"},{"taxonomy":"product_tag","embeddable":true,"href":"https:\/\/mountlaser.com\/fr_fr\/wp-json\/wp\/v2\/product_tag?post=4436"}],"curies":[{"name":"wp","href":"https:\/\/api.w.org\/{rel}","templated":true}]}}