{"id":4428,"date":"2025-11-14T09:07:01","date_gmt":"2025-11-14T09:07:01","guid":{"rendered":"https:\/\/mountlaser.com\/?post_type=product&#038;p=4428"},"modified":"2025-11-27T05:17:01","modified_gmt":"2025-11-27T05:17:01","slug":"gls11-aluminum-prism-pole","status":"publish","type":"product","link":"https:\/\/mountlaser.com\/fr_fr\/produit\/gls11-aluminum-prism-pole\/","title":{"rendered":"Poteau prismatique en aluminium GLS11"},"content":{"rendered":"<p>Am\u00e9liorez vos travaux de topographie avec le Mount Laser <a href=\"https:\/\/mountlaser.com\/fr_fr\/products\/\"><strong>Poteau prismatique en aluminium GLS11<\/strong><\/a>, Con\u00e7ue pour une stabilit\u00e9 \u00e0 toute \u00e9preuve et une pr\u00e9cision exceptionnelle, cette perche de qualit\u00e9 professionnelle est faite pour r\u00e9sister aux conditions difficiles des chantiers tout en vous offrant la fiabilit\u00e9 n\u00e9cessaire pour des mesures pr\u00e9cises.<\/p>\n<p>L&#039;un des atouts majeurs du GLS11 r\u00e9side dans son m\u00e9canisme de verrouillage \u00e0 enclenchement de type suisse. Ce syst\u00e8me innovant permet un r\u00e9glage rapide et s\u00fbr de la hauteur d&#039;un simple clic, vous faisant gagner un temps pr\u00e9cieux sur le terrain sans compromettre la stabilit\u00e9. Sa conception robuste garantit la rigidit\u00e9 de la perche une fois verrouill\u00e9e, \u00e9liminant tout jeu et assurant un positionnement parfait du prisme.<\/p>\n<p>Fabriqu\u00e9 en aluminium l\u00e9ger de haute qualit\u00e9, le GLS11 est facile \u00e0 transporter tout au long d&#039;une longue journ\u00e9e de travail, tout en \u00e9tant incroyablement durable. Il est \u00e9quip\u00e9 d&#039;une fiole circulaire de 30 pouces pour un nivellement facile et pr\u00e9cis, garantissant ainsi des mesures toujours pr\u00e9cises.<a href=\"https:\/\/mountlaser.com\/fr_fr\/about-us\/\"> <strong>Poteau prismatique \u00e0 verrouillage rapide de style suisse<\/strong><\/a> Sa conception int\u00e8gre un adaptateur universel, ce qui la rend compatible avec une large gamme de prismes et d&#039;accessoires.<\/p>\n<p>Pour les g\u00e9om\u00e8tres qui exigent efficacit\u00e9 et robustesse, <a href=\"https:\/\/mountlaser.com\/fr_fr\/contact-us\/\">le GLS11<\/a> Cet outil est id\u00e9al. La fiabilit\u00e9 de cette perche prismatique \u00e0 verrouillage rapide de type suisse vous permet de vous concentrer sur votre lev\u00e9, en toute confiance, sachant que votre mat\u00e9riel ne vous fera pas d\u00e9faut.<\/p>\n<p>&nbsp;<\/p>\n<p><img fetchpriority=\"high\" decoding=\"async\" class=\"aligncenter wp-image-4433\" src=\"https:\/\/mountlaser.com\/wp-content\/uploads\/2025\/11\/CLS11-5.webp\" alt=\"Swiss-Style Snap Lock Prism Pole\" width=\"500\" height=\"500\" srcset=\"https:\/\/mountlaser.com\/wp-content\/uploads\/2025\/11\/CLS11-5.webp 1000w, https:\/\/mountlaser.com\/wp-content\/uploads\/2025\/11\/CLS11-5-300x300.webp 300w, https:\/\/mountlaser.com\/wp-content\/uploads\/2025\/11\/CLS11-5-400x400.webp 400w, https:\/\/mountlaser.com\/wp-content\/uploads\/2025\/11\/CLS11-5-800x800.webp 800w, https:\/\/mountlaser.com\/wp-content\/uploads\/2025\/11\/CLS11-5-600x600.webp 600w, https:\/\/mountlaser.com\/wp-content\/uploads\/2025\/11\/CLS11-5-150x150.webp 150w, https:\/\/mountlaser.com\/wp-content\/uploads\/2025\/11\/CLS11-5-768x768.webp 768w, https:\/\/mountlaser.com\/wp-content\/uploads\/2025\/11\/CLS11-5-12x12.webp 12w\" sizes=\"(max-width: 500px) 100vw, 500px\" \/><\/p>\n<p><strong>Sp\u00e9cifications du poteau prismatique en aluminium GLS11<\/strong><\/p>\n<table style=\"border-collapse: collapse; width: 846.77pt;\" border=\"0\" width=\"1129\" cellspacing=\"0\" cellpadding=\"0\">\n<tbody>\n<tr style=\"height: 14.25pt;\">\n<td class=\"et2\" style=\"height: 14.25pt; width: 142.50pt;\" width=\"190\" height=\"19\">NOMBRE<\/td>\n<td class=\"et2\" style=\"width: 127.50pt;\" width=\"170\">LONGUEUR<\/td>\n<td class=\"et2\" style=\"width: 126.00pt;\" width=\"168\">MAT\u00c9RIEL<\/td>\n<td class=\"et2\" style=\"width: 135.00pt;\" width=\"180\">DIPL\u00d4M\u00c9S<\/td>\n<td class=\"et2\" style=\"width: 124.50pt;\" width=\"166\">ADAPTATEUR<\/td>\n<td class=\"et2\" style=\"width: 86.25pt;\" width=\"115\">TUBE EXT\u00c9RIEUR<\/td>\n<td class=\"et2\" style=\"width: 105.00pt;\" width=\"140\">DIAM\u00c8TRE<\/td>\n<\/tr>\n<tr style=\"height: 14.25pt;\">\n<td class=\"et2\" style=\"height: 14.25pt;\" height=\"19\">GLS11<\/td>\n<td class=\"et2\">2,15 m (7,05 pi)<\/td>\n<td class=\"et2\">Aluminium<\/td>\n<td class=\"et3\">cm\/pi<\/td>\n<td class=\"et3\">suisse<\/td>\n<td class=\"et3\">cm\/pi<\/td>\n<td class=\"et3\">18\/25 mm<\/td>\n<\/tr>\n<\/tbody>\n<\/table>","protected":false},"excerpt":{"rendered":"<ul>\n<li>Construction l\u00e9g\u00e8re en aluminium : offre un \u00e9quilibre optimal entre robustesse et portabilit\u00e9 pour une utilisation tout au long de la journ\u00e9e.<\/li>\n<li>Compatibilit\u00e9 universelle : Comprend un adaptateur standard (18\/25 mm) pour s&#039;adapter \u00e0 la plupart des prismes courants.<\/li>\n<li>Graduations claires en centim\u00e8tres\u00a0: Permet une lecture facile pour une installation rapide et une d\u00e9termination pr\u00e9cise de la hauteur.<\/li>\n<\/ul>","protected":false},"featured_media":4430,"comment_status":"open","ping_status":"closed","template":"","meta":[],"product_brand":[],"product_cat":[124,89],"product_tag":[],"class_list":{"0":"post-4428","1":"product","2":"type-product","3":"status-publish","4":"has-post-thumbnail","6":"product_cat-aluminum-fiberglass-prism-pole","7":"product_cat-surveying-pole-rod","9":"first","10":"instock","11":"shipping-taxable","12":"product-type-simple"},"_links":{"self":[{"href":"https:\/\/mountlaser.com\/fr_fr\/wp-json\/wp\/v2\/product\/4428","targetHints":{"allow":["GET"]}}],"collection":[{"href":"https:\/\/mountlaser.com\/fr_fr\/wp-json\/wp\/v2\/product"}],"about":[{"href":"https:\/\/mountlaser.com\/fr_fr\/wp-json\/wp\/v2\/types\/product"}],"replies":[{"embeddable":true,"href":"https:\/\/mountlaser.com\/fr_fr\/wp-json\/wp\/v2\/comments?post=4428"}],"wp:featuredmedia":[{"embeddable":true,"href":"https:\/\/mountlaser.com\/fr_fr\/wp-json\/wp\/v2\/media\/4430"}],"wp:attachment":[{"href":"https:\/\/mountlaser.com\/fr_fr\/wp-json\/wp\/v2\/media?parent=4428"}],"wp:term":[{"taxonomy":"product_brand","embeddable":true,"href":"https:\/\/mountlaser.com\/fr_fr\/wp-json\/wp\/v2\/product_brand?post=4428"},{"taxonomy":"product_cat","embeddable":true,"href":"https:\/\/mountlaser.com\/fr_fr\/wp-json\/wp\/v2\/product_cat?post=4428"},{"taxonomy":"product_tag","embeddable":true,"href":"https:\/\/mountlaser.com\/fr_fr\/wp-json\/wp\/v2\/product_tag?post=4428"}],"curies":[{"name":"wp","href":"https:\/\/api.w.org\/{rel}","templated":true}]}}