{"id":4427,"date":"2025-11-14T08:44:50","date_gmt":"2025-11-14T08:44:50","guid":{"rendered":"https:\/\/mountlaser.com\/?post_type=product&#038;p=4427"},"modified":"2025-11-27T05:22:00","modified_gmt":"2025-11-27T05:22:00","slug":"f550-3ls1-collimator","status":"publish","type":"product","link":"https:\/\/mountlaser.com\/fr_fr\/produit\/f550-3ls1-collimator\/","title":{"rendered":"Collimateur F550-3LS1"},"content":{"rendered":"<p>Le<a href=\"https:\/\/mountlaser.com\/fr_fr\/products\/\"> <strong>Collimateur F550-3LS1<\/strong><\/a> est un professionnel <a href=\"https:\/\/mountlaser.com\/fr_fr\/about-us\/\"><strong>collimateur optique avec grand \u00e9cran<\/strong><\/a> Con\u00e7u pour l&#039;\u00e9talonnage de haute pr\u00e9cision des instruments topographiques et optiques, le collimateur F550-3LS1, de type \u00ab\u00a0sur pied\u00a0\u00bb et dot\u00e9 de trois tubes optiques, offre une stabilit\u00e9 exceptionnelle et une capacit\u00e9 d&#039;alignement multi-axes. Son grand \u00e9cran int\u00e9gr\u00e9, sans division, associ\u00e9 \u00e0 un tube photo\u00e9lectrique int\u00e9gr\u00e9, assure un retour visuel plus clair et une efficacit\u00e9 d&#039;\u00e9talonnage accrue.<\/p>\n<p><img fetchpriority=\"high\" decoding=\"async\" class=\"aligncenter wp-image-4413\" src=\"https:\/\/mountlaser.com\/wp-content\/uploads\/2025\/11\/F550-3ls1.webp\" alt=\"F550-3LS1 Collimator\" width=\"500\" height=\"500\" srcset=\"https:\/\/mountlaser.com\/wp-content\/uploads\/2025\/11\/F550-3ls1.webp 800w, https:\/\/mountlaser.com\/wp-content\/uploads\/2025\/11\/F550-3ls1-300x300.webp 300w, https:\/\/mountlaser.com\/wp-content\/uploads\/2025\/11\/F550-3ls1-400x400.webp 400w, https:\/\/mountlaser.com\/wp-content\/uploads\/2025\/11\/F550-3ls1-600x600.webp 600w, https:\/\/mountlaser.com\/wp-content\/uploads\/2025\/11\/F550-3ls1-150x150.webp 150w, https:\/\/mountlaser.com\/wp-content\/uploads\/2025\/11\/F550-3ls1-768x768.webp 768w, https:\/\/mountlaser.com\/wp-content\/uploads\/2025\/11\/F550-3ls1-12x12.webp 12w\" sizes=\"(max-width: 500px) 100vw, 500px\" \/><\/p>\n<p>En tant que collimateur optique avanc\u00e9 \u00e0 grand \u00e9cran, le <a href=\"https:\/\/mountlaser.com\/fr_fr\/contact-us\/\">Collimateur F550-3LS1<\/a> Con\u00e7u pour les laboratoires, les centres de r\u00e9paration et les environnements de test de pr\u00e9cision o\u00f9 un alignement pr\u00e9cis des instruments est essentiel, ce collimateur optique garantit un flux lumineux parall\u00e8le constant et une performance fiable sur le long terme, que ce soit pour tester des stations totales, des th\u00e9odolites ou des niveaux automatiques. Les professionnels \u00e0 la recherche d&#039;un collimateur optique fiable avec un grand \u00e9cran appr\u00e9cieront sa clart\u00e9, sa stabilit\u00e9 et sa pr\u00e9cision d&#039;alignement optique.<\/p>","protected":false},"excerpt":{"rendered":"<ul>\n<li>G\u00e9n\u00e8re des faisceaux lumineux parall\u00e8les pr\u00e9cis pour l&#039;\u00e9talonnage des \u00e9quipements topographiques et optiques.<\/li>\n<li>Trois tubes optiques permettent un alignement multidirectionnel et multi-axes<\/li>\n<li>Un grand \u00e9cran non divis\u00e9 am\u00e9liore l&#039;observation visuelle et la pr\u00e9cision de l&#039;\u00e9talonnage.<\/li>\n<li>Le tube photo\u00e9lectrique int\u00e9gr\u00e9 am\u00e9liore la d\u00e9tection optique et la stabilit\u00e9 de mesure<\/li>\n<li>La conception au sol assure une stabilit\u00e9 maximale et r\u00e9duit les vibrations en fonctionnement<\/li>\n<\/ul>","protected":false},"featured_media":4413,"comment_status":"open","ping_status":"closed","template":"","meta":[],"product_brand":[],"product_cat":[71,125],"product_tag":[],"class_list":{"0":"post-4427","1":"product","2":"type-product","3":"status-publish","4":"has-post-thumbnail","6":"product_cat-calibration-testing-instrument","7":"product_cat-collimator-instrument","9":"first","10":"instock","11":"shipping-taxable","12":"product-type-simple"},"_links":{"self":[{"href":"https:\/\/mountlaser.com\/fr_fr\/wp-json\/wp\/v2\/product\/4427","targetHints":{"allow":["GET"]}}],"collection":[{"href":"https:\/\/mountlaser.com\/fr_fr\/wp-json\/wp\/v2\/product"}],"about":[{"href":"https:\/\/mountlaser.com\/fr_fr\/wp-json\/wp\/v2\/types\/product"}],"replies":[{"embeddable":true,"href":"https:\/\/mountlaser.com\/fr_fr\/wp-json\/wp\/v2\/comments?post=4427"}],"wp:featuredmedia":[{"embeddable":true,"href":"https:\/\/mountlaser.com\/fr_fr\/wp-json\/wp\/v2\/media\/4413"}],"wp:attachment":[{"href":"https:\/\/mountlaser.com\/fr_fr\/wp-json\/wp\/v2\/media?parent=4427"}],"wp:term":[{"taxonomy":"product_brand","embeddable":true,"href":"https:\/\/mountlaser.com\/fr_fr\/wp-json\/wp\/v2\/product_brand?post=4427"},{"taxonomy":"product_cat","embeddable":true,"href":"https:\/\/mountlaser.com\/fr_fr\/wp-json\/wp\/v2\/product_cat?post=4427"},{"taxonomy":"product_tag","embeddable":true,"href":"https:\/\/mountlaser.com\/fr_fr\/wp-json\/wp\/v2\/product_tag?post=4427"}],"curies":[{"name":"wp","href":"https:\/\/api.w.org\/{rel}","templated":true}]}}