{"id":4425,"date":"2025-11-14T08:07:31","date_gmt":"2025-11-14T08:07:31","guid":{"rendered":"https:\/\/mountlaser.com\/?post_type=product&#038;p=4425"},"modified":"2025-11-27T05:24:25","modified_gmt":"2025-11-27T05:24:25","slug":"f550-3s-collimator","status":"publish","type":"product","link":"https:\/\/mountlaser.com\/fr_fr\/produit\/f550-3s-collimator\/","title":{"rendered":"Collimateur F550-3S"},"content":{"rendered":"<p>Le <a href=\"https:\/\/mountlaser.com\/fr_fr\/\"><strong>Collimateur F550-3S<\/strong><\/a> est un professionnel <a href=\"https:\/\/mountlaser.com\/fr_fr\/about-us\/\"><strong>Collimateur optique pour niveau automatique<\/strong> <\/a>Con\u00e7u pour assurer un alignement optique pr\u00e9cis et stable des instruments topographiques, le collimateur F550-3S, dot\u00e9 de trois tubes optiques et mont\u00e9 sur pied, offre une capacit\u00e9 d&#039;\u00e9talonnage multidirectionnelle, ce qui en fait un outil indispensable pour les tests d&#039;instruments de haute pr\u00e9cision. Ce mod\u00e8le est \u00e9quip\u00e9 d&#039;un petit \u00e9cran et d&#039;un tube photo\u00e9lectrique int\u00e9gr\u00e9, am\u00e9liorant ainsi la clart\u00e9 visuelle et l&#039;efficacit\u00e9 de l&#039;\u00e9talonnage.<\/p>\n<p><img fetchpriority=\"high\" decoding=\"async\" class=\"aligncenter wp-image-4426\" src=\"https:\/\/mountlaser.com\/wp-content\/uploads\/2025\/11\/F550-3SS_\u526f\u672c.webp\" alt=\"F550-3S optical collimator for auto level\" width=\"500\" height=\"500\" srcset=\"https:\/\/mountlaser.com\/wp-content\/uploads\/2025\/11\/F550-3SS_\u526f\u672c.webp 800w, https:\/\/mountlaser.com\/wp-content\/uploads\/2025\/11\/F550-3SS_\u526f\u672c-300x300.webp 300w, https:\/\/mountlaser.com\/wp-content\/uploads\/2025\/11\/F550-3SS_\u526f\u672c-400x400.webp 400w, https:\/\/mountlaser.com\/wp-content\/uploads\/2025\/11\/F550-3SS_\u526f\u672c-600x600.webp 600w, https:\/\/mountlaser.com\/wp-content\/uploads\/2025\/11\/F550-3SS_\u526f\u672c-150x150.webp 150w, https:\/\/mountlaser.com\/wp-content\/uploads\/2025\/11\/F550-3SS_\u526f\u672c-768x768.webp 768w, https:\/\/mountlaser.com\/wp-content\/uploads\/2025\/11\/F550-3SS_\u526f\u672c-12x12.webp 12w\" sizes=\"(max-width: 500px) 100vw, 500px\" \/><\/p>\n<p>En tant que collimateur optique fiable pour niveau automatique, le <a href=\"https:\/\/mountlaser.com\/fr_fr\/contact-us\/\">Collimateur F550-3S<\/a> Ce collimateur optique assure une qualit\u00e9 de faisceau constante et un alignement pr\u00e9cis des axes pour les niveaux automatiques, les th\u00e9odolites et les stations totales. Sa structure robuste, fix\u00e9e au sol, r\u00e9duit les vibrations et garantit une performance durable en laboratoire et en atelier de r\u00e9paration. Pour les professionnels \u00e0 la recherche d&#039;un collimateur optique fiable pour niveaux automatiques, ce mod\u00e8le offre pr\u00e9cision, stabilit\u00e9 et fonctionnalit\u00e9s modernes.<\/p>","protected":false},"excerpt":{"rendered":"<ul>\n<li>Produit des faisceaux stables et parall\u00e8les pour l&#039;\u00e9talonnage des niveaux automatiques et des instruments optiques.<\/li>\n<li>Trois tubes optiques permettent un alignement multi-axes et des tests de pr\u00e9cision<\/li>\n<li>Le tube photo\u00e9lectrique int\u00e9gr\u00e9 am\u00e9liore la pr\u00e9cision et le retour d&#039;information de mesure<\/li>\n<li>La construction de type plancher offre une excellente stabilit\u00e9 et r\u00e9duit les interf\u00e9rences ext\u00e9rieures.<\/li>\n<li>Le petit \u00e9cran permet l&#039;observation en temps r\u00e9el et facilite le processus d&#039;\u00e9talonnage.<\/li>\n<\/ul>","protected":false},"featured_media":4426,"comment_status":"open","ping_status":"closed","template":"","meta":[],"product_brand":[],"product_cat":[71,125],"product_tag":[],"class_list":{"0":"post-4425","1":"product","2":"type-product","3":"status-publish","4":"has-post-thumbnail","6":"product_cat-calibration-testing-instrument","7":"product_cat-collimator-instrument","9":"first","10":"instock","11":"shipping-taxable","12":"product-type-simple"},"_links":{"self":[{"href":"https:\/\/mountlaser.com\/fr_fr\/wp-json\/wp\/v2\/product\/4425","targetHints":{"allow":["GET"]}}],"collection":[{"href":"https:\/\/mountlaser.com\/fr_fr\/wp-json\/wp\/v2\/product"}],"about":[{"href":"https:\/\/mountlaser.com\/fr_fr\/wp-json\/wp\/v2\/types\/product"}],"replies":[{"embeddable":true,"href":"https:\/\/mountlaser.com\/fr_fr\/wp-json\/wp\/v2\/comments?post=4425"}],"wp:featuredmedia":[{"embeddable":true,"href":"https:\/\/mountlaser.com\/fr_fr\/wp-json\/wp\/v2\/media\/4426"}],"wp:attachment":[{"href":"https:\/\/mountlaser.com\/fr_fr\/wp-json\/wp\/v2\/media?parent=4425"}],"wp:term":[{"taxonomy":"product_brand","embeddable":true,"href":"https:\/\/mountlaser.com\/fr_fr\/wp-json\/wp\/v2\/product_brand?post=4425"},{"taxonomy":"product_cat","embeddable":true,"href":"https:\/\/mountlaser.com\/fr_fr\/wp-json\/wp\/v2\/product_cat?post=4425"},{"taxonomy":"product_tag","embeddable":true,"href":"https:\/\/mountlaser.com\/fr_fr\/wp-json\/wp\/v2\/product_tag?post=4425"}],"curies":[{"name":"wp","href":"https:\/\/api.w.org\/{rel}","templated":true}]}}