{"id":4419,"date":"2025-11-14T05:37:35","date_gmt":"2025-11-14T05:37:35","guid":{"rendered":"https:\/\/mountlaser.com\/?post_type=product&#038;p=4419"},"modified":"2025-12-01T08:24:30","modified_gmt":"2025-12-01T08:24:30","slug":"f550-2a-collimator","status":"publish","type":"product","link":"https:\/\/mountlaser.com\/fr_fr\/produit\/f550-2a-collimator\/","title":{"rendered":"Collimateur F550-2A"},"content":{"rendered":"<p>Le <a href=\"https:\/\/mountlaser.com\/fr_fr\/\"><strong>Collimateur F550-2A<\/strong><\/a> est une haute pr\u00e9cision <a href=\"https:\/\/mountlaser.com\/fr_fr\/categorie-produit\/calibration-testing-instrument\/\"><strong>Collimateur laser<\/strong><\/a> Con\u00e7u pour les t\u00e2ches professionnelles d&#039;alignement et d&#039;\u00e9talonnage optiques, ce collimateur, dot\u00e9 d&#039;une structure robuste \u00e0 deux tubes optiques et d&#039;un ch\u00e2ssis au sol, garantit une stabilit\u00e9 et une pr\u00e9cision exceptionnelles lors des tests optiques. Destin\u00e9 aux laboratoires de m\u00e9trologie, aux sites de production et aux centres de maintenance d&#039;instruments, le collimateur laser offre les performances fiables attendues d&#039;un instrument professionnel.<\/p>\n<p>Le collimateur laser F550-2A est un outil polyvalent qui g\u00e9n\u00e8re des faisceaux parfaitement parall\u00e8les, permettant un \u00e9talonnage pr\u00e9cis des th\u00e9odolites, stations totales, niveaux optiques et autres instruments de mesure. Sa conception \u00e0 double tube optique offre une grande flexibilit\u00e9 d&#039;\u00e9talonnage, facilitant les alignements multi-angles et multi-axes. Sa configuration sur pied garantit des vibrations minimales et une constance de mesure optimale.<\/p>\n<p><img fetchpriority=\"high\" decoding=\"async\" class=\"aligncenter wp-image-4420\" src=\"https:\/\/mountlaser.com\/wp-content\/uploads\/2025\/11\/2-3-F550-2A_\u526f\u672c.webp\" alt=\"F550-2A Collimator\" width=\"500\" height=\"500\" srcset=\"https:\/\/mountlaser.com\/wp-content\/uploads\/2025\/11\/2-3-F550-2A_\u526f\u672c.webp 1000w, https:\/\/mountlaser.com\/wp-content\/uploads\/2025\/11\/2-3-F550-2A_\u526f\u672c-300x300.webp 300w, https:\/\/mountlaser.com\/wp-content\/uploads\/2025\/11\/2-3-F550-2A_\u526f\u672c-400x400.webp 400w, https:\/\/mountlaser.com\/wp-content\/uploads\/2025\/11\/2-3-F550-2A_\u526f\u672c-800x800.webp 800w, https:\/\/mountlaser.com\/wp-content\/uploads\/2025\/11\/2-3-F550-2A_\u526f\u672c-600x600.webp 600w, https:\/\/mountlaser.com\/wp-content\/uploads\/2025\/11\/2-3-F550-2A_\u526f\u672c-150x150.webp 150w, https:\/\/mountlaser.com\/wp-content\/uploads\/2025\/11\/2-3-F550-2A_\u526f\u672c-768x768.webp 768w, https:\/\/mountlaser.com\/wp-content\/uploads\/2025\/11\/2-3-F550-2A_\u526f\u672c-12x12.webp 12w\" sizes=\"(max-width: 500px) 100vw, 500px\" \/><\/p>\n<p>Gr\u00e2ce \u00e0 sa construction robuste et \u00e0 sa stabilit\u00e9 \u00e0 long terme, le <a href=\"https:\/\/mountlaser.com\/fr_fr\/contact-us\/\">Collimateur F550-2A<\/a> Ce collimateur laser est une solution essentielle pour garantir la pr\u00e9cision des instruments et am\u00e9liorer les processus de contr\u00f4le qualit\u00e9. Il est id\u00e9al pour les organisations exigeant des performances optiques fiables et des r\u00e9sultats d&#039;\u00e9talonnage reproductibles.<\/p>","protected":false},"excerpt":{"rendered":"<ul>\n<li>Produit des faisceaux laser parall\u00e8les pour un \u00e9talonnage optique de pr\u00e9cision<\/li>\n<li>La conception \u00e0 double tube optique permet un alignement multi-angle et multi-axes<\/li>\n<li>La conception au sol accro\u00eet la stabilit\u00e9 et r\u00e9duit les vibrations pendant les tests.<\/li>\n<li>Convient pour l&#039;\u00e9talonnage des stations totales, des th\u00e9odolites, des niveaux optiques et autres instruments de topographie.<\/li>\n<li>Am\u00e9liore la pr\u00e9cision, la fiabilit\u00e9 et l&#039;efficacit\u00e9 des flux de travail dans les applications de m\u00e9trologie et de tests optiques<\/li>\n<\/ul>","protected":false},"featured_media":4420,"comment_status":"open","ping_status":"closed","template":"","meta":[],"product_brand":[],"product_cat":[71,125],"product_tag":[],"class_list":{"0":"post-4419","1":"product","2":"type-product","3":"status-publish","4":"has-post-thumbnail","6":"product_cat-calibration-testing-instrument","7":"product_cat-collimator-instrument","9":"first","10":"instock","11":"shipping-taxable","12":"product-type-simple"},"_links":{"self":[{"href":"https:\/\/mountlaser.com\/fr_fr\/wp-json\/wp\/v2\/product\/4419","targetHints":{"allow":["GET"]}}],"collection":[{"href":"https:\/\/mountlaser.com\/fr_fr\/wp-json\/wp\/v2\/product"}],"about":[{"href":"https:\/\/mountlaser.com\/fr_fr\/wp-json\/wp\/v2\/types\/product"}],"replies":[{"embeddable":true,"href":"https:\/\/mountlaser.com\/fr_fr\/wp-json\/wp\/v2\/comments?post=4419"}],"wp:featuredmedia":[{"embeddable":true,"href":"https:\/\/mountlaser.com\/fr_fr\/wp-json\/wp\/v2\/media\/4420"}],"wp:attachment":[{"href":"https:\/\/mountlaser.com\/fr_fr\/wp-json\/wp\/v2\/media?parent=4419"}],"wp:term":[{"taxonomy":"product_brand","embeddable":true,"href":"https:\/\/mountlaser.com\/fr_fr\/wp-json\/wp\/v2\/product_brand?post=4419"},{"taxonomy":"product_cat","embeddable":true,"href":"https:\/\/mountlaser.com\/fr_fr\/wp-json\/wp\/v2\/product_cat?post=4419"},{"taxonomy":"product_tag","embeddable":true,"href":"https:\/\/mountlaser.com\/fr_fr\/wp-json\/wp\/v2\/product_tag?post=4419"}],"curies":[{"name":"wp","href":"https:\/\/api.w.org\/{rel}","templated":true}]}}