{"id":4417,"date":"2025-11-14T05:24:55","date_gmt":"2025-11-14T05:24:55","guid":{"rendered":"https:\/\/mountlaser.com\/?post_type=product&#038;p=4417"},"modified":"2025-12-01T08:41:30","modified_gmt":"2025-12-01T08:41:30","slug":"f550-3e-collimator","status":"publish","type":"product","link":"https:\/\/mountlaser.com\/fr_fr\/produit\/f550-3e-collimator\/","title":{"rendered":"Collimateur F550-3E"},"content":{"rendered":"<p>Le <a href=\"https:\/\/mountlaser.com\/fr_fr\/categorie-produit\/calibration-testing-instrument\/\"><strong>Collimateur F550-3E<\/strong><\/a> est un produit de conception pr\u00e9cise <a href=\"https:\/\/mountlaser.com\/fr_fr\/about-us\/\"><strong>collimateur de faisceau<\/strong><\/a> Syst\u00e8me con\u00e7u pour les t\u00e2ches d&#039;\u00e9talonnage et d&#039;alignement optiques de haute pr\u00e9cision. Dot\u00e9 d&#039;une structure robuste \u00e0 trois tubes optiques et d&#039;un format de bureau, ce collimateur offre des performances optiques stables et constantes pour les laboratoires, les sites de production et les applications de m\u00e9trologie exigeant une pr\u00e9cision exceptionnelle.<\/p>\n<p>Collimateur de faisceau professionnel, le F550-3E produit des faisceaux lumineux parall\u00e8les, garantissant ainsi des tests fiables d&#039;instruments optiques tels que les th\u00e9odolites, les stations totales et les \u00e9quipements de mesure laser. Sa conception \u00e0 triple tube optique offre une flexibilit\u00e9 accrue pour l&#039;\u00e9talonnage multi-angles, faisant du F550-3E une solution de choix pour les environnements de contr\u00f4le qualit\u00e9 et de tests optiques.<\/p>\n<p><img fetchpriority=\"high\" decoding=\"async\" class=\"aligncenter wp-image-4418\" src=\"https:\/\/mountlaser.com\/wp-content\/uploads\/2025\/11\/F550-3E.webp\" alt=\"F550-3E Collimator\" width=\"500\" height=\"500\" srcset=\"https:\/\/mountlaser.com\/wp-content\/uploads\/2025\/11\/F550-3E.webp 1000w, https:\/\/mountlaser.com\/wp-content\/uploads\/2025\/11\/F550-3E-300x300.webp 300w, https:\/\/mountlaser.com\/wp-content\/uploads\/2025\/11\/F550-3E-400x400.webp 400w, https:\/\/mountlaser.com\/wp-content\/uploads\/2025\/11\/F550-3E-800x800.webp 800w, https:\/\/mountlaser.com\/wp-content\/uploads\/2025\/11\/F550-3E-600x600.webp 600w, https:\/\/mountlaser.com\/wp-content\/uploads\/2025\/11\/F550-3E-150x150.webp 150w, https:\/\/mountlaser.com\/wp-content\/uploads\/2025\/11\/F550-3E-768x768.webp 768w, https:\/\/mountlaser.com\/wp-content\/uploads\/2025\/11\/F550-3E-12x12.webp 12w\" sizes=\"(max-width: 500px) 100vw, 500px\" \/><\/p>\n<p>Cet instrument de collimation avanc\u00e9 simplifie les proc\u00e9dures d&#039;alignement, accro\u00eet la pr\u00e9cision des mesures et garantit des performances durables avec un minimum de maintenance. Qu&#039;il soit utilis\u00e9 pour l&#039;\u00e9talonnage optique de routine ou le d\u00e9veloppement d&#039;instruments haut de gamme, <a href=\"https:\/\/mountlaser.com\/fr_fr\/contact-us\/\">collimateur de faisceau<\/a> Le syst\u00e8me garantit des r\u00e9sultats fiables et reproductibles.<\/p>","protected":false},"excerpt":{"rendered":"<ul>\n<li>G\u00e9n\u00e8re des faisceaux parall\u00e8les de haute pr\u00e9cision pour l&#039;\u00e9talonnage optique<\/li>\n<li>Permet un alignement multi-angle gr\u00e2ce \u00e0 trois tubes optiques ind\u00e9pendants<\/li>\n<li>Sa structure de type bureau assure la stabilit\u00e9 pendant la mesure<\/li>\n<li>Id\u00e9al pour tester les stations totales, les th\u00e9odolites et les appareils de mesure optiques.<\/li>\n<li>Am\u00e9liore la pr\u00e9cision et la coh\u00e9rence dans les environnements de laboratoire et de fabrication<\/li>\n<\/ul>","protected":false},"featured_media":4418,"comment_status":"open","ping_status":"closed","template":"","meta":[],"product_brand":[],"product_cat":[71,125],"product_tag":[],"class_list":{"0":"post-4417","1":"product","2":"type-product","3":"status-publish","4":"has-post-thumbnail","6":"product_cat-calibration-testing-instrument","7":"product_cat-collimator-instrument","9":"first","10":"instock","11":"shipping-taxable","12":"product-type-simple"},"_links":{"self":[{"href":"https:\/\/mountlaser.com\/fr_fr\/wp-json\/wp\/v2\/product\/4417","targetHints":{"allow":["GET"]}}],"collection":[{"href":"https:\/\/mountlaser.com\/fr_fr\/wp-json\/wp\/v2\/product"}],"about":[{"href":"https:\/\/mountlaser.com\/fr_fr\/wp-json\/wp\/v2\/types\/product"}],"replies":[{"embeddable":true,"href":"https:\/\/mountlaser.com\/fr_fr\/wp-json\/wp\/v2\/comments?post=4417"}],"wp:featuredmedia":[{"embeddable":true,"href":"https:\/\/mountlaser.com\/fr_fr\/wp-json\/wp\/v2\/media\/4418"}],"wp:attachment":[{"href":"https:\/\/mountlaser.com\/fr_fr\/wp-json\/wp\/v2\/media?parent=4417"}],"wp:term":[{"taxonomy":"product_brand","embeddable":true,"href":"https:\/\/mountlaser.com\/fr_fr\/wp-json\/wp\/v2\/product_brand?post=4417"},{"taxonomy":"product_cat","embeddable":true,"href":"https:\/\/mountlaser.com\/fr_fr\/wp-json\/wp\/v2\/product_cat?post=4417"},{"taxonomy":"product_tag","embeddable":true,"href":"https:\/\/mountlaser.com\/fr_fr\/wp-json\/wp\/v2\/product_tag?post=4417"}],"curies":[{"name":"wp","href":"https:\/\/api.w.org\/{rel}","templated":true}]}}