{"id":4414,"date":"2025-11-14T04:41:34","date_gmt":"2025-11-14T04:41:34","guid":{"rendered":"https:\/\/mountlaser.com\/?post_type=product&#038;p=4414"},"modified":"2025-12-01T08:55:39","modified_gmt":"2025-12-01T08:55:39","slug":"f550-2-collimator","status":"publish","type":"product","link":"https:\/\/mountlaser.com\/fr_fr\/produit\/f550-2-collimator\/","title":{"rendered":"Collimateur F550-2"},"content":{"rendered":"<p>Le <a href=\"https:\/\/mountlaser.com\/fr_fr\/\"><strong>Collimateur F550-2<\/strong><\/a> est un produit de conception pr\u00e9cise <a href=\"https:\/\/mountlaser.com\/fr_fr\/categorie-produit\/calibration-testing-instrument\/\"><strong>Collimateur optique<\/strong><\/a> Con\u00e7u pour l&#039;alignement, l&#039;\u00e9talonnage et le contr\u00f4le professionnels des instruments topographiques et optiques, le collimateur F550-2, dot\u00e9 d&#039;une configuration \u00e0 deux tubes optiques et d&#039;une conception de type bureau, offre une pr\u00e9cision sup\u00e9rieure et des performances constantes en laboratoire et lors de la maintenance d&#039;instruments.<\/p>\n<p>Collimateur optique haute performance, le F550-2 g\u00e9n\u00e8re des faisceaux lumineux parall\u00e8les stables simulant des cibles distantes, permettant aux techniciens de v\u00e9rifier la pr\u00e9cision de la ligne de vis\u00e9e, l&#039;alignement du r\u00e9ticule et la pr\u00e9cision de la mise au point des niveaux, th\u00e9odolites et stations totales. Sa structure \u00e0 double tube optique accro\u00eet la flexibilit\u00e9 d&#039;\u00e9talonnage et permet des tests de diagnostic plus complets, faisant du collimateur F550-2 un outil indispensable au contr\u00f4le qualit\u00e9 et \u00e0 la maintenance des \u00e9quipements.<\/p>\n<p><img fetchpriority=\"high\" decoding=\"async\" class=\"aligncenter wp-image-4415\" src=\"https:\/\/mountlaser.com\/wp-content\/uploads\/2025\/11\/F550-2.webp\" alt=\"F550-2 Collimator\" width=\"500\" height=\"500\" srcset=\"https:\/\/mountlaser.com\/wp-content\/uploads\/2025\/11\/F550-2.webp 1000w, https:\/\/mountlaser.com\/wp-content\/uploads\/2025\/11\/F550-2-300x300.webp 300w, https:\/\/mountlaser.com\/wp-content\/uploads\/2025\/11\/F550-2-400x400.webp 400w, https:\/\/mountlaser.com\/wp-content\/uploads\/2025\/11\/F550-2-800x800.webp 800w, https:\/\/mountlaser.com\/wp-content\/uploads\/2025\/11\/F550-2-600x600.webp 600w, https:\/\/mountlaser.com\/wp-content\/uploads\/2025\/11\/F550-2-150x150.webp 150w, https:\/\/mountlaser.com\/wp-content\/uploads\/2025\/11\/F550-2-768x768.webp 768w, https:\/\/mountlaser.com\/wp-content\/uploads\/2025\/11\/F550-2-12x12.webp 12w\" sizes=\"(max-width: 500px) 100vw, 500px\" \/><\/p>\n<p>Con\u00e7u pour une fiabilit\u00e9 \u00e0 long terme, ce <a href=\"https:\/\/mountlaser.com\/fr_fr\/contact-us\/\">Collimateur optique<\/a> Elle garantit une imagerie nette, une excellente stabilit\u00e9 et une distorsion minimale, offrant des r\u00e9sultats pr\u00e9cis et reproductibles pour les applications professionnelles exigeantes.<\/p>","protected":false},"excerpt":{"rendered":"<ul>\n<li>Les deux tubes optiques offrent des capacit\u00e9s d&#039;\u00e9talonnage et de test \u00e9tendues<\/li>\n<li>Simule des faisceaux parall\u00e8les pour un alignement pr\u00e9cis des instruments topographiques.<\/li>\n<li>Son format compact et stable, de type bureau, facilite son int\u00e9gration au poste de travail.<\/li>\n<li>Id\u00e9al pour v\u00e9rifier l&#039;alignement du r\u00e9ticule, la pr\u00e9cision de la ligne de vis\u00e9e et la pr\u00e9cision de la mise au point.<\/li>\n<li>Fonctionne comme collimateur optique professionnel pour les laboratoires et les centres de services.<\/li>\n<\/ul>","protected":false},"featured_media":4415,"comment_status":"open","ping_status":"closed","template":"","meta":[],"product_brand":[],"product_cat":[71,125],"product_tag":[],"class_list":{"0":"post-4414","1":"product","2":"type-product","3":"status-publish","4":"has-post-thumbnail","6":"product_cat-calibration-testing-instrument","7":"product_cat-collimator-instrument","9":"first","10":"instock","11":"shipping-taxable","12":"product-type-simple"},"_links":{"self":[{"href":"https:\/\/mountlaser.com\/fr_fr\/wp-json\/wp\/v2\/product\/4414","targetHints":{"allow":["GET"]}}],"collection":[{"href":"https:\/\/mountlaser.com\/fr_fr\/wp-json\/wp\/v2\/product"}],"about":[{"href":"https:\/\/mountlaser.com\/fr_fr\/wp-json\/wp\/v2\/types\/product"}],"replies":[{"embeddable":true,"href":"https:\/\/mountlaser.com\/fr_fr\/wp-json\/wp\/v2\/comments?post=4414"}],"wp:featuredmedia":[{"embeddable":true,"href":"https:\/\/mountlaser.com\/fr_fr\/wp-json\/wp\/v2\/media\/4415"}],"wp:attachment":[{"href":"https:\/\/mountlaser.com\/fr_fr\/wp-json\/wp\/v2\/media?parent=4414"}],"wp:term":[{"taxonomy":"product_brand","embeddable":true,"href":"https:\/\/mountlaser.com\/fr_fr\/wp-json\/wp\/v2\/product_brand?post=4414"},{"taxonomy":"product_cat","embeddable":true,"href":"https:\/\/mountlaser.com\/fr_fr\/wp-json\/wp\/v2\/product_cat?post=4414"},{"taxonomy":"product_tag","embeddable":true,"href":"https:\/\/mountlaser.com\/fr_fr\/wp-json\/wp\/v2\/product_tag?post=4414"}],"curies":[{"name":"wp","href":"https:\/\/api.w.org\/{rel}","templated":true}]}}