{"id":4407,"date":"2025-11-13T08:52:34","date_gmt":"2025-11-13T08:52:34","guid":{"rendered":"https:\/\/mountlaser.com\/?post_type=product&#038;p=4407"},"modified":"2025-11-27T05:45:06","modified_gmt":"2025-11-27T05:45:06","slug":"t65-claw-type-holder","status":"publish","type":"product","link":"https:\/\/mountlaser.com\/fr_fr\/produit\/t65-claw-type-holder\/","title":{"rendered":"Support \u00e0 griffes T65"},"content":{"rendered":"<p>Le <a href=\"https:\/\/mountlaser.com\/fr_fr\/\"><strong>Liaison \u00e0 rotule T65<\/strong><\/a> est un accessoire de connexion de pr\u00e9cision con\u00e7u pour s&#039;int\u00e9grer parfaitement avec <a href=\"https:\/\/mountlaser.com\/fr_fr\/products\/\"><strong>Colliers et supports de poteau \u00e0 rotule<\/strong><\/a> Utilis\u00e9 dans les installations topographiques professionnelles, ce composant assure une liaison flexible et s\u00e9curis\u00e9e permettant des r\u00e9glages d&#039;angle pr\u00e9cis et un positionnement ferme des appareils.<\/p>\n<p>Con\u00e7ue pour s&#039;adapter \u00e0 la rotule Ram Ball de 1 pouce sur le support de poteau et le berceau, la biellette \u00e0 rotule T65 assure une connexion robuste et stable entre les instruments et le mat\u00e9riel de montage, am\u00e9liorant ainsi la facilit\u00e9 d&#039;utilisation et la stabilit\u00e9 lors des interventions sur le terrain. Sa construction durable r\u00e9siste \u00e0 l&#039;usure et garantit des performances fiables m\u00eame dans des conditions ext\u00e9rieures difficiles.<\/p>\n<p><img fetchpriority=\"high\" decoding=\"async\" class=\"aligncenter wp-image-4410\" src=\"https:\/\/mountlaser.com\/wp-content\/uploads\/2025\/11\/T653.webp\" alt=\"T65 Ball and Socket Link\" width=\"500\" height=\"500\" srcset=\"https:\/\/mountlaser.com\/wp-content\/uploads\/2025\/11\/T653.webp 1000w, https:\/\/mountlaser.com\/wp-content\/uploads\/2025\/11\/T653-300x300.webp 300w, https:\/\/mountlaser.com\/wp-content\/uploads\/2025\/11\/T653-400x400.webp 400w, https:\/\/mountlaser.com\/wp-content\/uploads\/2025\/11\/T653-800x800.webp 800w, https:\/\/mountlaser.com\/wp-content\/uploads\/2025\/11\/T653-600x600.webp 600w, https:\/\/mountlaser.com\/wp-content\/uploads\/2025\/11\/T653-150x150.webp 150w, https:\/\/mountlaser.com\/wp-content\/uploads\/2025\/11\/T653-768x768.webp 768w, https:\/\/mountlaser.com\/wp-content\/uploads\/2025\/11\/T653-12x12.webp 12w\" sizes=\"(max-width: 500px) 100vw, 500px\" \/><\/p>\n<p>Lorsqu&#039;il est utilis\u00e9 avec des pinces et des supports de poteau \u00e0 rotule, le <a href=\"https:\/\/mountlaser.com\/fr_fr\/contact-us\/\">Liaison \u00e0 rotule T65<\/a> offre un contr\u00f4le et une flexibilit\u00e9 optimaux, permettant aux utilisateurs d&#039;ajuster rapidement les angles de vision et de maintenir une force de verrouillage s\u00fbre m\u00eame en cas de vibrations ou sur un terrain accident\u00e9.<\/p>","protected":false},"excerpt":{"rendered":"<ul>\n<li>Se connecte facilement \u00e0 la rotule Ram Ball de 1 pouce sur les pinces et les berceaux de poteau.<\/li>\n<li>Permet une articulation r\u00e9glable pour un positionnement pr\u00e9cis de l&#039;appareil.<\/li>\n<li>Assure la compatibilit\u00e9 avec les fixations et les supports de poteaux \u00e0 rotule.<\/li>\n<li>Un m\u00e9canisme de verrouillage robuste emp\u00eache tout glissement lors de l&#039;utilisation sur le terrain.<\/li>\n<li>Fabriqu\u00e9 \u00e0 partir de mat\u00e9riaux durables et r\u00e9sistants \u00e0 la corrosion pour une fiabilit\u00e9 \u00e0 long terme.<\/li>\n<\/ul>","protected":false},"featured_media":4409,"comment_status":"open","ping_status":"closed","template":"","meta":[],"product_brand":[],"product_cat":[84,123],"product_tag":[],"class_list":{"0":"post-4407","1":"product","2":"type-product","3":"status-publish","4":"has-post-thumbnail","6":"product_cat-gnss-accessory","7":"product_cat-claw-type-holder","9":"first","10":"instock","11":"shipping-taxable","12":"product-type-simple"},"_links":{"self":[{"href":"https:\/\/mountlaser.com\/fr_fr\/wp-json\/wp\/v2\/product\/4407","targetHints":{"allow":["GET"]}}],"collection":[{"href":"https:\/\/mountlaser.com\/fr_fr\/wp-json\/wp\/v2\/product"}],"about":[{"href":"https:\/\/mountlaser.com\/fr_fr\/wp-json\/wp\/v2\/types\/product"}],"replies":[{"embeddable":true,"href":"https:\/\/mountlaser.com\/fr_fr\/wp-json\/wp\/v2\/comments?post=4407"}],"wp:featuredmedia":[{"embeddable":true,"href":"https:\/\/mountlaser.com\/fr_fr\/wp-json\/wp\/v2\/media\/4409"}],"wp:attachment":[{"href":"https:\/\/mountlaser.com\/fr_fr\/wp-json\/wp\/v2\/media?parent=4407"}],"wp:term":[{"taxonomy":"product_brand","embeddable":true,"href":"https:\/\/mountlaser.com\/fr_fr\/wp-json\/wp\/v2\/product_brand?post=4407"},{"taxonomy":"product_cat","embeddable":true,"href":"https:\/\/mountlaser.com\/fr_fr\/wp-json\/wp\/v2\/product_cat?post=4407"},{"taxonomy":"product_tag","embeddable":true,"href":"https:\/\/mountlaser.com\/fr_fr\/wp-json\/wp\/v2\/product_tag?post=4407"}],"curies":[{"name":"wp","href":"https:\/\/api.w.org\/{rel}","templated":true}]}}