{"id":4379,"date":"2025-11-13T06:43:43","date_gmt":"2025-11-13T06:43:43","guid":{"rendered":"https:\/\/mountlaser.com\/?post_type=product&#038;p=4379"},"modified":"2025-11-27T07:19:41","modified_gmt":"2025-11-27T07:19:41","slug":"t80-series-claw-type-holder","status":"publish","type":"product","link":"https:\/\/mountlaser.com\/fr_fr\/produit\/t80-series-claw-type-holder\/","title":{"rendered":"Support \u00e0 griffes s\u00e9rie T80"},"content":{"rendered":"<p>La s\u00e9rie de supports \u00e0 griffes est con\u00e7ue pour offrir une solution professionnelle et fiable. <a href=\"https:\/\/mountlaser.com\/fr_fr\/\"><strong>Support pour t\u00e9l\u00e9phone portable<\/strong><\/a> Solution id\u00e9ale pour les g\u00e9om\u00e8tres, les ing\u00e9nieurs et les techniciens de terrain. Fabriqu\u00e9e avec des mat\u00e9riaux r\u00e9sistants et dot\u00e9e d&#039;une fixation r\u00e9glable et s\u00e9curis\u00e9e, elle garantit la stabilit\u00e9 et l&#039;accessibilit\u00e9 de votre t\u00e9l\u00e9phone lors de toutes vos interventions.<\/p>\n<p>Disponible en plusieurs mod\u00e8les, le T80S est compatible avec les appareils de 5,5 \u00e0 9,5 cm, le T80L convient aux t\u00e9l\u00e9phones plus grands mesurant de 11,5 \u00e0 14 cm, et la version T81 est un support r\u00e9glable sp\u00e9cialement con\u00e7u pour les iPhones d&#039;une largeur de 5,8 \u00e0 10 cm. Que ce soit pour la navigation, la collecte de donn\u00e9es ou la communication sur le terrain, le support pour t\u00e9l\u00e9phone portable offre une fixation robuste, polyvalente et facile \u00e0 r\u00e9gler.<\/p>\n<p>Le <a href=\"https:\/\/mountlaser.com\/fr_fr\/products\/\"><strong>Support r\u00e9glable pour iPhone<\/strong><\/a> Cette version offre une flexibilit\u00e9 accrue, permettant aux utilisateurs de positionner leurs appareils en toute s\u00e9curit\u00e9 sur des tr\u00e9pieds, des perches ou des v\u00e9hicules, sans risque de vibrations ni de glissement. Gr\u00e2ce \u00e0 sa compatibilit\u00e9 universelle, le support pour t\u00e9l\u00e9phone portable convient \u00e0 la plupart des smartphones, ce qui en fait un accessoire indispensable pour les op\u00e9rations de terrain modernes.<\/p>\n<p><strong>Sp\u00e9cifications du support \u00e0 griffes s\u00e9rie T80<\/strong><\/p>\n<div>\n<table style=\"border-collapse: collapse; width: 440.27pt;\" border=\"0\" width=\"587\" cellspacing=\"0\" cellpadding=\"0\">\n<tbody>\n<tr style=\"height: 14.25pt;\">\n<td class=\"et3\" style=\"height: 14.25pt; width: 54.00pt;\" width=\"72\" height=\"19\">Mod\u00e8le<\/td>\n<td class=\"et3\" style=\"width: 190.50pt;\" width=\"254\">Image<\/td>\n<td class=\"et4\" style=\"width: 195.75pt;\" width=\"261\">Param\u00e8tres<\/td>\n<\/tr>\n<tr style=\"height: 108.00pt;\">\n<td class=\"et5\" style=\"height: 108.00pt;\" height=\"144\">T80S<\/td>\n<td class=\"et3\"><img fetchpriority=\"high\" decoding=\"async\" class=\"alignnone wp-image-4389 size-medium\" src=\"https:\/\/mountlaser.com\/wp-content\/uploads\/2025\/11\/T80S1-300x300.webp\" alt=\"T80S Cell Phone Stand Holder\" width=\"300\" height=\"300\" srcset=\"https:\/\/mountlaser.com\/wp-content\/uploads\/2025\/11\/T80S1-300x300.webp 300w, https:\/\/mountlaser.com\/wp-content\/uploads\/2025\/11\/T80S1-400x400.webp 400w, https:\/\/mountlaser.com\/wp-content\/uploads\/2025\/11\/T80S1-800x800.webp 800w, https:\/\/mountlaser.com\/wp-content\/uploads\/2025\/11\/T80S1-600x600.webp 600w, https:\/\/mountlaser.com\/wp-content\/uploads\/2025\/11\/T80S1-150x150.webp 150w, https:\/\/mountlaser.com\/wp-content\/uploads\/2025\/11\/T80S1-768x768.webp 768w, https:\/\/mountlaser.com\/wp-content\/uploads\/2025\/11\/T80S1-12x12.webp 12w, https:\/\/mountlaser.com\/wp-content\/uploads\/2025\/11\/T80S1.webp 1000w\" sizes=\"(max-width: 300px) 100vw, 300px\" \/><\/td>\n<td class=\"et6\" style=\"width: 195.75pt;\" width=\"261\">5,5-9,5 cm<\/td>\n<\/tr>\n<tr style=\"height: 129.00pt;\">\n<td class=\"et5\" style=\"height: 129.00pt;\" height=\"172\">T80L<\/td>\n<td class=\"et7\"><img decoding=\"async\" class=\"alignnone wp-image-4383 size-medium\" src=\"https:\/\/mountlaser.com\/wp-content\/uploads\/2025\/11\/T80L4-300x300.webp\" alt=\"T80L Cell Phone Stand Holder\" width=\"300\" height=\"300\" srcset=\"https:\/\/mountlaser.com\/wp-content\/uploads\/2025\/11\/T80L4-300x300.webp 300w, https:\/\/mountlaser.com\/wp-content\/uploads\/2025\/11\/T80L4-400x400.webp 400w, https:\/\/mountlaser.com\/wp-content\/uploads\/2025\/11\/T80L4-800x800.webp 800w, https:\/\/mountlaser.com\/wp-content\/uploads\/2025\/11\/T80L4-600x600.webp 600w, https:\/\/mountlaser.com\/wp-content\/uploads\/2025\/11\/T80L4-150x150.webp 150w, https:\/\/mountlaser.com\/wp-content\/uploads\/2025\/11\/T80L4-768x768.webp 768w, https:\/\/mountlaser.com\/wp-content\/uploads\/2025\/11\/T80L4-12x12.webp 12w, https:\/\/mountlaser.com\/wp-content\/uploads\/2025\/11\/T80L4.webp 1000w\" sizes=\"(max-width: 300px) 100vw, 300px\" \/><\/td>\n<td class=\"et6\" style=\"width: 195.75pt;\" width=\"261\">11,5-14 cm<\/td>\n<\/tr>\n<tr style=\"height: 162.00pt;\">\n<td class=\"et5\" style=\"height: 162.00pt;\" height=\"216\">T81<\/td>\n<td class=\"et7\"><img decoding=\"async\" class=\"alignnone wp-image-4401 size-medium\" src=\"https:\/\/mountlaser.com\/wp-content\/uploads\/2025\/11\/T814-300x300.webp\" alt=\"T81 Cell Phone Stand Holder\" width=\"300\" height=\"300\" srcset=\"https:\/\/mountlaser.com\/wp-content\/uploads\/2025\/11\/T814-300x300.webp 300w, https:\/\/mountlaser.com\/wp-content\/uploads\/2025\/11\/T814-400x400.webp 400w, https:\/\/mountlaser.com\/wp-content\/uploads\/2025\/11\/T814-800x800.webp 800w, https:\/\/mountlaser.com\/wp-content\/uploads\/2025\/11\/T814-600x600.webp 600w, https:\/\/mountlaser.com\/wp-content\/uploads\/2025\/11\/T814-150x150.webp 150w, https:\/\/mountlaser.com\/wp-content\/uploads\/2025\/11\/T814-768x768.webp 768w, https:\/\/mountlaser.com\/wp-content\/uploads\/2025\/11\/T814-12x12.webp 12w, https:\/\/mountlaser.com\/wp-content\/uploads\/2025\/11\/T814.webp 1000w\" sizes=\"(max-width: 300px) 100vw, 300px\" \/><\/td>\n<td class=\"et6\" style=\"width: 195.75pt;\" width=\"261\">Pour smartphones de 5,8 \u00e0 10 cm<\/td>\n<\/tr>\n<\/tbody>\n<\/table>\n<\/div>\n<p>&nbsp;<\/p>","protected":false},"excerpt":{"rendered":"<ul>\n<li>Sa conception ajustable convient aux t\u00e9l\u00e9phones d&#039;une largeur de 5,5 cm \u00e0 14 cm.<\/li>\n<li>Mod\u00e8les : T80S (5,5\u20139,5 cm), T80L (11,5\u201314 cm), T81 (5,8\u201310 cm).<\/li>\n<li>Assure une prise en main s\u00fbre pour \u00e9viter que l&#039;appareil ne glisse ou ne s&#039;ab\u00eeme.<\/li>\n<li>Durable, l\u00e9ger et facile \u00e0 installer sur poteaux, supports ou tr\u00e9pieds.<\/li>\n<\/ul>","protected":false},"featured_media":4384,"comment_status":"open","ping_status":"closed","template":"","meta":[],"product_brand":[],"product_cat":[84,123],"product_tag":[],"class_list":{"0":"post-4379","1":"product","2":"type-product","3":"status-publish","4":"has-post-thumbnail","6":"product_cat-gnss-accessory","7":"product_cat-claw-type-holder","9":"first","10":"instock","11":"shipping-taxable","12":"product-type-simple"},"_links":{"self":[{"href":"https:\/\/mountlaser.com\/fr_fr\/wp-json\/wp\/v2\/product\/4379","targetHints":{"allow":["GET"]}}],"collection":[{"href":"https:\/\/mountlaser.com\/fr_fr\/wp-json\/wp\/v2\/product"}],"about":[{"href":"https:\/\/mountlaser.com\/fr_fr\/wp-json\/wp\/v2\/types\/product"}],"replies":[{"embeddable":true,"href":"https:\/\/mountlaser.com\/fr_fr\/wp-json\/wp\/v2\/comments?post=4379"}],"wp:featuredmedia":[{"embeddable":true,"href":"https:\/\/mountlaser.com\/fr_fr\/wp-json\/wp\/v2\/media\/4384"}],"wp:attachment":[{"href":"https:\/\/mountlaser.com\/fr_fr\/wp-json\/wp\/v2\/media?parent=4379"}],"wp:term":[{"taxonomy":"product_brand","embeddable":true,"href":"https:\/\/mountlaser.com\/fr_fr\/wp-json\/wp\/v2\/product_brand?post=4379"},{"taxonomy":"product_cat","embeddable":true,"href":"https:\/\/mountlaser.com\/fr_fr\/wp-json\/wp\/v2\/product_cat?post=4379"},{"taxonomy":"product_tag","embeddable":true,"href":"https:\/\/mountlaser.com\/fr_fr\/wp-json\/wp\/v2\/product_tag?post=4379"}],"curies":[{"name":"wp","href":"https:\/\/api.w.org\/{rel}","templated":true}]}}