{"id":430,"date":"2024-03-21T13:04:00","date_gmt":"2024-03-21T13:04:00","guid":{"rendered":"https:\/\/startersites.io\/blocksy\/pottery\/?post_type=product&#038;p=430"},"modified":"2025-12-01T05:55:46","modified_gmt":"2025-12-01T05:55:46","slug":"fg01n-fixed-tribrach-adapter-5-8-11-thread","status":"publish","type":"product","link":"https:\/\/mountlaser.com\/fr_fr\/produit\/fg01n-fixed-tribrach-adapter-5-8-11-thread\/","title":{"rendered":"Adaptateur d&#039;embase fixe FG01N, filetage 5\/8\u2033-11"},"content":{"rendered":"<p>Le FG01N de Mount Laser est un produit haut de gamme.<a href=\"https:\/\/mountlaser.com\/fr_fr\/\"><strong> Adaptateur Tribrach 5\/8\u00d711<\/strong><\/a> Con\u00e7u pour les g\u00e9om\u00e8tres exigeant une durabilit\u00e9 maximale.<\/p>\n<p>Contrairement aux mod\u00e8les standard en aluminium, cet adaptateur robuste est fabriqu\u00e9 \u00e0 partir de <a href=\"https:\/\/mountlaser.com\/fr_fr\/about-us\/\">acier inoxydable<\/a>, Ce syst\u00e8me lui conf\u00e8re une robustesse et une r\u00e9sistance \u00e0 la corrosion exceptionnelles, id\u00e9ales pour les chantiers les plus exigeants. Cet adaptateur Tribrach est dot\u00e9 d&#039;un filetage universel 5\/8\u2033-11, garantissant une connexion parfaite et fiable avec tous les tr\u00e9pieds de topographie standard.<\/p>\n<p><img fetchpriority=\"high\" decoding=\"async\" class=\"aligncenter wp-image-2072\" src=\"https:\/\/mountlaser.com\/wp-content\/uploads\/2024\/03\/12.webp\" alt=\"5\/8x11 Tribrach Adapter\" width=\"500\" height=\"500\" srcset=\"https:\/\/mountlaser.com\/wp-content\/uploads\/2024\/03\/12.webp 1000w, https:\/\/mountlaser.com\/wp-content\/uploads\/2024\/03\/12-300x300.webp 300w, https:\/\/mountlaser.com\/wp-content\/uploads\/2024\/03\/12-400x400.webp 400w, https:\/\/mountlaser.com\/wp-content\/uploads\/2024\/03\/12-800x800.webp 800w, https:\/\/mountlaser.com\/wp-content\/uploads\/2024\/03\/12-600x600.webp 600w, https:\/\/mountlaser.com\/wp-content\/uploads\/2024\/03\/12-150x150.webp 150w, https:\/\/mountlaser.com\/wp-content\/uploads\/2024\/03\/12-768x768.webp 768w, https:\/\/mountlaser.com\/wp-content\/uploads\/2024\/03\/12-12x12.webp 12w\" sizes=\"(max-width: 500px) 100vw, 500px\" \/><\/p>\n<p>La base massive de 80 mm de diam\u00e8tre ext\u00e9rieur assure une stabilit\u00e9 \u00e0 toute \u00e9preuve \u00e0 votre GPS et autres instruments de pr\u00e9cision. Pour un adaptateur Tribrach 5\/8\u00d711 robuste, capable de r\u00e9sister aux conditions environnementales les plus difficiles, <a href=\"https:\/\/mountlaser.com\/fr_fr\/categorie-produit\/surveying-accessory\/\"><strong>Adaptateur d&#039;embase fixe FG01N, filetage 5\/8\u2033-11<\/strong><\/a> est le choix sup\u00e9rieur et durable.<\/p>","protected":false},"excerpt":{"rendered":"<ul>\n<li>Le support laser FG01N se distingue comme un adaptateur Tribrach 5\/8\u00d711 robuste, fabriqu\u00e9 en acier inoxydable r\u00e9sistant.<\/li>\n<li>Elle offre une durabilit\u00e9 et une fiabilit\u00e9 \u00e0 long terme in\u00e9gal\u00e9es<\/li>\n<li>Ce qui en fait l&#039;adaptateur permanent id\u00e9al pour les professionnels travaillant dans des conditions difficiles o\u00f9 la long\u00e9vit\u00e9 du mat\u00e9riel est primordiale.<\/li>\n<\/ul>","protected":false},"featured_media":2069,"comment_status":"open","ping_status":"closed","template":"","meta":[],"product_brand":[],"product_cat":[79,96],"product_tag":[],"class_list":{"0":"post-430","1":"product","2":"type-product","3":"status-publish","4":"has-post-thumbnail","6":"product_cat-surveying-accessory","7":"product_cat-fixed-tribrach-adapter-5-8-11-thread","9":"first","10":"instock","11":"shipping-taxable","12":"product-type-simple"},"_links":{"self":[{"href":"https:\/\/mountlaser.com\/fr_fr\/wp-json\/wp\/v2\/product\/430","targetHints":{"allow":["GET"]}}],"collection":[{"href":"https:\/\/mountlaser.com\/fr_fr\/wp-json\/wp\/v2\/product"}],"about":[{"href":"https:\/\/mountlaser.com\/fr_fr\/wp-json\/wp\/v2\/types\/product"}],"replies":[{"embeddable":true,"href":"https:\/\/mountlaser.com\/fr_fr\/wp-json\/wp\/v2\/comments?post=430"}],"wp:featuredmedia":[{"embeddable":true,"href":"https:\/\/mountlaser.com\/fr_fr\/wp-json\/wp\/v2\/media\/2069"}],"wp:attachment":[{"href":"https:\/\/mountlaser.com\/fr_fr\/wp-json\/wp\/v2\/media?parent=430"}],"wp:term":[{"taxonomy":"product_brand","embeddable":true,"href":"https:\/\/mountlaser.com\/fr_fr\/wp-json\/wp\/v2\/product_brand?post=430"},{"taxonomy":"product_cat","embeddable":true,"href":"https:\/\/mountlaser.com\/fr_fr\/wp-json\/wp\/v2\/product_cat?post=430"},{"taxonomy":"product_tag","embeddable":true,"href":"https:\/\/mountlaser.com\/fr_fr\/wp-json\/wp\/v2\/product_tag?post=430"}],"curies":[{"name":"wp","href":"https:\/\/api.w.org\/{rel}","templated":true}]}}