{"id":423,"date":"2024-03-21T12:29:11","date_gmt":"2024-03-21T12:29:11","guid":{"rendered":"https:\/\/startersites.io\/blocksy\/pottery\/?post_type=product&#038;p=423"},"modified":"2025-12-01T06:21:12","modified_gmt":"2025-12-01T06:21:12","slug":"fg01t-rotation-tribrach-adapter","status":"publish","type":"product","link":"https:\/\/mountlaser.com\/fr_fr\/produit\/fg01t-rotation-tribrach-adapter\/","title":{"rendered":"Adaptateur d&#039;embase rotative FG01T"},"content":{"rendered":"<p>Le <a href=\"https:\/\/mountlaser.com\/fr_fr\/\"><strong>Adaptateur d&#039;embase rotative FG01T<\/strong><\/a> L&#039;adaptateur Tribrach r\u00e9glable de Mount Laser est con\u00e7u avec pr\u00e9cision pour am\u00e9liorer consid\u00e9rablement l&#039;efficacit\u00e9 du flux de travail des professionnels de la topographie.<\/p>\n<p>Cet outil innovant est un v\u00e9ritable tr\u00e9pied \u00e0 360\u00b0, permettant une rotation horizontale fluide et compl\u00e8te. Cette caract\u00e9ristique permet un alignement rapide et pr\u00e9cis de votre GPS ou station totale sans avoir \u00e0 repositionner le tr\u00e9pied. Fabriqu\u00e9 avec un filetage en cuivre durable de 5\/8\u2033-11 et une base stable de 80 mm de diam\u00e8tre ext\u00e9rieur, cet adaptateur de tr\u00e9pied r\u00e9glable robuste garantit une performance durable et une stabilit\u00e9 fiable.<\/p>\n<p>&nbsp;<\/p>\n<p><img fetchpriority=\"high\" decoding=\"async\" class=\"wp-image-2098 aligncenter\" src=\"https:\/\/mountlaser.com\/wp-content\/uploads\/2024\/03\/1FG01T-3.webp\" alt=\"Adjustable Tribrach Adapter\" width=\"500\" height=\"500\" srcset=\"https:\/\/mountlaser.com\/wp-content\/uploads\/2024\/03\/1FG01T-3.webp 1000w, https:\/\/mountlaser.com\/wp-content\/uploads\/2024\/03\/1FG01T-3-300x300.webp 300w, https:\/\/mountlaser.com\/wp-content\/uploads\/2024\/03\/1FG01T-3-400x400.webp 400w, https:\/\/mountlaser.com\/wp-content\/uploads\/2024\/03\/1FG01T-3-800x800.webp 800w, https:\/\/mountlaser.com\/wp-content\/uploads\/2024\/03\/1FG01T-3-600x600.webp 600w, https:\/\/mountlaser.com\/wp-content\/uploads\/2024\/03\/1FG01T-3-150x150.webp 150w, https:\/\/mountlaser.com\/wp-content\/uploads\/2024\/03\/1FG01T-3-768x768.webp 768w, https:\/\/mountlaser.com\/wp-content\/uploads\/2024\/03\/1FG01T-3-12x12.webp 12w\" sizes=\"(max-width: 500px) 100vw, 500px\" \/><\/p>\n<p>Le FG01T est le tribrach 360\u00b0 id\u00e9al pour les t\u00e2ches n\u00e9cessitant de multiples mesures \u00e0 partir d&#039;une seule configuration, ce qui le rend polyvalent. <a href=\"https:\/\/mountlaser.com\/fr_fr\/categorie-produit\/surveying-accessory\/\"><strong>Adaptateur Tribrach r\u00e9glable<\/strong><\/a> un atout indispensable pour tout projet de construction ou de lev\u00e9 topographique.<\/p>","protected":false},"excerpt":{"rendered":"<ul>\n<li>Fonctionne comme un tribrach \u00e0 360 degr\u00e9s, offrant une rotation horizontale fluide et sans restriction pour un positionnement optimal des instruments.<\/li>\n<li>Stabilit\u00e9 accrue : La base solide de 80 mm de diam\u00e8tre ext\u00e9rieur offre une base ferme, minimisant les vibrations et assurant la pr\u00e9cision des mesures.<\/li>\n<li>Ing\u00e9nierie de pr\u00e9cision\u00a0: Fabriqu\u00e9 selon des normes rigoureuses pour garantir des performances constantes et fiables dans toutes les conditions sur le terrain.<\/li>\n<\/ul>","protected":false},"featured_media":2098,"comment_status":"open","ping_status":"closed","template":"","meta":[],"product_brand":[],"product_cat":[97,79],"product_tag":[],"class_list":{"0":"post-423","1":"product","2":"type-product","3":"status-publish","4":"has-post-thumbnail","6":"product_cat-rotation-tribrach-adapter","7":"product_cat-surveying-accessory","9":"first","10":"instock","11":"shipping-taxable","12":"product-type-simple"},"_links":{"self":[{"href":"https:\/\/mountlaser.com\/fr_fr\/wp-json\/wp\/v2\/product\/423","targetHints":{"allow":["GET"]}}],"collection":[{"href":"https:\/\/mountlaser.com\/fr_fr\/wp-json\/wp\/v2\/product"}],"about":[{"href":"https:\/\/mountlaser.com\/fr_fr\/wp-json\/wp\/v2\/types\/product"}],"replies":[{"embeddable":true,"href":"https:\/\/mountlaser.com\/fr_fr\/wp-json\/wp\/v2\/comments?post=423"}],"wp:featuredmedia":[{"embeddable":true,"href":"https:\/\/mountlaser.com\/fr_fr\/wp-json\/wp\/v2\/media\/2098"}],"wp:attachment":[{"href":"https:\/\/mountlaser.com\/fr_fr\/wp-json\/wp\/v2\/media?parent=423"}],"wp:term":[{"taxonomy":"product_brand","embeddable":true,"href":"https:\/\/mountlaser.com\/fr_fr\/wp-json\/wp\/v2\/product_brand?post=423"},{"taxonomy":"product_cat","embeddable":true,"href":"https:\/\/mountlaser.com\/fr_fr\/wp-json\/wp\/v2\/product_cat?post=423"},{"taxonomy":"product_tag","embeddable":true,"href":"https:\/\/mountlaser.com\/fr_fr\/wp-json\/wp\/v2\/product_tag?post=423"}],"curies":[{"name":"wp","href":"https:\/\/api.w.org\/{rel}","templated":true}]}}