{"id":421,"date":"2024-03-21T12:26:17","date_gmt":"2024-03-21T12:26:17","guid":{"rendered":"https:\/\/startersites.io\/blocksy\/pottery\/?post_type=product&#038;p=421"},"modified":"2025-12-01T06:24:52","modified_gmt":"2025-12-01T06:24:52","slug":"fg01ha-rotation-tribrach-adapter","status":"publish","type":"product","link":"https:\/\/mountlaser.com\/fr_fr\/produit\/fg01ha-rotation-tribrach-adapter\/","title":{"rendered":"Adaptateur d&#039;embase rotative FG01HA"},"content":{"rendered":"<p>Lorsque vous avez besoin d&#039;acheter un adaptateur tribrach rotatif offrant une pr\u00e9cision pour un \u00e9quipement sp\u00e9cifique, <a href=\"https:\/\/mountlaser.com\/fr_fr\/categorie-produit\/surveying-accessory\/\">Monter le laser <strong>FG01HA<\/strong><\/a> est un choix exceptionnel. Con\u00e7u avec un filetage unique en cuivre 3\/8\u2033-16, ce mod\u00e8le est m\u00e9ticuleusement pens\u00e9 pour \u00eatre compatible avec une large gamme d&#039;instruments sp\u00e9cialis\u00e9s.<\/p>\n<p><img fetchpriority=\"high\" decoding=\"async\" class=\"wp-image-2096 aligncenter\" src=\"https:\/\/mountlaser.com\/wp-content\/uploads\/2024\/03\/1FG01T-1.webp\" alt=\"Best rotating tribrach for surveying\" width=\"500\" height=\"500\" srcset=\"https:\/\/mountlaser.com\/wp-content\/uploads\/2024\/03\/1FG01T-1.webp 1000w, https:\/\/mountlaser.com\/wp-content\/uploads\/2024\/03\/1FG01T-1-300x300.webp 300w, https:\/\/mountlaser.com\/wp-content\/uploads\/2024\/03\/1FG01T-1-400x400.webp 400w, https:\/\/mountlaser.com\/wp-content\/uploads\/2024\/03\/1FG01T-1-800x800.webp 800w, https:\/\/mountlaser.com\/wp-content\/uploads\/2024\/03\/1FG01T-1-600x600.webp 600w, https:\/\/mountlaser.com\/wp-content\/uploads\/2024\/03\/1FG01T-1-150x150.webp 150w, https:\/\/mountlaser.com\/wp-content\/uploads\/2024\/03\/1FG01T-1-768x768.webp 768w, https:\/\/mountlaser.com\/wp-content\/uploads\/2024\/03\/1FG01T-1-12x12.webp 12w\" sizes=\"(max-width: 500px) 100vw, 500px\" \/><br \/>\nDe nombreux professionnels le consid\u00e8rent comme le <a href=\"https:\/\/mountlaser.com\/fr_fr\/contact-us\/\"><strong>Meilleure tribrach rotative pour les lev\u00e9s topographiques<\/strong><\/a> applications n\u00e9cessitant ce standard de filetage, gr\u00e2ce \u00e0 sa rotation fluide \u00e0 360 degr\u00e9s et \u00e0 sa base robuste de 80 mm de diam\u00e8tre ext\u00e9rieur.<br \/>\nSa construction robuste garantit une fiabilit\u00e9 \u00e0 long terme, ce qui en fait un choix judicieux pour l&#039;achat d&#039;un adaptateur tribrach rotatif destin\u00e9 \u00e0 une utilisation fr\u00e9quente sur le terrain. Si votre priorit\u00e9 est une pr\u00e9cision sans faille avec un \u00e9quipement 3\/8\u2033-16, le FG01HA confirme sa r\u00e9putation de meilleur tribrach rotatif pour la topographie dans sa cat\u00e9gorie.<\/p>","protected":false},"excerpt":{"rendered":"<ul>\n<li>Compatibilit\u00e9 sp\u00e9cifique du filetage : \u00c9quip\u00e9 d&#039;un filetage en cuivre durable 3\/8\u2033-16 (FG01HA)<\/li>\n<li>con\u00e7u pour les instruments n\u00e9cessitant ce type de connexion.<\/li>\n<li>Socle stable de 80 mm de diam\u00e8tre ext\u00e9rieur : offre une base solide et r\u00e9sistante aux vibrations pour des mesures pr\u00e9cises.<\/li>\n<\/ul>","protected":false},"featured_media":2097,"comment_status":"open","ping_status":"closed","template":"","meta":[],"product_brand":[],"product_cat":[97,79],"product_tag":[],"class_list":{"0":"post-421","1":"product","2":"type-product","3":"status-publish","4":"has-post-thumbnail","6":"product_cat-rotation-tribrach-adapter","7":"product_cat-surveying-accessory","9":"first","10":"instock","11":"shipping-taxable","12":"product-type-simple"},"_links":{"self":[{"href":"https:\/\/mountlaser.com\/fr_fr\/wp-json\/wp\/v2\/product\/421","targetHints":{"allow":["GET"]}}],"collection":[{"href":"https:\/\/mountlaser.com\/fr_fr\/wp-json\/wp\/v2\/product"}],"about":[{"href":"https:\/\/mountlaser.com\/fr_fr\/wp-json\/wp\/v2\/types\/product"}],"replies":[{"embeddable":true,"href":"https:\/\/mountlaser.com\/fr_fr\/wp-json\/wp\/v2\/comments?post=421"}],"wp:featuredmedia":[{"embeddable":true,"href":"https:\/\/mountlaser.com\/fr_fr\/wp-json\/wp\/v2\/media\/2097"}],"wp:attachment":[{"href":"https:\/\/mountlaser.com\/fr_fr\/wp-json\/wp\/v2\/media?parent=421"}],"wp:term":[{"taxonomy":"product_brand","embeddable":true,"href":"https:\/\/mountlaser.com\/fr_fr\/wp-json\/wp\/v2\/product_brand?post=421"},{"taxonomy":"product_cat","embeddable":true,"href":"https:\/\/mountlaser.com\/fr_fr\/wp-json\/wp\/v2\/product_cat?post=421"},{"taxonomy":"product_tag","embeddable":true,"href":"https:\/\/mountlaser.com\/fr_fr\/wp-json\/wp\/v2\/product_tag?post=421"}],"curies":[{"name":"wp","href":"https:\/\/api.w.org\/{rel}","templated":true}]}}