{"id":419,"date":"2024-03-21T12:25:10","date_gmt":"2024-03-21T12:25:10","guid":{"rendered":"https:\/\/startersites.io\/blocksy\/pottery\/?post_type=product&#038;p=419"},"modified":"2025-12-01T06:35:15","modified_gmt":"2025-12-01T06:35:15","slug":"fdc01-japanese-style-tribrach-carrier","status":"publish","type":"product","link":"https:\/\/mountlaser.com\/fr_fr\/produit\/fdc01-japanese-style-tribrach-carrier\/","title":{"rendered":"Porte-bagages tribrach de style japonais FDC01"},"content":{"rendered":"<p>Le <a href=\"https:\/\/mountlaser.com\/fr_fr\/\"><strong>Porte-bagages tribrach de style japonais FDC01<\/strong> <\/a>Le syst\u00e8me Mount Laser est con\u00e7u pour les g\u00e9om\u00e8tres qui privil\u00e9gient l&#039;efficacit\u00e9 et la portabilit\u00e9.<\/p>\n<p>Ce porte-engins tribrach l\u00e9ger et innovant est con\u00e7u pour un d\u00e9ploiement rapide, r\u00e9duisant consid\u00e9rablement le temps d&#039;installation sur le chantier. Un \u00e9l\u00e9ment essentiel par excellence <a href=\"https:\/\/mountlaser.com\/fr_fr\/categorie-produit\/surveying-accessory\/\">Porte-bagages Tribrach de style japonais<\/a>, il pr\u00e9sente un design minimaliste sans plomb optique, ax\u00e9 sur un montage rapide pour les \u00e9quipements GPS gr\u00e2ce \u00e0 son filetage int\u00e9gr\u00e9 5\/8\u2033-11.<\/p>\n<p>&nbsp;<\/p>\n<p><img fetchpriority=\"high\" decoding=\"async\" class=\"wp-image-2106 aligncenter\" src=\"https:\/\/mountlaser.com\/wp-content\/uploads\/2025\/09\/10.webp\" alt=\"Lightweight Tribrach Carrier\" width=\"500\" height=\"500\" srcset=\"https:\/\/mountlaser.com\/wp-content\/uploads\/2025\/09\/10.webp 1000w, https:\/\/mountlaser.com\/wp-content\/uploads\/2025\/09\/10-300x300.webp 300w, https:\/\/mountlaser.com\/wp-content\/uploads\/2025\/09\/10-400x400.webp 400w, https:\/\/mountlaser.com\/wp-content\/uploads\/2025\/09\/10-800x800.webp 800w, https:\/\/mountlaser.com\/wp-content\/uploads\/2025\/09\/10-600x600.webp 600w, https:\/\/mountlaser.com\/wp-content\/uploads\/2025\/09\/10-150x150.webp 150w, https:\/\/mountlaser.com\/wp-content\/uploads\/2025\/09\/10-768x768.webp 768w, https:\/\/mountlaser.com\/wp-content\/uploads\/2025\/09\/10-12x12.webp 12w\" sizes=\"(max-width: 500px) 100vw, 500px\" \/><\/p>\n<p>Disponible en jaune, gris ou noir, ce produit est tr\u00e8s visible et durable. <a href=\"https:\/\/mountlaser.com\/fr_fr\/contact-us\/\"><strong>Porte-bagages l\u00e9ger Tribrach<\/strong><\/a> Le chariot tribrach, de conception japonaise, est le choix id\u00e9al pour les lev\u00e9s topographiques en terrain d\u00e9gag\u00e9. Pratique, il offre un \u00e9quilibre parfait entre fonctionnalit\u00e9 et rapidit\u00e9, ce qui en fait un outil indispensable pour les \u00e9quipes de topographes modernes.<\/p>","protected":false},"excerpt":{"rendered":"<ul>\n<li>L\u00e9ger et portable : con\u00e7u pour un transport et une manipulation faciles, r\u00e9duisant la fatigue de l&#039;utilisateur lors des longues journ\u00e9es de travail.<\/li>\n<li>D\u00e9ploiement rapide\u00a0: La conception de style japonais permet une fixation et un d\u00e9tachement rapides des tr\u00e9pieds, am\u00e9liorant ainsi l\u2019efficacit\u00e9 du flux de travail.<\/li>\n<\/ul>","protected":false},"featured_media":2103,"comment_status":"open","ping_status":"closed","template":"","meta":[],"product_brand":[],"product_cat":[79,98],"product_tag":[],"class_list":{"0":"post-419","1":"product","2":"type-product","3":"status-publish","4":"has-post-thumbnail","6":"product_cat-surveying-accessory","7":"product_cat-japanese-style-tribrach-carrier","9":"first","10":"instock","11":"shipping-taxable","12":"product-type-simple"},"_links":{"self":[{"href":"https:\/\/mountlaser.com\/fr_fr\/wp-json\/wp\/v2\/product\/419","targetHints":{"allow":["GET"]}}],"collection":[{"href":"https:\/\/mountlaser.com\/fr_fr\/wp-json\/wp\/v2\/product"}],"about":[{"href":"https:\/\/mountlaser.com\/fr_fr\/wp-json\/wp\/v2\/types\/product"}],"replies":[{"embeddable":true,"href":"https:\/\/mountlaser.com\/fr_fr\/wp-json\/wp\/v2\/comments?post=419"}],"wp:featuredmedia":[{"embeddable":true,"href":"https:\/\/mountlaser.com\/fr_fr\/wp-json\/wp\/v2\/media\/2103"}],"wp:attachment":[{"href":"https:\/\/mountlaser.com\/fr_fr\/wp-json\/wp\/v2\/media?parent=419"}],"wp:term":[{"taxonomy":"product_brand","embeddable":true,"href":"https:\/\/mountlaser.com\/fr_fr\/wp-json\/wp\/v2\/product_brand?post=419"},{"taxonomy":"product_cat","embeddable":true,"href":"https:\/\/mountlaser.com\/fr_fr\/wp-json\/wp\/v2\/product_cat?post=419"},{"taxonomy":"product_tag","embeddable":true,"href":"https:\/\/mountlaser.com\/fr_fr\/wp-json\/wp\/v2\/product_tag?post=419"}],"curies":[{"name":"wp","href":"https:\/\/api.w.org\/{rel}","templated":true}]}}