{"id":4186,"date":"2025-11-13T02:14:48","date_gmt":"2025-11-13T02:14:48","guid":{"rendered":"https:\/\/mountlaser.com\/?post_type=product&#038;p=4186"},"modified":"2025-11-27T07:24:06","modified_gmt":"2025-11-27T07:24:06","slug":"tc-6-claw-type-holder","status":"publish","type":"product","link":"https:\/\/mountlaser.com\/fr_fr\/produit\/tc-6-claw-type-holder\/","title":{"rendered":"Support \u00e0 griffes TC-6"},"content":{"rendered":"<p>La s\u00e9rie de supports \u00e0 griffes offre une solution professionnelle et durable. <a href=\"https:\/\/mountlaser.com\/fr_fr\/\"><strong>Support de t\u00e9l\u00e9phone r\u00e9glable<\/strong><\/a> Solution con\u00e7ue pour les mesures de pr\u00e9cision et les travaux de terrain. Compatibles avec une large gamme de collecteurs de donn\u00e9es et d&#039;appareils mobiles, ces supports garantissent la stabilit\u00e9, l&#039;accessibilit\u00e9 et la s\u00e9curit\u00e9 de votre \u00e9quipement tout au long de vos op\u00e9rations de lev\u00e9.<\/p>\n<p>Le<a href=\"https:\/\/mountlaser.com\/fr_fr\/products\/\"><strong> Support r\u00e9glable TC-6<\/strong><\/a> est con\u00e7u pour des appareils tels que Recon, Archer et Getac535, avec une plage de largeur r\u00e9glable de 92 \u00e0 72 mm et une hauteur de 30 mm, ce qui en fait un support de t\u00e9l\u00e9phone r\u00e9glable polyvalent pour les contr\u00f4leurs de terrain compacts.<br \/>\nLe support r\u00e9glable TC-7 convient aux mod\u00e8les CEO, CE, XT, XM et TSCE, offrant une plage de largeur de 95 \u00e0 75 mm et une hauteur de 47 mm.<br \/>\nPour les appareils plus grands, le support r\u00e9glable TC-10 prend en charge les mod\u00e8les Geo 6000 avec une largeur de 110 \u00e0 95 mm et une hauteur de 47 mm, offrant le montage le plus robuste pour une utilisation intensive.<\/p>\n<p>Chaque support r\u00e9glable TC-6 et ses homologues sont con\u00e7us avec pr\u00e9cision pour offrir des performances fiables et une adaptabilit\u00e9 \u00e0 diff\u00e9rents types d&#039;\u00e9quipements, ce qui en fait les solutions de support de t\u00e9l\u00e9phone r\u00e9glable incontournables pour les professionnels modernes des lev\u00e9s topographiques.<\/p>\n<p><strong><a href=\"https:\/\/mountlaser.com\/fr_fr\/contact-us\/\">Support \u00e0 griffes TC-6<\/a> Caract\u00e9ristiques<\/strong><\/p>\n<table width=\"587\">\n<tbody>\n<tr>\n<td width=\"72\">Mod\u00e8le<\/td>\n<td width=\"254\">Image<\/td>\n<td width=\"261\">Param\u00e8tres<\/td>\n<\/tr>\n<tr>\n<td>TC-6<\/td>\n<td><img fetchpriority=\"high\" decoding=\"async\" class=\"alignnone wp-image-4188 size-medium\" src=\"https:\/\/mountlaser.com\/wp-content\/uploads\/2025\/11\/TC-62-300x300.webp\" alt=\"TC-6 adjustable phone holder\" width=\"300\" height=\"300\" srcset=\"https:\/\/mountlaser.com\/wp-content\/uploads\/2025\/11\/TC-62-300x300.webp 300w, https:\/\/mountlaser.com\/wp-content\/uploads\/2025\/11\/TC-62-400x400.webp 400w, https:\/\/mountlaser.com\/wp-content\/uploads\/2025\/11\/TC-62-800x800.webp 800w, https:\/\/mountlaser.com\/wp-content\/uploads\/2025\/11\/TC-62-600x600.webp 600w, https:\/\/mountlaser.com\/wp-content\/uploads\/2025\/11\/TC-62-150x150.webp 150w, https:\/\/mountlaser.com\/wp-content\/uploads\/2025\/11\/TC-62-768x768.webp 768w, https:\/\/mountlaser.com\/wp-content\/uploads\/2025\/11\/TC-62-12x12.webp 12w, https:\/\/mountlaser.com\/wp-content\/uploads\/2025\/11\/TC-62.webp 1000w\" sizes=\"(max-width: 300px) 100vw, 300px\" \/><\/td>\n<td width=\"261\">Reconnaissance, Archer, Getac535<br \/>\nLargeur : 92-72 mm Hauteur : 30 mm<\/td>\n<\/tr>\n<tr>\n<td>TC-7<\/td>\n<td><img decoding=\"async\" class=\"alignnone wp-image-4199 size-medium\" src=\"https:\/\/mountlaser.com\/wp-content\/uploads\/2025\/11\/TC-74-300x300.webp\" alt=\"TC-7 adjustable phone holder\" width=\"300\" height=\"300\" srcset=\"https:\/\/mountlaser.com\/wp-content\/uploads\/2025\/11\/TC-74-300x300.webp 300w, https:\/\/mountlaser.com\/wp-content\/uploads\/2025\/11\/TC-74-400x400.webp 400w, https:\/\/mountlaser.com\/wp-content\/uploads\/2025\/11\/TC-74-800x800.webp 800w, https:\/\/mountlaser.com\/wp-content\/uploads\/2025\/11\/TC-74-600x600.webp 600w, https:\/\/mountlaser.com\/wp-content\/uploads\/2025\/11\/TC-74-150x150.webp 150w, https:\/\/mountlaser.com\/wp-content\/uploads\/2025\/11\/TC-74-768x768.webp 768w, https:\/\/mountlaser.com\/wp-content\/uploads\/2025\/11\/TC-74-12x12.webp 12w, https:\/\/mountlaser.com\/wp-content\/uploads\/2025\/11\/TC-74.webp 1000w\" sizes=\"(max-width: 300px) 100vw, 300px\" \/><\/td>\n<td width=\"261\">PDG, CE, XT, XM, TSCE<br \/>\nLargeur : 95\u201375 mm Hauteur : 47 mm<\/td>\n<\/tr>\n<tr>\n<td>TC-10<\/td>\n<td><img decoding=\"async\" class=\"alignnone wp-image-4208 size-medium\" src=\"https:\/\/mountlaser.com\/wp-content\/uploads\/2025\/11\/TC-105-300x300.webp\" alt=\"TC-10 adjustable phone holder\" width=\"300\" height=\"300\" srcset=\"https:\/\/mountlaser.com\/wp-content\/uploads\/2025\/11\/TC-105-300x300.webp 300w, https:\/\/mountlaser.com\/wp-content\/uploads\/2025\/11\/TC-105-400x400.webp 400w, https:\/\/mountlaser.com\/wp-content\/uploads\/2025\/11\/TC-105-800x800.webp 800w, https:\/\/mountlaser.com\/wp-content\/uploads\/2025\/11\/TC-105-600x600.webp 600w, https:\/\/mountlaser.com\/wp-content\/uploads\/2025\/11\/TC-105-150x150.webp 150w, https:\/\/mountlaser.com\/wp-content\/uploads\/2025\/11\/TC-105-768x768.webp 768w, https:\/\/mountlaser.com\/wp-content\/uploads\/2025\/11\/TC-105-12x12.webp 12w, https:\/\/mountlaser.com\/wp-content\/uploads\/2025\/11\/TC-105.webp 1000w\" sizes=\"(max-width: 300px) 100vw, 300px\" \/><\/td>\n<td width=\"261\">Largeur Geo 6000\u00a0: 110\u201395\u00a0mm<br \/>\nHauteur : 47 mm<\/td>\n<\/tr>\n<\/tbody>\n<\/table>","protected":false},"excerpt":{"rendered":"<ul>\n<li>Sa conception ajustable s&#039;adapte \u00e0 diff\u00e9rents collecteurs de donn\u00e9es et appareils mobiles.<\/li>\n<li>Le support r\u00e9glable TC-6 prend en charge Recon, Archer, Getac535 (Largeur 92\u201372 mm, Hauteur 30 mm).<\/li>\n<li>Le support r\u00e9glable TC-7 convient aux mod\u00e8les CEO, CE, XT, XM, TSCE (largeur 95\u201375 mm, hauteur 47 mm).<\/li>\n<li>Le support r\u00e9glable TC-10 supporte Geo 6000 (Largeur 110\u201395 mm, Hauteur 47 mm).<\/li>\n<li>Construction robuste pour une fiabilit\u00e9 sur le terrain et une longue dur\u00e9e de vie.<\/li>\n<li>Installation facile pour une mise en place rapide sur tr\u00e9pieds, poteaux ou supports.<\/li>\n<\/ul>","protected":false},"featured_media":4187,"comment_status":"open","ping_status":"closed","template":"","meta":[],"product_brand":[],"product_cat":[84,123],"product_tag":[],"class_list":{"0":"post-4186","1":"product","2":"type-product","3":"status-publish","4":"has-post-thumbnail","6":"product_cat-gnss-accessory","7":"product_cat-claw-type-holder","9":"first","10":"instock","11":"shipping-taxable","12":"product-type-simple"},"_links":{"self":[{"href":"https:\/\/mountlaser.com\/fr_fr\/wp-json\/wp\/v2\/product\/4186","targetHints":{"allow":["GET"]}}],"collection":[{"href":"https:\/\/mountlaser.com\/fr_fr\/wp-json\/wp\/v2\/product"}],"about":[{"href":"https:\/\/mountlaser.com\/fr_fr\/wp-json\/wp\/v2\/types\/product"}],"replies":[{"embeddable":true,"href":"https:\/\/mountlaser.com\/fr_fr\/wp-json\/wp\/v2\/comments?post=4186"}],"wp:featuredmedia":[{"embeddable":true,"href":"https:\/\/mountlaser.com\/fr_fr\/wp-json\/wp\/v2\/media\/4187"}],"wp:attachment":[{"href":"https:\/\/mountlaser.com\/fr_fr\/wp-json\/wp\/v2\/media?parent=4186"}],"wp:term":[{"taxonomy":"product_brand","embeddable":true,"href":"https:\/\/mountlaser.com\/fr_fr\/wp-json\/wp\/v2\/product_brand?post=4186"},{"taxonomy":"product_cat","embeddable":true,"href":"https:\/\/mountlaser.com\/fr_fr\/wp-json\/wp\/v2\/product_cat?post=4186"},{"taxonomy":"product_tag","embeddable":true,"href":"https:\/\/mountlaser.com\/fr_fr\/wp-json\/wp\/v2\/product_tag?post=4186"}],"curies":[{"name":"wp","href":"https:\/\/api.w.org\/{rel}","templated":true}]}}