{"id":4171,"date":"2025-11-13T01:25:07","date_gmt":"2025-11-13T01:25:07","guid":{"rendered":"https:\/\/mountlaser.com\/?post_type=product&#038;p=4171"},"modified":"2025-11-27T05:46:26","modified_gmt":"2025-11-27T05:46:26","slug":"tc-5-claw-type-holder","status":"publish","type":"product","link":"https:\/\/mountlaser.com\/fr_fr\/produit\/tc-5-claw-type-holder\/","title":{"rendered":"Support \u00e0 griffes TC-5"},"content":{"rendered":"<p data-start=\"106\" data-end=\"379\">Le support \u00e0 griffes est un accessoire de montage fiable et durable, con\u00e7u pour les applications professionnelles d&#039;arpentage et de mesure. <a href=\"https:\/\/mountlaser.com\/fr_fr\/products\/\"><strong>Pince \u00e0 griffes simple<\/strong><\/a> est disponible en deux mod\u00e8les \u2013 TC-5 et TC-5Q \u2013 tous deux con\u00e7us pour s&#039;adapter aux poteaux de 32 mm ou 1\u00bc pouce avec pr\u00e9cision et stabilit\u00e9.<\/p>\n<p data-start=\"381\" data-end=\"719\">La pince de fixation \u00e0 griffes simples assure une connexion s\u00fbre et antid\u00e9rapante entre votre perche et votre instrument, offrant des performances fiables dans toutes les conditions sur le terrain. <a href=\"https:\/\/mountlaser.com\/fr_fr\/about-us\/\"><strong data-start=\"548\" data-end=\"576\">Pince de poteau \u00e0 d\u00e9gagement rapide<\/strong> <\/a>La version (TC-5Q) pousse l&#039;efficacit\u00e9 encore plus loin en int\u00e9grant une boule Ram de 1 pouce pour des r\u00e9glages plus faciles et plus rapides lors de l&#039;installation ou du d\u00e9placement.<\/p>\n<p data-start=\"721\" data-end=\"1045\">Fabriqu\u00e9es \u00e0 partir de mat\u00e9riaux de haute qualit\u00e9, les deux versions offrent une prise solide sans ab\u00eemer la surface de votre poteau. La pince \u00e0 poteau Plain Claw est id\u00e9ale pour les professionnels qui privil\u00e9gient la simplicit\u00e9 et la robustesse, tandis que la <a href=\"https:\/\/mountlaser.com\/fr_fr\/contact-us\/\">Pince de poteau \u00e0 d\u00e9gagement rapide<\/a> offre une flexibilit\u00e9 et une commodit\u00e9 accrues pour les changements fr\u00e9quents d&#039;\u00e9quipement.<\/p>\n<p data-start=\"721\" data-end=\"1045\"><strong>Sp\u00e9cifications du support \u00e0 griffes TC-5<\/strong><\/p>\n<table width=\"587\">\n<tbody>\n<tr>\n<td width=\"72\">Mod\u00e8le<\/td>\n<td width=\"254\">Image<\/td>\n<td width=\"261\">Param\u00e8tres<\/td>\n<\/tr>\n<tr>\n<td>TC-5<\/td>\n<td><img fetchpriority=\"high\" decoding=\"async\" class=\"alignnone wp-image-4173 size-medium\" src=\"https:\/\/mountlaser.com\/wp-content\/uploads\/2025\/11\/TC-52-300x300.webp\" alt=\"tc-5 Plain Claw Pole Clamp\" width=\"300\" height=\"300\" srcset=\"https:\/\/mountlaser.com\/wp-content\/uploads\/2025\/11\/TC-52-300x300.webp 300w, https:\/\/mountlaser.com\/wp-content\/uploads\/2025\/11\/TC-52-400x400.webp 400w, https:\/\/mountlaser.com\/wp-content\/uploads\/2025\/11\/TC-52-800x800.webp 800w, https:\/\/mountlaser.com\/wp-content\/uploads\/2025\/11\/TC-52-600x600.webp 600w, https:\/\/mountlaser.com\/wp-content\/uploads\/2025\/11\/TC-52-150x150.webp 150w, https:\/\/mountlaser.com\/wp-content\/uploads\/2025\/11\/TC-52-768x768.webp 768w, https:\/\/mountlaser.com\/wp-content\/uploads\/2025\/11\/TC-52-12x12.webp 12w, https:\/\/mountlaser.com\/wp-content\/uploads\/2025\/11\/TC-52.webp 1000w\" sizes=\"(max-width: 300px) 100vw, 300px\" \/><\/td>\n<td width=\"261\">Diam\u00e8tre 32 mm ou 1\u00bc pouce<br \/>\nP\u00f4le<\/td>\n<\/tr>\n<tr>\n<td>TC-5Q<\/td>\n<td><img decoding=\"async\" class=\"alignnone wp-image-4181 size-medium\" src=\"https:\/\/mountlaser.com\/wp-content\/uploads\/2025\/11\/TC-5-Q2-300x300.webp\" alt=\"tc-5q Plain Claw Pole Clamp\" width=\"300\" height=\"300\" srcset=\"https:\/\/mountlaser.com\/wp-content\/uploads\/2025\/11\/TC-5-Q2-300x300.webp 300w, https:\/\/mountlaser.com\/wp-content\/uploads\/2025\/11\/TC-5-Q2-400x400.webp 400w, https:\/\/mountlaser.com\/wp-content\/uploads\/2025\/11\/TC-5-Q2-800x800.webp 800w, https:\/\/mountlaser.com\/wp-content\/uploads\/2025\/11\/TC-5-Q2-600x600.webp 600w, https:\/\/mountlaser.com\/wp-content\/uploads\/2025\/11\/TC-5-Q2-150x150.webp 150w, https:\/\/mountlaser.com\/wp-content\/uploads\/2025\/11\/TC-5-Q2-768x768.webp 768w, https:\/\/mountlaser.com\/wp-content\/uploads\/2025\/11\/TC-5-Q2-12x12.webp 12w, https:\/\/mountlaser.com\/wp-content\/uploads\/2025\/11\/TC-5-Q2.webp 1000w\" sizes=\"(max-width: 300px) 100vw, 300px\" \/><\/td>\n<td width=\"261\">Diam\u00e8tre 32 mm ou 1\u00bc pouce<br \/>\nP\u00f4le<\/td>\n<\/tr>\n<\/tbody>\n<\/table>\n<p data-start=\"721\" data-end=\"1045\">","protected":false},"excerpt":{"rendered":"<ul>\n<li data-start=\"1067\" data-end=\"1110\">Compatible avec les poteaux de 32 mm ou 1\u00bc pouce<\/li>\n<li data-start=\"1067\" data-end=\"1110\">La conception robuste des griffes assure une prise ferme et antid\u00e9rapante.<\/li>\n<li data-start=\"1166\" data-end=\"1240\">Le serre-joint \u00e0 griffes simple offre une performance de verrouillage stable et traditionnelle<\/li>\n<li data-start=\"1243\" data-end=\"1322\">Le collier de serrage rapide pour poteau comprend une rotule de 25 mm pour un positionnement rapide.<\/li>\n<li data-start=\"1325\" data-end=\"1389\">Installation et retrait faciles pour des applications polyvalentes sur le terrain<\/li>\n<\/ul>","protected":false},"featured_media":4173,"comment_status":"open","ping_status":"closed","template":"","meta":[],"product_brand":[],"product_cat":[84,123],"product_tag":[],"class_list":{"0":"post-4171","1":"product","2":"type-product","3":"status-publish","4":"has-post-thumbnail","6":"product_cat-gnss-accessory","7":"product_cat-claw-type-holder","9":"first","10":"instock","11":"shipping-taxable","12":"product-type-simple"},"_links":{"self":[{"href":"https:\/\/mountlaser.com\/fr_fr\/wp-json\/wp\/v2\/product\/4171","targetHints":{"allow":["GET"]}}],"collection":[{"href":"https:\/\/mountlaser.com\/fr_fr\/wp-json\/wp\/v2\/product"}],"about":[{"href":"https:\/\/mountlaser.com\/fr_fr\/wp-json\/wp\/v2\/types\/product"}],"replies":[{"embeddable":true,"href":"https:\/\/mountlaser.com\/fr_fr\/wp-json\/wp\/v2\/comments?post=4171"}],"wp:featuredmedia":[{"embeddable":true,"href":"https:\/\/mountlaser.com\/fr_fr\/wp-json\/wp\/v2\/media\/4173"}],"wp:attachment":[{"href":"https:\/\/mountlaser.com\/fr_fr\/wp-json\/wp\/v2\/media?parent=4171"}],"wp:term":[{"taxonomy":"product_brand","embeddable":true,"href":"https:\/\/mountlaser.com\/fr_fr\/wp-json\/wp\/v2\/product_brand?post=4171"},{"taxonomy":"product_cat","embeddable":true,"href":"https:\/\/mountlaser.com\/fr_fr\/wp-json\/wp\/v2\/product_cat?post=4171"},{"taxonomy":"product_tag","embeddable":true,"href":"https:\/\/mountlaser.com\/fr_fr\/wp-json\/wp\/v2\/product_tag?post=4171"}],"curies":[{"name":"wp","href":"https:\/\/api.w.org\/{rel}","templated":true}]}}