{"id":4161,"date":"2025-11-12T09:23:20","date_gmt":"2025-11-12T09:23:20","guid":{"rendered":"https:\/\/mountlaser.com\/?post_type=product&#038;p=4161"},"modified":"2025-11-27T05:48:16","modified_gmt":"2025-11-27T05:48:16","slug":"dz215sl-aluminum-prism-pole","status":"publish","type":"product","link":"https:\/\/mountlaser.com\/fr_fr\/produit\/dz215sl-aluminum-prism-pole\/","title":{"rendered":"Poteau prismatique en aluminium DZ215SL"},"content":{"rendered":"<p><a href=\"https:\/\/mountlaser.com\/fr_fr\/\">Poteau prismatique en aluminium DZ215SL<\/a>Ing\u00e9nierie de pr\u00e9cision pour le g\u00e9om\u00e8tre exigeant<\/p>\n<p>Chez Mount Laser, la pr\u00e9cision est primordiale et commence par la qualit\u00e9 de vos mesures. Nous sommes fiers de vous pr\u00e9senter la perche \u00e0 prisme en aluminium DZ215SL, un outil con\u00e7u pour les professionnels exigeant une pr\u00e9cision sans faille et une performance \u00e0 toute \u00e9preuve. Cette perche en aluminium haute r\u00e9sistance constitue la base fiable de votre prisme, garantissant stabilit\u00e9 et durabilit\u00e9 sur tous vos chantiers.<\/p>\n<p>Le <a href=\"https:\/\/mountlaser.com\/fr_fr\/products\/\"><strong>Poteau prismatique en aluminium DZ215SL<\/strong> <\/a>Deux configurations sp\u00e9cialis\u00e9es sont disponibles pour r\u00e9pondre \u00e0 vos besoins de montage sp\u00e9cifiques\u00a0: la perche prismatique en aluminium DZ215SL-RW et la perche prismatique en aluminium DZ215SL-SR. Ces deux mod\u00e8les partagent le m\u00eame engagement fondamental envers la qualit\u00e9, mais se distinguent par leurs syst\u00e8mes d\u2019adaptation de fabrication suisse, vous offrant ainsi un choix pour une compatibilit\u00e9 optimale avec votre \u00e9quipement.<\/p>\n<p><img fetchpriority=\"high\" decoding=\"async\" class=\"aligncenter wp-image-4163\" src=\"https:\/\/mountlaser.com\/wp-content\/uploads\/2025\/11\/DZ215SL-RW-1.webp\" alt=\"DZ215SL Aluminum Prism Pole\" width=\"500\" height=\"500\" srcset=\"https:\/\/mountlaser.com\/wp-content\/uploads\/2025\/11\/DZ215SL-RW-1.webp 1000w, https:\/\/mountlaser.com\/wp-content\/uploads\/2025\/11\/DZ215SL-RW-1-300x300.webp 300w, https:\/\/mountlaser.com\/wp-content\/uploads\/2025\/11\/DZ215SL-RW-1-400x400.webp 400w, https:\/\/mountlaser.com\/wp-content\/uploads\/2025\/11\/DZ215SL-RW-1-800x800.webp 800w, https:\/\/mountlaser.com\/wp-content\/uploads\/2025\/11\/DZ215SL-RW-1-600x600.webp 600w, https:\/\/mountlaser.com\/wp-content\/uploads\/2025\/11\/DZ215SL-RW-1-150x150.webp 150w, https:\/\/mountlaser.com\/wp-content\/uploads\/2025\/11\/DZ215SL-RW-1-768x768.webp 768w, https:\/\/mountlaser.com\/wp-content\/uploads\/2025\/11\/DZ215SL-RW-1-12x12.webp 12w\" sizes=\"(max-width: 500px) 100vw, 500px\" \/><\/p>\n<p>Le <a href=\"https:\/\/mountlaser.com\/fr_fr\/about-us\/\">Poteau prismatique en aluminium DZ215SL<\/a> se d\u00e9cline en deux versions, ne diff\u00e9rant que par la couleur\u00a0: la perche \u00e0 prisme en aluminium DZ215SL-RW est de couleur rouge et blanche, et la perche \u00e0 prisme en aluminium DZ215SL-SR est de couleur argent\u00e9e.<\/p>\n<p><strong>Sp\u00e9cifications du m\u00e2t prismatique en aluminium DZ215SL<\/strong><\/p>\n<table style=\"border-collapse: collapse; width: 741.77pt;\" border=\"0\" width=\"989\" cellspacing=\"0\" cellpadding=\"0\">\n<tbody>\n<tr style=\"height: 14.25pt;\">\n<td class=\"et2\" style=\"height: 14.25pt; width: 142.50pt;\" width=\"190\" height=\"19\">NOMBRE<\/td>\n<td class=\"et2\" style=\"width: 127.50pt;\" width=\"170\">LONGUEUR<\/td>\n<td class=\"et2\" style=\"width: 126.00pt;\" width=\"168\">MAT\u00c9RIEL<\/td>\n<td class=\"et2\" style=\"width: 135.00pt;\" width=\"180\">DIPL\u00d4M\u00c9S<\/td>\n<td class=\"et2\" style=\"width: 124.50pt;\" width=\"166\">ADAPTATEUR<\/td>\n<td class=\"et2\" style=\"width: 86.25pt;\" width=\"115\">DIAM\u00c8TRE<\/td>\n<\/tr>\n<tr style=\"height: 14.25pt;\">\n<td class=\"et2\" style=\"height: 14.25pt;\" height=\"19\">DZ215SL<\/td>\n<td class=\"et2\">2,15 m<\/td>\n<td class=\"et2\">Aluminium<\/td>\n<td class=\"et3\">cm<\/td>\n<td class=\"et3\">Suisse ou 5\/8\u2033-11<\/td>\n<td class=\"et3\">18\/25 mm<\/td>\n<\/tr>\n<\/tbody>\n<\/table>","protected":false},"excerpt":{"rendered":"<ul>\n<li>Garantit un ajustement parfait et s\u00e9curis\u00e9 \u00e0 votre prisme, assurant l&#039;int\u00e9grit\u00e9 des donn\u00e9es et \u00e9liminant les erreurs de mesure.<\/li>\n<li>Fiole circulaire int\u00e9gr\u00e9e de 30 pouces\u00a0: permet un nivellement rapide et pr\u00e9cis, une \u00e9tape essentielle pour obtenir des mesures verticales fiables.<\/li>\n<li>Options de double diam\u00e8tre (18 mm\/25 mm) : Offre la flexibilit\u00e9 de s&#039;adapter \u00e0 votre pr\u00e9f\u00e9rence en mati\u00e8re de rigidit\u00e9 et de maniabilit\u00e9 du poteau.<\/li>\n<\/ul>","protected":false},"featured_media":4167,"comment_status":"open","ping_status":"closed","template":"","meta":[],"product_brand":[],"product_cat":[89,124],"product_tag":[],"class_list":{"0":"post-4161","1":"product","2":"type-product","3":"status-publish","4":"has-post-thumbnail","6":"product_cat-surveying-pole-rod","7":"product_cat-aluminum-fiberglass-prism-pole","9":"first","10":"instock","11":"shipping-taxable","12":"product-type-simple"},"_links":{"self":[{"href":"https:\/\/mountlaser.com\/fr_fr\/wp-json\/wp\/v2\/product\/4161","targetHints":{"allow":["GET"]}}],"collection":[{"href":"https:\/\/mountlaser.com\/fr_fr\/wp-json\/wp\/v2\/product"}],"about":[{"href":"https:\/\/mountlaser.com\/fr_fr\/wp-json\/wp\/v2\/types\/product"}],"replies":[{"embeddable":true,"href":"https:\/\/mountlaser.com\/fr_fr\/wp-json\/wp\/v2\/comments?post=4161"}],"wp:featuredmedia":[{"embeddable":true,"href":"https:\/\/mountlaser.com\/fr_fr\/wp-json\/wp\/v2\/media\/4167"}],"wp:attachment":[{"href":"https:\/\/mountlaser.com\/fr_fr\/wp-json\/wp\/v2\/media?parent=4161"}],"wp:term":[{"taxonomy":"product_brand","embeddable":true,"href":"https:\/\/mountlaser.com\/fr_fr\/wp-json\/wp\/v2\/product_brand?post=4161"},{"taxonomy":"product_cat","embeddable":true,"href":"https:\/\/mountlaser.com\/fr_fr\/wp-json\/wp\/v2\/product_cat?post=4161"},{"taxonomy":"product_tag","embeddable":true,"href":"https:\/\/mountlaser.com\/fr_fr\/wp-json\/wp\/v2\/product_tag?post=4161"}],"curies":[{"name":"wp","href":"https:\/\/api.w.org\/{rel}","templated":true}]}}