{"id":4153,"date":"2025-11-12T09:09:06","date_gmt":"2025-11-12T09:09:06","guid":{"rendered":"https:\/\/mountlaser.com\/?post_type=product&#038;p=4153"},"modified":"2025-11-27T05:56:05","modified_gmt":"2025-11-27T05:56:05","slug":"dz520-aluminum-prism-pole","status":"publish","type":"product","link":"https:\/\/mountlaser.com\/fr_fr\/produit\/dz520-aluminum-prism-pole\/","title":{"rendered":"Poteau prismatique en aluminium DZ520"},"content":{"rendered":"<p>Chez Mount Laser, nous savons que la pr\u00e9cision de vos mesures de station totale d\u00e9pend de la fiabilit\u00e9 de chaque composant de votre \u00e9quipement. C&#039;est pourquoi nous avons con\u00e7u\u2026 <a href=\"https:\/\/mountlaser.com\/fr_fr\/\"><strong>Poteau prismatique en aluminium DZ520<\/strong><\/a>, une perche prismatique de qualit\u00e9 professionnelle pour station totale qui allie l\u00e9g\u00e8ret\u00e9, durabilit\u00e9 et fonctionnalit\u00e9 exceptionnelle.<\/p>\n<p>Enti\u00e8rement fabriqu\u00e9e en aluminium haute r\u00e9sistance, la perche prismatique DZ520 est con\u00e7ue pour r\u00e9sister aux rigueurs d&#039;une utilisation quotidienne sur tous les chantiers sans vous encombrer. Sa conception robuste en 4 sections lui permet d&#039;atteindre une hauteur maximale de 5,2 m., <a href=\"https:\/\/mountlaser.com\/fr_fr\/products\/\"><strong>Poteau prismatique pour station totale<\/strong><\/a> vous offrant la port\u00e9e n\u00e9cessaire pour diverses applications d&#039;arpentage.<\/p>\n<p><img fetchpriority=\"high\" decoding=\"async\" class=\"aligncenter wp-image-4156\" src=\"https:\/\/mountlaser.com\/wp-content\/uploads\/2025\/11\/DZ520QL2.webp\" alt=\"Prism pole for total station\" width=\"500\" height=\"500\" srcset=\"https:\/\/mountlaser.com\/wp-content\/uploads\/2025\/11\/DZ520QL2.webp 1000w, https:\/\/mountlaser.com\/wp-content\/uploads\/2025\/11\/DZ520QL2-300x300.webp 300w, https:\/\/mountlaser.com\/wp-content\/uploads\/2025\/11\/DZ520QL2-400x400.webp 400w, https:\/\/mountlaser.com\/wp-content\/uploads\/2025\/11\/DZ520QL2-800x800.webp 800w, https:\/\/mountlaser.com\/wp-content\/uploads\/2025\/11\/DZ520QL2-600x600.webp 600w, https:\/\/mountlaser.com\/wp-content\/uploads\/2025\/11\/DZ520QL2-150x150.webp 150w, https:\/\/mountlaser.com\/wp-content\/uploads\/2025\/11\/DZ520QL2-768x768.webp 768w, https:\/\/mountlaser.com\/wp-content\/uploads\/2025\/11\/DZ520QL2-12x12.webp 12w\" sizes=\"(max-width: 500px) 100vw, 500px\" \/><\/p>\n<p><a href=\"https:\/\/mountlaser.com\/fr_fr\/contact-us\/\">Poteau prismatique en aluminium DZ520<\/a> OPTION DE VERROUILLAGE\u00a0: Disponible en quatre types\u00a0:<br \/>\nPoteau prismatique en aluminium \u00e0 verrouillage par rotation<br \/>\nPoteau prismatique en aluminium \u00e0 verrouillage rapide<br \/>\nVerrouillage de style GPS, poteau prismatique en aluminium<\/p>\n<p><strong>Sp\u00e9cifications du poteau prismatique en aluminium DZ520<\/strong><\/p>\n<table style=\"border-collapse: collapse; width: 741.77pt;\" border=\"0\" width=\"989\" cellspacing=\"0\" cellpadding=\"0\">\n<tbody>\n<tr style=\"height: 14.25pt;\">\n<td class=\"et2\" style=\"height: 14.25pt; width: 142.50pt;\" width=\"190\" height=\"19\">NOMBRE<\/td>\n<td class=\"et2\" style=\"width: 127.50pt;\" width=\"170\">LONGUEUR<\/td>\n<td class=\"et2\" style=\"width: 126.00pt;\" width=\"168\">MAT\u00c9RIEL<\/td>\n<td class=\"et2\" style=\"width: 135.00pt;\" width=\"180\">DIPL\u00d4M\u00c9S<\/td>\n<td class=\"et2\" style=\"width: 124.50pt;\" width=\"166\">OPTION DE VERROUILLAGE<\/td>\n<td class=\"et2\" style=\"width: 86.25pt;\" width=\"115\">DIAM\u00c8TRE<\/td>\n<\/tr>\n<tr style=\"height: 14.25pt;\">\n<td class=\"et3\" style=\"height: 14.25pt;\" height=\"19\">DZ520<\/td>\n<td class=\"et4\">520 cm<\/td>\n<td class=\"et3\">Aluminium<\/td>\n<td class=\"et3\">M\u00e8tre<\/td>\n<td class=\"et3\">TL\/ QL\/ GP<\/td>\n<td class=\"et3\">18\/25\/30\/36 mm<\/td>\n<\/tr>\n<\/tbody>\n<\/table>","protected":false},"excerpt":{"rendered":"<ul>\n<li>Fiole circulaire int\u00e9gr\u00e9e de 30 pouces\u00a0: permet une mise \u00e0 niveau rapide et facile, essentielle pour obtenir des mesures verticales pr\u00e9cises avec votre perche prismatique pour station totale.<\/li>\n<li>\u00c9chelle gradu\u00e9e transparente pour chambre \u00e0 air : Permet une v\u00e9rification visuelle rapide des r\u00e9glages de hauteur, simplifiant votre flux de travail et r\u00e9duisant les erreurs.<\/li>\n<li>Montage de prisme polyvalent\u00a0: Compatible avec diverses options d\u2019adaptateurs, facilitant la connexion \u00e0 votre mod\u00e8le de prisme sp\u00e9cifique.<\/li>\n<\/ul>","protected":false},"featured_media":4154,"comment_status":"open","ping_status":"closed","template":"","meta":[],"product_brand":[],"product_cat":[89,117],"product_tag":[],"class_list":{"0":"post-4153","1":"product","2":"type-product","3":"status-publish","4":"has-post-thumbnail","6":"product_cat-surveying-pole-rod","7":"product_cat-aluminum-prism-pole","9":"first","10":"instock","11":"shipping-taxable","12":"product-type-simple"},"_links":{"self":[{"href":"https:\/\/mountlaser.com\/fr_fr\/wp-json\/wp\/v2\/product\/4153","targetHints":{"allow":["GET"]}}],"collection":[{"href":"https:\/\/mountlaser.com\/fr_fr\/wp-json\/wp\/v2\/product"}],"about":[{"href":"https:\/\/mountlaser.com\/fr_fr\/wp-json\/wp\/v2\/types\/product"}],"replies":[{"embeddable":true,"href":"https:\/\/mountlaser.com\/fr_fr\/wp-json\/wp\/v2\/comments?post=4153"}],"wp:featuredmedia":[{"embeddable":true,"href":"https:\/\/mountlaser.com\/fr_fr\/wp-json\/wp\/v2\/media\/4154"}],"wp:attachment":[{"href":"https:\/\/mountlaser.com\/fr_fr\/wp-json\/wp\/v2\/media?parent=4153"}],"wp:term":[{"taxonomy":"product_brand","embeddable":true,"href":"https:\/\/mountlaser.com\/fr_fr\/wp-json\/wp\/v2\/product_brand?post=4153"},{"taxonomy":"product_cat","embeddable":true,"href":"https:\/\/mountlaser.com\/fr_fr\/wp-json\/wp\/v2\/product_cat?post=4153"},{"taxonomy":"product_tag","embeddable":true,"href":"https:\/\/mountlaser.com\/fr_fr\/wp-json\/wp\/v2\/product_tag?post=4153"}],"curies":[{"name":"wp","href":"https:\/\/api.w.org\/{rel}","templated":true}]}}