{"id":414,"date":"2024-03-21T12:23:02","date_gmt":"2024-03-21T12:23:02","guid":{"rendered":"https:\/\/startersites.io\/blocksy\/pottery\/?post_type=product&#038;p=414"},"modified":"2025-12-01T06:51:56","modified_gmt":"2025-12-01T06:51:56","slug":"fdc01d-japanese-style-tribrach-carrier","status":"publish","type":"product","link":"https:\/\/mountlaser.com\/fr_fr\/produit\/fdc01d-japanese-style-tribrach-carrier\/","title":{"rendered":"Porte-bagages tribrach de style japonais FDC01D"},"content":{"rendered":"<p>Le <a href=\"https:\/\/mountlaser.com\/fr_fr\/\"><strong>Porte-bagages tribrach de style japonais FDC01D<\/strong><\/a> Mount Laser allie pr\u00e9cision et efficacit\u00e9, offrant une solution de porte-tribrach \u00e0 d\u00e9gagement rapide de qualit\u00e9 sup\u00e9rieure pour les professionnels de la topographie. Ce mod\u00e8le est con\u00e7u comme un porte-tribrach avec plomb optique, assurant un centrage et un alignement pr\u00e9cis pour les applications exigeantes.<\/p>\n<p>Le m\u00e9canisme de d\u00e9gagement rapide innovant rend ceci <a href=\"https:\/\/mountlaser.com\/fr_fr\/categorie-produit\/surveying-accessory\/\"><strong>Porte-bagages Tribrach \u00e0 d\u00e9gagement rapide<\/strong> <\/a>Id\u00e9al pour les chantiers \u00e0 rythme soutenu o\u00f9 le temps est compt\u00e9. Con\u00e7u pour durer, ce chariot Tribrach fiable, dot\u00e9 de capacit\u00e9s optiques, garantit un positionnement pr\u00e9cis tout en conservant la l\u00e9g\u00e8ret\u00e9 caract\u00e9ristique de sa conception japonaise.<\/p>\n<p><img fetchpriority=\"high\" decoding=\"async\" class=\"wp-image-2118 aligncenter\" src=\"https:\/\/mountlaser.com\/wp-content\/uploads\/2024\/03\/14.webp\" alt=\"Quick-Release Tribrach Carrier\" width=\"500\" height=\"500\" srcset=\"https:\/\/mountlaser.com\/wp-content\/uploads\/2024\/03\/14.webp 1000w, https:\/\/mountlaser.com\/wp-content\/uploads\/2024\/03\/14-300x300.webp 300w, https:\/\/mountlaser.com\/wp-content\/uploads\/2024\/03\/14-400x400.webp 400w, https:\/\/mountlaser.com\/wp-content\/uploads\/2024\/03\/14-800x800.webp 800w, https:\/\/mountlaser.com\/wp-content\/uploads\/2024\/03\/14-600x600.webp 600w, https:\/\/mountlaser.com\/wp-content\/uploads\/2024\/03\/14-150x150.webp 150w, https:\/\/mountlaser.com\/wp-content\/uploads\/2024\/03\/14-768x768.webp 768w, https:\/\/mountlaser.com\/wp-content\/uploads\/2024\/03\/14-12x12.webp 12w\" sizes=\"(max-width: 500px) 100vw, 500px\" \/><\/p>\n<p>Disponible en jaune, gris ou noir, le FDC01D est dot\u00e9 d&#039;un filetage standard 5\/8\u2033-11 pour les \u00e9quipements GPS, ce qui en fait un outil polyvalent. <a href=\"https:\/\/mountlaser.com\/fr_fr\/contact-us\/\">Porte-bagages Tribrach \u00e0 d\u00e9gagement rapide<\/a> choix pour diverses t\u00e2ches d&#039;arpentage.<\/p>","protected":false},"excerpt":{"rendered":"<ul>\n<li>Syst\u00e8me de plomb optique\u00a0: Fonctionne comme un porte-instrument tribrach pr\u00e9cis avec alignement optique pour un centrage pr\u00e9cis de l\u2019instrument.<\/li>\n<li>M\u00e9canisme de d\u00e9gagement rapide\u00a0: Con\u00e7u comme un support Tribrach \u00e0 d\u00e9gagement rapide pour un d\u00e9ploiement rapide et un flux de travail efficace.<\/li>\n<li>Filetage compatible GPS : Comporte un filetage standard 5\/8\u2033-11 (FDC01D) pour un montage s\u00e9curis\u00e9 de l&#039;\u00e9quipement GPS.<\/li>\n<\/ul>","protected":false},"featured_media":2114,"comment_status":"open","ping_status":"closed","template":"","meta":[],"product_brand":[],"product_cat":[98,79],"product_tag":[],"class_list":{"0":"post-414","1":"product","2":"type-product","3":"status-publish","4":"has-post-thumbnail","6":"product_cat-japanese-style-tribrach-carrier","7":"product_cat-surveying-accessory","9":"first","10":"instock","11":"shipping-taxable","12":"product-type-simple"},"_links":{"self":[{"href":"https:\/\/mountlaser.com\/fr_fr\/wp-json\/wp\/v2\/product\/414","targetHints":{"allow":["GET"]}}],"collection":[{"href":"https:\/\/mountlaser.com\/fr_fr\/wp-json\/wp\/v2\/product"}],"about":[{"href":"https:\/\/mountlaser.com\/fr_fr\/wp-json\/wp\/v2\/types\/product"}],"replies":[{"embeddable":true,"href":"https:\/\/mountlaser.com\/fr_fr\/wp-json\/wp\/v2\/comments?post=414"}],"wp:featuredmedia":[{"embeddable":true,"href":"https:\/\/mountlaser.com\/fr_fr\/wp-json\/wp\/v2\/media\/2114"}],"wp:attachment":[{"href":"https:\/\/mountlaser.com\/fr_fr\/wp-json\/wp\/v2\/media?parent=414"}],"wp:term":[{"taxonomy":"product_brand","embeddable":true,"href":"https:\/\/mountlaser.com\/fr_fr\/wp-json\/wp\/v2\/product_brand?post=414"},{"taxonomy":"product_cat","embeddable":true,"href":"https:\/\/mountlaser.com\/fr_fr\/wp-json\/wp\/v2\/product_cat?post=414"},{"taxonomy":"product_tag","embeddable":true,"href":"https:\/\/mountlaser.com\/fr_fr\/wp-json\/wp\/v2\/product_tag?post=414"}],"curies":[{"name":"wp","href":"https:\/\/api.w.org\/{rel}","templated":true}]}}