{"id":4126,"date":"2025-11-12T09:08:56","date_gmt":"2025-11-12T09:08:56","guid":{"rendered":"https:\/\/mountlaser.com\/?post_type=product&#038;p=4126"},"modified":"2025-11-27T06:00:35","modified_gmt":"2025-11-27T06:00:35","slug":"tc-4-claw-type-holder","status":"publish","type":"product","link":"https:\/\/mountlaser.com\/fr_fr\/produit\/tc-4-claw-type-holder\/","title":{"rendered":"Support \u00e0 griffes TC-4"},"content":{"rendered":"<p>Le <a href=\"https:\/\/mountlaser.com\/fr_fr\/\"><strong>Pince de poteau \u00e0 griffes avec boussole<\/strong><\/a> Cet accessoire de montage de haute pr\u00e9cision est con\u00e7u pour les applications topographiques professionnelles. Adapt\u00e9 aux perches de 32 mm ou 1\u00bc pouce, ce serre-pieux \u00e0 griffes avec boussole allie robustesse et fonctionnalit\u00e9, garantissant une installation stable et pr\u00e9cise sur le terrain.<\/p>\n<p>C&#039;est <a href=\"https:\/\/mountlaser.com\/fr_fr\/products\/\"><strong>Pince \u00e0 d\u00e9gagement rapide<\/strong><\/a> Ce m\u00e9canisme permet une fixation et un retrait rapides, am\u00e9liorant ainsi l&#039;efficacit\u00e9 du flux de travail pendant <a href=\"https:\/\/mountlaser.com\/fr_fr\/contact-us\/\">Op\u00e9rations GNSS ou station totale<\/a>. La boussole int\u00e9gr\u00e9e assure un guidage directionnel fiable, tandis que la pince de fixation pour perche \u00e0 griffes offre une prise ferme sans endommager la surface du poteau. Compatible avec les syst\u00e8mes GPS, GNSS et les stations totales robotis\u00e9es, la pince de fixation pour perche \u00e0 griffes avec boussole garantit une pr\u00e9cision constante et des performances fiables.<\/p>\n<p><strong>Sp\u00e9cifications du support \u00e0 griffes TC-4<\/strong><\/p>\n<table width=\"587\">\n<tbody>\n<tr>\n<td width=\"72\">Mod\u00e8le<\/td>\n<td width=\"254\">Image<\/td>\n<td width=\"261\">Param\u00e8tres<\/td>\n<\/tr>\n<tr>\n<td>TC-4<\/td>\n<td><img fetchpriority=\"high\" decoding=\"async\" class=\"alignnone wp-image-4149 size-medium\" src=\"https:\/\/mountlaser.com\/wp-content\/uploads\/2025\/11\/TC-42-300x300.webp\" alt=\"TC-4 Claw Pole Clamp with Compass\" width=\"300\" height=\"300\" srcset=\"https:\/\/mountlaser.com\/wp-content\/uploads\/2025\/11\/TC-42-300x300.webp 300w, https:\/\/mountlaser.com\/wp-content\/uploads\/2025\/11\/TC-42-400x400.webp 400w, https:\/\/mountlaser.com\/wp-content\/uploads\/2025\/11\/TC-42-800x800.webp 800w, https:\/\/mountlaser.com\/wp-content\/uploads\/2025\/11\/TC-42-600x600.webp 600w, https:\/\/mountlaser.com\/wp-content\/uploads\/2025\/11\/TC-42-150x150.webp 150w, https:\/\/mountlaser.com\/wp-content\/uploads\/2025\/11\/TC-42-768x768.webp 768w, https:\/\/mountlaser.com\/wp-content\/uploads\/2025\/11\/TC-42-12x12.webp 12w, https:\/\/mountlaser.com\/wp-content\/uploads\/2025\/11\/TC-42.webp 1000w\" sizes=\"(max-width: 300px) 100vw, 300px\" \/><\/td>\n<td width=\"261\">Diam\u00e8tre 32 mm ou 1\u00bc pouce<\/p>\n<p>Poteau avec boussole<\/td>\n<\/tr>\n<tr>\n<td>TC-4Q<\/td>\n<td><img decoding=\"async\" class=\"alignnone wp-image-4141 size-medium\" src=\"https:\/\/mountlaser.com\/wp-content\/uploads\/2025\/11\/TC-4-Q1-300x300.webp\" alt=\"TC-4Q Claw Pole Clamp with Compass\" width=\"300\" height=\"300\" srcset=\"https:\/\/mountlaser.com\/wp-content\/uploads\/2025\/11\/TC-4-Q1-300x300.webp 300w, https:\/\/mountlaser.com\/wp-content\/uploads\/2025\/11\/TC-4-Q1-400x400.webp 400w, https:\/\/mountlaser.com\/wp-content\/uploads\/2025\/11\/TC-4-Q1-800x800.webp 800w, https:\/\/mountlaser.com\/wp-content\/uploads\/2025\/11\/TC-4-Q1-600x600.webp 600w, https:\/\/mountlaser.com\/wp-content\/uploads\/2025\/11\/TC-4-Q1-150x150.webp 150w, https:\/\/mountlaser.com\/wp-content\/uploads\/2025\/11\/TC-4-Q1-768x768.webp 768w, https:\/\/mountlaser.com\/wp-content\/uploads\/2025\/11\/TC-4-Q1-12x12.webp 12w, https:\/\/mountlaser.com\/wp-content\/uploads\/2025\/11\/TC-4-Q1.webp 1000w\" sizes=\"(max-width: 300px) 100vw, 300px\" \/><\/td>\n<td width=\"261\">Diam\u00e8tre 32 mm ou 1\u00bc pouce<br \/>\nPoteau avec boussole<\/td>\n<\/tr>\n<tr>\n<td>TC-4-2<\/td>\n<td><img decoding=\"async\" class=\"alignnone wp-image-4135 size-medium\" src=\"https:\/\/mountlaser.com\/wp-content\/uploads\/2025\/11\/TC-4-23-300x300.webp\" alt=\"TC-4-2 Claw Pole Clamp with Compass\" width=\"300\" height=\"300\" srcset=\"https:\/\/mountlaser.com\/wp-content\/uploads\/2025\/11\/TC-4-23-300x300.webp 300w, https:\/\/mountlaser.com\/wp-content\/uploads\/2025\/11\/TC-4-23-400x400.webp 400w, https:\/\/mountlaser.com\/wp-content\/uploads\/2025\/11\/TC-4-23-800x800.webp 800w, https:\/\/mountlaser.com\/wp-content\/uploads\/2025\/11\/TC-4-23-600x600.webp 600w, https:\/\/mountlaser.com\/wp-content\/uploads\/2025\/11\/TC-4-23-150x150.webp 150w, https:\/\/mountlaser.com\/wp-content\/uploads\/2025\/11\/TC-4-23-768x768.webp 768w, https:\/\/mountlaser.com\/wp-content\/uploads\/2025\/11\/TC-4-23-12x12.webp 12w, https:\/\/mountlaser.com\/wp-content\/uploads\/2025\/11\/TC-4-23.webp 1000w\" sizes=\"(max-width: 300px) 100vw, 300px\" \/><\/td>\n<td width=\"261\">Poteau de 32 mm ou 1\u00bc pouce de diam\u00e8tre avec bulle<\/td>\n<\/tr>\n<tr>\n<td>TC-4-2Q<\/td>\n<td><img loading=\"lazy\" decoding=\"async\" class=\"alignnone wp-image-4127 size-medium\" src=\"https:\/\/mountlaser.com\/wp-content\/uploads\/2025\/11\/TC-4-2Q1-300x300.webp\" alt=\"TC-4-2Q Claw Pole Clamp with Compass\" width=\"300\" height=\"300\" srcset=\"https:\/\/mountlaser.com\/wp-content\/uploads\/2025\/11\/TC-4-2Q1-300x300.webp 300w, https:\/\/mountlaser.com\/wp-content\/uploads\/2025\/11\/TC-4-2Q1-400x400.webp 400w, https:\/\/mountlaser.com\/wp-content\/uploads\/2025\/11\/TC-4-2Q1-800x800.webp 800w, https:\/\/mountlaser.com\/wp-content\/uploads\/2025\/11\/TC-4-2Q1-600x600.webp 600w, https:\/\/mountlaser.com\/wp-content\/uploads\/2025\/11\/TC-4-2Q1-150x150.webp 150w, https:\/\/mountlaser.com\/wp-content\/uploads\/2025\/11\/TC-4-2Q1-768x768.webp 768w, https:\/\/mountlaser.com\/wp-content\/uploads\/2025\/11\/TC-4-2Q1-12x12.webp 12w, https:\/\/mountlaser.com\/wp-content\/uploads\/2025\/11\/TC-4-2Q1.webp 1000w\" sizes=\"(max-width: 300px) 100vw, 300px\" \/><\/td>\n<td width=\"261\">Poteau de 32 mm ou 1\u00bc pouce de diam\u00e8tre avec bulle<\/td>\n<\/tr>\n<\/tbody>\n<\/table>","protected":false},"excerpt":{"rendered":"<ul>\n<li>Compatible avec les poteaux de 32 mm ou 1\u00bc&quot;.<\/li>\n<li>Boussole int\u00e9gr\u00e9e pour un alignement directionnel pr\u00e9cis<\/li>\n<li>Conception \u00e0 fixation rapide pour une installation et un retrait faciles<\/li>\n<li>Sa construction robuste et l\u00e9g\u00e8re garantit une utilisation durable sur le terrain<\/li>\n<li>La prise en main s\u00e9curis\u00e9e de type griffe prot\u00e8ge l&#039;int\u00e9grit\u00e9 du poteau<\/li>\n<\/ul>","protected":false},"featured_media":4134,"comment_status":"open","ping_status":"closed","template":"","meta":[],"product_brand":[],"product_cat":[84,123],"product_tag":[],"class_list":{"0":"post-4126","1":"product","2":"type-product","3":"status-publish","4":"has-post-thumbnail","6":"product_cat-gnss-accessory","7":"product_cat-claw-type-holder","9":"first","10":"instock","11":"shipping-taxable","12":"product-type-simple"},"_links":{"self":[{"href":"https:\/\/mountlaser.com\/fr_fr\/wp-json\/wp\/v2\/product\/4126","targetHints":{"allow":["GET"]}}],"collection":[{"href":"https:\/\/mountlaser.com\/fr_fr\/wp-json\/wp\/v2\/product"}],"about":[{"href":"https:\/\/mountlaser.com\/fr_fr\/wp-json\/wp\/v2\/types\/product"}],"replies":[{"embeddable":true,"href":"https:\/\/mountlaser.com\/fr_fr\/wp-json\/wp\/v2\/comments?post=4126"}],"wp:featuredmedia":[{"embeddable":true,"href":"https:\/\/mountlaser.com\/fr_fr\/wp-json\/wp\/v2\/media\/4134"}],"wp:attachment":[{"href":"https:\/\/mountlaser.com\/fr_fr\/wp-json\/wp\/v2\/media?parent=4126"}],"wp:term":[{"taxonomy":"product_brand","embeddable":true,"href":"https:\/\/mountlaser.com\/fr_fr\/wp-json\/wp\/v2\/product_brand?post=4126"},{"taxonomy":"product_cat","embeddable":true,"href":"https:\/\/mountlaser.com\/fr_fr\/wp-json\/wp\/v2\/product_cat?post=4126"},{"taxonomy":"product_tag","embeddable":true,"href":"https:\/\/mountlaser.com\/fr_fr\/wp-json\/wp\/v2\/product_tag?post=4126"}],"curies":[{"name":"wp","href":"https:\/\/api.w.org\/{rel}","templated":true}]}}