{"id":412,"date":"2024-03-20T16:41:19","date_gmt":"2024-03-20T16:41:19","guid":{"rendered":"https:\/\/startersites.io\/blocksy\/pottery\/?post_type=product&#038;p=412"},"modified":"2025-12-01T06:54:21","modified_gmt":"2025-12-01T06:54:21","slug":"fdc01dg-japanese-style-tribrach-carrier","status":"publish","type":"product","link":"https:\/\/mountlaser.com\/fr_fr\/produit\/fdc01dg-japanese-style-tribrach-carrier\/","title":{"rendered":"Porte-bagages tribrach de style japonais FDC01DG"},"content":{"rendered":"<p>Le <a href=\"https:\/\/mountlaser.com\/fr_fr\/\"><strong>Porte-bagages tribrach de style japonais FDC01DG<\/strong><\/a> Le chariot \u00e9l\u00e9vateur Mount Laser est con\u00e7u pour r\u00e9pondre aux exigences rigoureuses des professionnels de la topographie modernes, s&#039;imposant comme un chariot \u00e9l\u00e9vateur Tribrach essentiel pour la topographie.<br \/>\nCet instrument de pr\u00e9cision int\u00e8gre un syst\u00e8me de plomb optique, garantissant un centrage et un alignement pr\u00e9cis pour les mesures critiques. Con\u00e7u avec un filetage standard 5\/8\u2033-11, il se distingue comme le meilleur support Tribrach pour le montage d&#039;\u00e9quipements GPS, offrant une compatibilit\u00e9 parfaite et des performances fiables. Le m\u00e9canisme de d\u00e9gagement rapide am\u00e9liore l&#039;efficacit\u00e9 op\u00e9rationnelle. <a href=\"https:\/\/mountlaser.com\/fr_fr\/categorie-produit\/surveying-accessory\/\"><strong>Tribrach Carrier pour lev\u00e9s topographiques<\/strong><\/a> Id\u00e9al pour les chantiers \u00e0 rythme soutenu.<\/p>\n<p><img fetchpriority=\"high\" decoding=\"async\" class=\"wp-image-2127 aligncenter\" src=\"https:\/\/mountlaser.com\/wp-content\/uploads\/2024\/03\/13.webp\" alt=\"Tribrach Carrier for Surveying\" width=\"500\" height=\"500\" srcset=\"https:\/\/mountlaser.com\/wp-content\/uploads\/2024\/03\/13.webp 1000w, https:\/\/mountlaser.com\/wp-content\/uploads\/2024\/03\/13-300x300.webp 300w, https:\/\/mountlaser.com\/wp-content\/uploads\/2024\/03\/13-400x400.webp 400w, https:\/\/mountlaser.com\/wp-content\/uploads\/2024\/03\/13-800x800.webp 800w, https:\/\/mountlaser.com\/wp-content\/uploads\/2024\/03\/13-600x600.webp 600w, https:\/\/mountlaser.com\/wp-content\/uploads\/2024\/03\/13-150x150.webp 150w, https:\/\/mountlaser.com\/wp-content\/uploads\/2024\/03\/13-768x768.webp 768w, https:\/\/mountlaser.com\/wp-content\/uploads\/2024\/03\/13-12x12.webp 12w\" sizes=\"(max-width: 500px) 100vw, 500px\" \/><br \/>\nDisponible en jaune, gris ou noir, cet outil polyvalent allie robustesse et fonctionnalit\u00e9, ce qui en fait le porte-tribrach id\u00e9al pour les applications GPS o\u00f9 pr\u00e9cision et rapidit\u00e9 sont essentielles. Les g\u00e9om\u00e8tres appr\u00e9cieront sa grande robustesse. <a href=\"https:\/\/mountlaser.com\/fr_fr\/contact-us\/\">Tribrach Carrier pour lev\u00e9s topographiques<\/a> rationalise le flux de travail tout en maintenant les normes de pr\u00e9cision \u00e9lev\u00e9es requises dans le travail de terrain professionnel.<\/p>","protected":false},"excerpt":{"rendered":"<ul>\n<li>Connexion compatible GPS\u00a0: Comporte un filetage standard 5\/8\u2033-11 (FDC01DG) con\u00e7u sp\u00e9cifiquement pour le montage d\u2019\u00e9quipements GPS.<\/li>\n<li>Construction durable : allie un design l\u00e9ger de style japonais \u00e0 des performances robustes.<\/li>\n<li>Options de couleurs haute visibilit\u00e9\u00a0: disponibles en jaune, gris ou noir pour une visibilit\u00e9 et une pr\u00e9f\u00e9rence accrues sur le site.<\/li>\n<\/ul>","protected":false},"featured_media":2122,"comment_status":"open","ping_status":"closed","template":"","meta":[],"product_brand":[],"product_cat":[79,98],"product_tag":[],"class_list":{"0":"post-412","1":"product","2":"type-product","3":"status-publish","4":"has-post-thumbnail","6":"product_cat-surveying-accessory","7":"product_cat-japanese-style-tribrach-carrier","9":"first","10":"instock","11":"shipping-taxable","12":"product-type-simple"},"_links":{"self":[{"href":"https:\/\/mountlaser.com\/fr_fr\/wp-json\/wp\/v2\/product\/412","targetHints":{"allow":["GET"]}}],"collection":[{"href":"https:\/\/mountlaser.com\/fr_fr\/wp-json\/wp\/v2\/product"}],"about":[{"href":"https:\/\/mountlaser.com\/fr_fr\/wp-json\/wp\/v2\/types\/product"}],"replies":[{"embeddable":true,"href":"https:\/\/mountlaser.com\/fr_fr\/wp-json\/wp\/v2\/comments?post=412"}],"wp:featuredmedia":[{"embeddable":true,"href":"https:\/\/mountlaser.com\/fr_fr\/wp-json\/wp\/v2\/media\/2122"}],"wp:attachment":[{"href":"https:\/\/mountlaser.com\/fr_fr\/wp-json\/wp\/v2\/media?parent=412"}],"wp:term":[{"taxonomy":"product_brand","embeddable":true,"href":"https:\/\/mountlaser.com\/fr_fr\/wp-json\/wp\/v2\/product_brand?post=412"},{"taxonomy":"product_cat","embeddable":true,"href":"https:\/\/mountlaser.com\/fr_fr\/wp-json\/wp\/v2\/product_cat?post=412"},{"taxonomy":"product_tag","embeddable":true,"href":"https:\/\/mountlaser.com\/fr_fr\/wp-json\/wp\/v2\/product_tag?post=412"}],"curies":[{"name":"wp","href":"https:\/\/api.w.org\/{rel}","templated":true}]}}