{"id":4054,"date":"2025-11-12T01:34:55","date_gmt":"2025-11-12T01:34:55","guid":{"rendered":"https:\/\/mountlaser.com\/?post_type=product&#038;p=4054"},"modified":"2025-12-19T02:02:49","modified_gmt":"2025-12-19T02:02:49","slug":"bt152-medium-duty-elevator-tripod","status":"publish","type":"product","link":"https:\/\/mountlaser.com\/fr_fr\/produit\/bt152-medium-duty-elevator-tripod\/","title":{"rendered":"Tr\u00e9pied d&#039;ascenseur BT152 \u00e0 usage moyen"},"content":{"rendered":"<p>Le <a href=\"https:\/\/mountlaser.com\/fr_fr\/\"><strong>Tr\u00e9pied d&#039;ascenseur en aluminium de r\u00e9sistance moyenne<\/strong><\/a> est un accessoire de montage essentiel, con\u00e7u pour offrir pr\u00e9cision et stabilit\u00e9 dans les applications professionnelles de mesure et de construction. Fabriqu\u00e9 en aluminium oxyd\u00e9 de haute qualit\u00e9, ce <a href=\"https:\/\/mountlaser.com\/fr_fr\/products\/\"><strong>Tr\u00e9pied de chantier professionnel BT152<\/strong><\/a> Il offre durabilit\u00e9 et l\u00e9g\u00e8ret\u00e9, ce qui le rend id\u00e9al pour les configurations de lasers lin\u00e9aires et rotatifs.<\/p>\n<p>Le tr\u00e9pied d&#039;ascenseur en aluminium de qualit\u00e9 moyenne est dot\u00e9 d&#039;un pied r\u00e9glable pour une stabilit\u00e9 et un contact au sol optimaux, m\u00eame sur terrain accident\u00e9. Disponible en deux versions polyvalentes \u2014 le mod\u00e8le BT152 avec t\u00eate plate et filetage 5\/8\u2033-11, et le mod\u00e8le BT250 \u00e9quip\u00e9 d&#039;un filetage 1\/4\u2033-20 \u2014, le tr\u00e9pied de chantier professionnel BT152 est compatible avec une large gamme de niveaux laser et d&#039;appareils GNSS.<\/p>\n<p>Con\u00e7u pour des performances fiables, le <a href=\"https:\/\/mountlaser.com\/fr_fr\/contact-us\/\">Tr\u00e9pied d&#039;ascenseur en aluminium de r\u00e9sistance moyenne<\/a> Elle assure un contr\u00f4le pr\u00e9cis de l&#039;\u00e9l\u00e9vation, une fixation s\u00e9curis\u00e9e des instruments et une grande durabilit\u00e9 sur le terrain. Sa structure de qualit\u00e9 professionnelle offre un support in\u00e9gal\u00e9 pour les travaux de construction et de topographie les plus exigeants.<\/p>\n<p><strong>Sp\u00e9cifications du tr\u00e9pied d&#039;ascenseur de capacit\u00e9 moyenne<\/strong><\/p>\n<div>\n<table style=\"border-collapse: collapse; width: 1339px; height: 469px;\" border=\"0\" width=\"991\" cellspacing=\"0\" cellpadding=\"0\">\n<tbody>\n<tr style=\"height: 14.25pt;\">\n<td class=\"et2\" style=\"height: 14.25pt; width: 127.50pt;\" width=\"170\" height=\"19\">NOMBRE<\/td>\n<td class=\"et3\" style=\"width: 92.25pt;\" width=\"123\">COULEUR<\/td>\n<td class=\"et3\" style=\"width: 77.25pt;\" width=\"103\">MAT\u00c9RIEL<\/td>\n<td class=\"et3\" style=\"width: 96.75pt;\" width=\"129\">HAUTEUR DU TR\u00c9PIED<\/td>\n<td class=\"et4\" style=\"width: 141.00pt;\" width=\"188\">HAUTEUR DE TRAVAIL<\/td>\n<td class=\"et3\" style=\"width: 96.00pt;\" width=\"128\">NO<\/td>\n<td class=\"et5\" style=\"width: 112.50pt;\" width=\"150\">IMAGE<\/td>\n<\/tr>\n<tr style=\"height: 18.75pt;\">\n<td class=\"et6\" style=\"height: 18.75pt;\" height=\"25\">BT152<\/td>\n<td class=\"et6\">Noir et bleu<\/td>\n<td class=\"et7\">Aluminium<\/td>\n<td class=\"et6\">74-153 cm<\/td>\n<td class=\"et6\">70-143 cm<\/td>\n<td class=\"et6\">2,1 kg<\/td>\n<td class=\"et8\"><img fetchpriority=\"high\" decoding=\"async\" class=\"alignnone wp-image-4066\" src=\"https:\/\/mountlaser.com\/wp-content\/uploads\/2025\/11\/BT1523.webp\" alt=\"Medium Duty Aluminum Elevator Tripod\" width=\"500\" height=\"500\" srcset=\"https:\/\/mountlaser.com\/wp-content\/uploads\/2025\/11\/BT1523.webp 1000w, https:\/\/mountlaser.com\/wp-content\/uploads\/2025\/11\/BT1523-300x300.webp 300w, https:\/\/mountlaser.com\/wp-content\/uploads\/2025\/11\/BT1523-400x400.webp 400w, https:\/\/mountlaser.com\/wp-content\/uploads\/2025\/11\/BT1523-800x800.webp 800w, https:\/\/mountlaser.com\/wp-content\/uploads\/2025\/11\/BT1523-600x600.webp 600w, https:\/\/mountlaser.com\/wp-content\/uploads\/2025\/11\/BT1523-150x150.webp 150w, https:\/\/mountlaser.com\/wp-content\/uploads\/2025\/11\/BT1523-768x768.webp 768w, https:\/\/mountlaser.com\/wp-content\/uploads\/2025\/11\/BT1523-12x12.webp 12w\" sizes=\"(max-width: 500px) 100vw, 500px\" \/><\/td>\n<\/tr>\n<tr style=\"height: 17.25pt;\">\n<td class=\"et6\" style=\"height: 17.25pt;\" height=\"23\">BT250<\/td>\n<td class=\"et6\">Noir et bleu<\/td>\n<td class=\"et7\">Aluminium<\/td>\n<td class=\"et6\">217 cm<\/td>\n<td class=\"et6\">200 m<\/td>\n<td class=\"et6\">2,85 kg<\/td>\n<td class=\"et8\"><img decoding=\"async\" class=\"alignnone wp-image-4074\" src=\"https:\/\/mountlaser.com\/wp-content\/uploads\/2025\/11\/BT2503.webp\" alt=\"Medium Duty Aluminum Elevator Tripod\" width=\"500\" height=\"500\" srcset=\"https:\/\/mountlaser.com\/wp-content\/uploads\/2025\/11\/BT2503.webp 1000w, https:\/\/mountlaser.com\/wp-content\/uploads\/2025\/11\/BT2503-300x300.webp 300w, https:\/\/mountlaser.com\/wp-content\/uploads\/2025\/11\/BT2503-400x400.webp 400w, https:\/\/mountlaser.com\/wp-content\/uploads\/2025\/11\/BT2503-800x800.webp 800w, https:\/\/mountlaser.com\/wp-content\/uploads\/2025\/11\/BT2503-600x600.webp 600w, https:\/\/mountlaser.com\/wp-content\/uploads\/2025\/11\/BT2503-150x150.webp 150w, https:\/\/mountlaser.com\/wp-content\/uploads\/2025\/11\/BT2503-768x768.webp 768w, https:\/\/mountlaser.com\/wp-content\/uploads\/2025\/11\/BT2503-12x12.webp 12w\" sizes=\"(max-width: 500px) 100vw, 500px\" \/><\/td>\n<\/tr>\n<\/tbody>\n<\/table>\n<\/div>","protected":false},"excerpt":{"rendered":"<ul>\n<li>Fabriqu\u00e9 en aluminium oxyd\u00e9, \u00e0 la fois robuste et l\u00e9ger.<\/li>\n<li>Semelle ext\u00e9rieure ajustable pour une meilleure stabilit\u00e9 sur les surfaces irr\u00e9guli\u00e8res.<\/li>\n<li>Deux options de filetage : 5\/8\u2033-11 et 1\/4\u2033-20.<\/li>\n<li>Convient aux outils laser lin\u00e9aires et rotatifs.<\/li>\n<li>Compact, facile \u00e0 transporter et rapide \u00e0 installer.<\/li>\n<\/ul>","protected":false},"featured_media":4056,"comment_status":"open","ping_status":"closed","template":"","meta":[],"product_brand":[],"product_cat":[122,94],"product_tag":[],"class_list":{"0":"post-4054","1":"product","2":"type-product","3":"status-publish","4":"has-post-thumbnail","6":"product_cat-laser-level-tripod","7":"product_cat-laser-level-accessory","9":"first","10":"instock","11":"shipping-taxable","12":"product-type-simple"},"_links":{"self":[{"href":"https:\/\/mountlaser.com\/fr_fr\/wp-json\/wp\/v2\/product\/4054","targetHints":{"allow":["GET"]}}],"collection":[{"href":"https:\/\/mountlaser.com\/fr_fr\/wp-json\/wp\/v2\/product"}],"about":[{"href":"https:\/\/mountlaser.com\/fr_fr\/wp-json\/wp\/v2\/types\/product"}],"replies":[{"embeddable":true,"href":"https:\/\/mountlaser.com\/fr_fr\/wp-json\/wp\/v2\/comments?post=4054"}],"wp:featuredmedia":[{"embeddable":true,"href":"https:\/\/mountlaser.com\/fr_fr\/wp-json\/wp\/v2\/media\/4056"}],"wp:attachment":[{"href":"https:\/\/mountlaser.com\/fr_fr\/wp-json\/wp\/v2\/media?parent=4054"}],"wp:term":[{"taxonomy":"product_brand","embeddable":true,"href":"https:\/\/mountlaser.com\/fr_fr\/wp-json\/wp\/v2\/product_brand?post=4054"},{"taxonomy":"product_cat","embeddable":true,"href":"https:\/\/mountlaser.com\/fr_fr\/wp-json\/wp\/v2\/product_cat?post=4054"},{"taxonomy":"product_tag","embeddable":true,"href":"https:\/\/mountlaser.com\/fr_fr\/wp-json\/wp\/v2\/product_tag?post=4054"}],"curies":[{"name":"wp","href":"https:\/\/api.w.org\/{rel}","templated":true}]}}