{"id":4039,"date":"2025-11-12T01:10:24","date_gmt":"2025-11-12T01:10:24","guid":{"rendered":"https:\/\/mountlaser.com\/?post_type=product&#038;p=4039"},"modified":"2025-12-19T00:52:23","modified_gmt":"2025-12-19T00:52:23","slug":"ett20a-230bs3-medium-duty-elevator-tripod","status":"publish","type":"product","link":"https:\/\/mountlaser.com\/fr_fr\/produit\/ett20a-230bs3-medium-duty-elevator-tripod\/","title":{"rendered":"Tr\u00e9pied d&#039;ascenseur de capacit\u00e9 moyenne ETT20A-230BS3"},"content":{"rendered":"<p>Le <a href=\"https:\/\/mountlaser.com\/fr_fr\/\"><strong>Tr\u00e9pied \u00e9l\u00e9vateur de capacit\u00e9 moyenne<\/strong><\/a> est une solution robuste et polyvalente con\u00e7ue pour les applications laser lin\u00e9aires et lasers rotatifs dans les secteurs de la construction et de la topographie. Fabriqu\u00e9e en aluminium oxyd\u00e9 de haute qualit\u00e9, cette <a href=\"https:\/\/mountlaser.com\/fr_fr\/about-us\/\"><strong>Tr\u00e9pied de construction professionnel<\/strong><\/a> offre un \u00e9quilibre parfait entre robustesse, durabilit\u00e9 et portabilit\u00e9.<\/p>\n<p>Disponible en plusieurs configurations, notamment en versions 3 sections (S3) et 4 sections (S4), le tr\u00e9pied \u00e9l\u00e9vateur robuste garantit un r\u00e9glage en hauteur optimal et une stabilit\u00e9 parfaite sur tous types de chantiers. Ses pieds en forme de fer \u00e0 cheval assurent une adh\u00e9rence et un \u00e9quilibre accrus sur les surfaces irr\u00e9guli\u00e8res, tandis que sa structure l\u00e9g\u00e8re facilite le transport et l&#039;installation.<\/p>\n<p>Con\u00e7u pour une utilisation professionnelle intensive et durable, le tr\u00e9pied \u00e9l\u00e9vateur de moyenne capacit\u00e9 assure une mise \u00e0 niveau pr\u00e9cise et un support fiable pour les instruments laser. Que ce soit pour des travaux d&#039;alignement en int\u00e9rieur ou des mesures sur site en ext\u00e9rieur, il garantit une pr\u00e9cision constante et une grande facilit\u00e9 d&#039;utilisation.<\/p>\n<p><img fetchpriority=\"high\" decoding=\"async\" class=\"aligncenter wp-image-4048\" src=\"https:\/\/mountlaser.com\/wp-content\/uploads\/2025\/11\/ETT20-3003.webp\" alt=\"Medium-Duty Elevating Tripod\" width=\"500\" height=\"500\" srcset=\"https:\/\/mountlaser.com\/wp-content\/uploads\/2025\/11\/ETT20-3003.webp 1000w, https:\/\/mountlaser.com\/wp-content\/uploads\/2025\/11\/ETT20-3003-300x300.webp 300w, https:\/\/mountlaser.com\/wp-content\/uploads\/2025\/11\/ETT20-3003-400x400.webp 400w, https:\/\/mountlaser.com\/wp-content\/uploads\/2025\/11\/ETT20-3003-800x800.webp 800w, https:\/\/mountlaser.com\/wp-content\/uploads\/2025\/11\/ETT20-3003-600x600.webp 600w, https:\/\/mountlaser.com\/wp-content\/uploads\/2025\/11\/ETT20-3003-150x150.webp 150w, https:\/\/mountlaser.com\/wp-content\/uploads\/2025\/11\/ETT20-3003-768x768.webp 768w, https:\/\/mountlaser.com\/wp-content\/uploads\/2025\/11\/ETT20-3003-12x12.webp 12w\" sizes=\"(max-width: 500px) 100vw, 500px\" \/><\/p>\n<p><strong><a href=\"https:\/\/mountlaser.com\/fr_fr\/contact-us\/\">Tr\u00e9pied d&#039;ascenseur de r\u00e9sistance moyenne<\/a> Caract\u00e9ristiques<\/strong><\/p>\n<div>\n<table style=\"border-collapse: collapse; width: 1142.28pt;\" border=\"0\" width=\"1523\" cellspacing=\"0\" cellpadding=\"0\">\n<tbody>\n<tr style=\"height: 17.25pt;\">\n<td class=\"et2\" style=\"height: 17.25pt; width: 322.50pt;\" width=\"430\" height=\"23\">NOMBRE<\/td>\n<td class=\"et3\" style=\"width: 309.00pt;\" width=\"412\">COULEUR<\/td>\n<td class=\"et4\" style=\"width: 88.50pt;\" width=\"118\">MAT\u00c9RIEL<\/td>\n<td class=\"et5\" style=\"width: 138.00pt;\" width=\"184\">HAUTEUR DU TR\u00c9PIED<\/td>\n<td class=\"et5\" style=\"width: 176.25pt;\" width=\"235\">HAUTEUR DE TRAVAIL<\/td>\n<td class=\"et2\" style=\"width: 54.00pt;\" width=\"72\">NO.<\/td>\n<td class=\"et2\" style=\"width: 54.00pt;\" width=\"72\">SECTIONS<\/td>\n<\/tr>\n<tr style=\"height: 17.25pt;\">\n<td style=\"height: 17.25pt;\" height=\"23\">ETT20A-120BS3<\/td>\n<td class=\"et6\">Noir<\/td>\n<td class=\"et4\">Aluminium<\/td>\n<td class=\"et7\">49-127 cm<\/td>\n<td>45-120 cm<\/td>\n<td>1,35 kg<\/td>\n<td align=\"right\">3<\/td>\n<\/tr>\n<tr style=\"height: 17.25pt;\">\n<td style=\"height: 17.25pt;\" height=\"23\">ETT20A-160BS3<\/td>\n<td class=\"et6\">Noir<\/td>\n<td class=\"et4\">Aluminium<\/td>\n<td>600-169 cm<\/td>\n<td>550-160 cm<\/td>\n<td>1,55 kg<\/td>\n<td align=\"right\">3<\/td>\n<\/tr>\n<tr style=\"height: 17.25pt;\">\n<td style=\"height: 17.25pt;\" height=\"23\">ETT20A-180BS3<\/td>\n<td class=\"et6\">Noir<\/td>\n<td class=\"et4\">Aluminium<\/td>\n<td>660-189 cm<\/td>\n<td>620-180 cm<\/td>\n<td>1,70 kg<\/td>\n<td align=\"right\">3<\/td>\n<\/tr>\n<tr style=\"height: 17.25pt;\">\n<td style=\"height: 17.25pt;\" height=\"23\">ETT20A-230BS3<\/td>\n<td class=\"et6\">Noir<\/td>\n<td class=\"et4\">Aluminium<\/td>\n<td>830-240 cm<\/td>\n<td>780-230 cm<\/td>\n<td>2,05 kg<\/td>\n<td align=\"right\">3<\/td>\n<\/tr>\n<tr style=\"height: 17.25pt;\">\n<td style=\"height: 17.25pt;\" height=\"23\">ETT20A-300BS4<\/td>\n<td class=\"et6\">Noir<\/td>\n<td class=\"et4\">Aluminium<\/td>\n<td>900-312 cm<\/td>\n<td>850-300 cm<\/td>\n<td>2,45 kg<\/td>\n<td align=\"right\">4<\/td>\n<\/tr>\n<\/tbody>\n<\/table>\n<\/div>\n<p>&nbsp;<\/p>","protected":false},"excerpt":{"rendered":"<ul>\n<li>Id\u00e9al pour les applications laser lin\u00e9aires et rotatives.<\/li>\n<li>Fabriqu\u00e9 en aluminium oxyd\u00e9 durable.<\/li>\n<li>Pieds en forme de fer \u00e0 cheval pour une stabilit\u00e9 optimale.<\/li>\n<li>Disponible en versions \u00e0 3 et 4 sections pour un contr\u00f4le polyvalent de la hauteur.<\/li>\n<li>Conception l\u00e9g\u00e8re pour une portabilit\u00e9 et une installation faciles.<\/li>\n<\/ul>","protected":false},"featured_media":4042,"comment_status":"open","ping_status":"closed","template":"","meta":[],"product_brand":[],"product_cat":[94,122],"product_tag":[],"class_list":{"0":"post-4039","1":"product","2":"type-product","3":"status-publish","4":"has-post-thumbnail","6":"product_cat-laser-level-accessory","7":"product_cat-laser-level-tripod","9":"first","10":"instock","11":"shipping-taxable","12":"product-type-simple"},"_links":{"self":[{"href":"https:\/\/mountlaser.com\/fr_fr\/wp-json\/wp\/v2\/product\/4039","targetHints":{"allow":["GET"]}}],"collection":[{"href":"https:\/\/mountlaser.com\/fr_fr\/wp-json\/wp\/v2\/product"}],"about":[{"href":"https:\/\/mountlaser.com\/fr_fr\/wp-json\/wp\/v2\/types\/product"}],"replies":[{"embeddable":true,"href":"https:\/\/mountlaser.com\/fr_fr\/wp-json\/wp\/v2\/comments?post=4039"}],"wp:featuredmedia":[{"embeddable":true,"href":"https:\/\/mountlaser.com\/fr_fr\/wp-json\/wp\/v2\/media\/4042"}],"wp:attachment":[{"href":"https:\/\/mountlaser.com\/fr_fr\/wp-json\/wp\/v2\/media?parent=4039"}],"wp:term":[{"taxonomy":"product_brand","embeddable":true,"href":"https:\/\/mountlaser.com\/fr_fr\/wp-json\/wp\/v2\/product_brand?post=4039"},{"taxonomy":"product_cat","embeddable":true,"href":"https:\/\/mountlaser.com\/fr_fr\/wp-json\/wp\/v2\/product_cat?post=4039"},{"taxonomy":"product_tag","embeddable":true,"href":"https:\/\/mountlaser.com\/fr_fr\/wp-json\/wp\/v2\/product_tag?post=4039"}],"curies":[{"name":"wp","href":"https:\/\/api.w.org\/{rel}","templated":true}]}}