{"id":4027,"date":"2025-11-11T09:10:43","date_gmt":"2025-11-11T09:10:43","guid":{"rendered":"https:\/\/mountlaser.com\/?post_type=product&#038;p=4027"},"modified":"2025-12-18T08:44:02","modified_gmt":"2025-12-18T08:44:02","slug":"ba3-160hp-black-elevator-tripod","status":"publish","type":"product","link":"https:\/\/mountlaser.com\/fr_fr\/produit\/ba3-160hp-black-elevator-tripod\/","title":{"rendered":"Tr\u00e9pied \u00e9l\u00e9vateur noir BA3-160HP"},"content":{"rendered":"<p>Le <a href=\"https:\/\/mountlaser.com\/fr_fr\/\"><strong>Tr\u00e9pied \u00e9l\u00e9vateur noir BA3-160HP<\/strong> <\/a>est un <a href=\"https:\/\/mountlaser.com\/fr_fr\/products\/\"><strong>Tr\u00e9pied de niveau laser de haute qualit\u00e9<\/strong> <\/a>Con\u00e7u pour les professionnels exigeant une stabilit\u00e9, une pr\u00e9cision et une polyvalence maximales dans leurs travaux de mesure, ce tr\u00e9pied robuste en aluminium oxyd\u00e9 offre une solidit\u00e9 exceptionnelle tout en conservant une structure l\u00e9g\u00e8re pour un transport ais\u00e9.<\/p>\n<p>Avec sa finition noire \u00e9l\u00e9gante, le tr\u00e9pied d&#039;\u00e9l\u00e9vateur BA3-160HP est dot\u00e9 d&#039;un pied en forme de fer \u00e0 cheval assurant une stabilit\u00e9 optimale, m\u00eame sur les surfaces irr\u00e9guli\u00e8res. \u00c9quip\u00e9 d&#039;un crochet central et de patins antid\u00e9rapants en caoutchouc (en option), il garantit une prise en main fiable et r\u00e9duit les vibrations lors de son utilisation. Ce tr\u00e9pied pour niveau laser de haute qualit\u00e9 comprend \u00e9galement une t\u00eate inclinable amovible avec filetage 1\/4\u2033-20, compatible avec divers niveaux et instruments laser.<\/p>\n<p>Disponible en <a href=\"https:\/\/mountlaser.com\/fr_fr\/contact-us\/\">plusieurs options de hauteur<\/a>\u2014De 45 cm \u00e0 300 cm\u2014le tr\u00e9pied \u00e9l\u00e9vateur BA3-160HP noir r\u00e9pond aux besoins d&#039;une vaste gamme d&#039;applications dans les domaines de la construction, de la topographie et de l&#039;alignement. Con\u00e7u pour offrir une pr\u00e9cision de nivellement optimale, il est le choix privil\u00e9gi\u00e9 des professionnels qui privil\u00e9gient \u00e0 la fois la durabilit\u00e9 et la pr\u00e9cision.<\/p>\n<p><img fetchpriority=\"high\" decoding=\"async\" class=\"aligncenter wp-image-4031\" src=\"https:\/\/mountlaser.com\/wp-content\/uploads\/2025\/11\/B3160HP4.webp\" alt=\"BA3-160HP Black Elevator Tripod\" width=\"500\" height=\"500\" srcset=\"https:\/\/mountlaser.com\/wp-content\/uploads\/2025\/11\/B3160HP4.webp 1000w, https:\/\/mountlaser.com\/wp-content\/uploads\/2025\/11\/B3160HP4-300x300.webp 300w, https:\/\/mountlaser.com\/wp-content\/uploads\/2025\/11\/B3160HP4-400x400.webp 400w, https:\/\/mountlaser.com\/wp-content\/uploads\/2025\/11\/B3160HP4-800x800.webp 800w, https:\/\/mountlaser.com\/wp-content\/uploads\/2025\/11\/B3160HP4-600x600.webp 600w, https:\/\/mountlaser.com\/wp-content\/uploads\/2025\/11\/B3160HP4-150x150.webp 150w, https:\/\/mountlaser.com\/wp-content\/uploads\/2025\/11\/B3160HP4-768x768.webp 768w, https:\/\/mountlaser.com\/wp-content\/uploads\/2025\/11\/B3160HP4-12x12.webp 12w\" sizes=\"(max-width: 500px) 100vw, 500px\" \/><\/p>\n<p><strong>Sp\u00e9cifications du tr\u00e9pied d&#039;ascenseur noir BA3-160HP<\/strong><\/p>\n<div>\n<table style=\"border-collapse: collapse; width: 564.02pt;\" border=\"0\" width=\"752\" cellspacing=\"0\" cellpadding=\"0\">\n<tbody>\n<tr style=\"height: 14.25pt;\">\n<td class=\"et2\" style=\"height: 14.25pt; width: 127.50pt;\" width=\"170\" height=\"19\">NOMBRE<\/td>\n<td class=\"et3\" style=\"width: 92.25pt;\" width=\"123\">COULEUR<\/td>\n<td class=\"et3\" style=\"width: 77.25pt;\" width=\"103\">MAT\u00c9RIEL<\/td>\n<td class=\"et3\" style=\"width: 96.75pt;\" width=\"129\">HAUTEUR<\/td>\n<td class=\"et3\" style=\"width: 170.25pt;\" width=\"227\">FIL<\/td>\n<\/tr>\n<tr style=\"height: 14.25pt;\">\n<td class=\"et4\" style=\"height: 14.25pt;\" height=\"19\">EBA3-120\/150\/180 CV<\/td>\n<td class=\"et4\">Noir<\/td>\n<td class=\"et4\">Aluminium<\/td>\n<td class=\"et4\">120\/150\/180 cm<\/td>\n<td class=\"et4\">T\u00eate en plastique 5\/8\u2033-11<\/td>\n<\/tr>\n<tr style=\"height: 14.25pt;\">\n<td class=\"et4\" style=\"height: 14.25pt;\" height=\"19\">BA3\/120\/160 CV<\/td>\n<td class=\"et4\">Noir<\/td>\n<td class=\"et4\">Aluminium<\/td>\n<td class=\"et4\">120\/160 cm<\/td>\n<td class=\"et4\">T\u00eate en plastique 5\/8\u2033-11<\/td>\n<\/tr>\n<tr style=\"height: 14.25pt;\">\n<td class=\"et4\" style=\"height: 14.25pt;\" height=\"19\">BA3-180\/200HB<\/td>\n<td class=\"et4\">Noir<\/td>\n<td class=\"et4\">Aluminium<\/td>\n<td class=\"et4\">180\/200 cm<\/td>\n<td class=\"et4\">T\u00eate ronde de grande taille 5\/8\u2033-11<\/td>\n<\/tr>\n<tr style=\"height: 14.25pt;\">\n<td class=\"et4\" style=\"height: 14.25pt;\" height=\"19\">BA3-300HA<\/td>\n<td class=\"et4\">Noir<\/td>\n<td class=\"et4\">Aluminium<\/td>\n<td class=\"et4\">300 cm<\/td>\n<td class=\"et4\">T\u00eate en aluminium 5\/8\u2033-11<\/td>\n<\/tr>\n<\/tbody>\n<\/table>\n<\/div>","protected":false},"excerpt":{"rendered":"<ul>\n<li>Mat\u00e9riau : Aluminium oxyd\u00e9 pour une durabilit\u00e9 l\u00e9g\u00e8re<\/li>\n<li>Couleur : Finition noire mate professionnelle<\/li>\n<li>Type de pied\u00a0: Base en forme de fer \u00e0 cheval avec rev\u00eatement antid\u00e9rapant en caoutchouc en option<\/li>\n<li>Hauteur maximale\u00a0: 0,45 m \u2013 3,0 m<\/li>\n<li>Option suppl\u00e9mentaire\u00a0: Crochet central pour une stabilit\u00e9 accrue<\/li>\n<\/ul>","protected":false},"featured_media":4028,"comment_status":"open","ping_status":"closed","template":"","meta":[],"product_brand":[],"product_cat":[122,94],"product_tag":[],"class_list":{"0":"post-4027","1":"product","2":"type-product","3":"status-publish","4":"has-post-thumbnail","6":"product_cat-laser-level-tripod","7":"product_cat-laser-level-accessory","9":"first","10":"instock","11":"shipping-taxable","12":"product-type-simple"},"_links":{"self":[{"href":"https:\/\/mountlaser.com\/fr_fr\/wp-json\/wp\/v2\/product\/4027","targetHints":{"allow":["GET"]}}],"collection":[{"href":"https:\/\/mountlaser.com\/fr_fr\/wp-json\/wp\/v2\/product"}],"about":[{"href":"https:\/\/mountlaser.com\/fr_fr\/wp-json\/wp\/v2\/types\/product"}],"replies":[{"embeddable":true,"href":"https:\/\/mountlaser.com\/fr_fr\/wp-json\/wp\/v2\/comments?post=4027"}],"wp:featuredmedia":[{"embeddable":true,"href":"https:\/\/mountlaser.com\/fr_fr\/wp-json\/wp\/v2\/media\/4028"}],"wp:attachment":[{"href":"https:\/\/mountlaser.com\/fr_fr\/wp-json\/wp\/v2\/media?parent=4027"}],"wp:term":[{"taxonomy":"product_brand","embeddable":true,"href":"https:\/\/mountlaser.com\/fr_fr\/wp-json\/wp\/v2\/product_brand?post=4027"},{"taxonomy":"product_cat","embeddable":true,"href":"https:\/\/mountlaser.com\/fr_fr\/wp-json\/wp\/v2\/product_cat?post=4027"},{"taxonomy":"product_tag","embeddable":true,"href":"https:\/\/mountlaser.com\/fr_fr\/wp-json\/wp\/v2\/product_tag?post=4027"}],"curies":[{"name":"wp","href":"https:\/\/api.w.org\/{rel}","templated":true}]}}