{"id":3985,"date":"2025-11-11T07:06:43","date_gmt":"2025-11-11T07:06:43","guid":{"rendered":"https:\/\/mountlaser.com\/?post_type=product&#038;p=3985"},"modified":"2025-12-18T09:20:57","modified_gmt":"2025-12-18T09:20:57","slug":"sa2-150hp-silver-elevator-tripod","status":"publish","type":"product","link":"https:\/\/mountlaser.com\/fr_fr\/produit\/sa2-150hp-silver-elevator-tripod\/","title":{"rendered":"Tr\u00e9pied \u00e9l\u00e9vateur argent\u00e9 SA2-150HP"},"content":{"rendered":"<p data-start=\"281\" data-end=\"787\">Le <a href=\"https:\/\/mountlaser.com\/fr_fr\/products\/\"><strong data-start=\"285\" data-end=\"321\">Tr\u00e9pied \u00e9l\u00e9vateur argent\u00e9 SA2-120HP<\/strong><\/a> est une solution de support polyvalente et durable, con\u00e7ue pour les travaux professionnels de nivellement et de topographie laser. Fabriqu\u00e9e en aluminium oxyd\u00e9 de haute qualit\u00e9, elle offre une excellente robustesse tout en restant l\u00e9g\u00e8re et r\u00e9sistante \u00e0 la corrosion. Alternative haut de gamme au sein de la gamme <a href=\"https:\/\/mountlaser.com\/fr_fr\/\"><strong data-start=\"588\" data-end=\"622\">Tr\u00e9pied d&#039;ascenseur en aluminium noir<\/strong><\/a> Dans cette cat\u00e9gorie, le tr\u00e9pied \u00e9l\u00e9vateur SA2-120HP Silver offre la m\u00eame stabilit\u00e9 de qualit\u00e9 professionnelle avec une finition argent\u00e9e distinctive et des options de configuration am\u00e9lior\u00e9es.<\/p>\n<p data-start=\"789\" data-end=\"1342\">Dot\u00e9 de pieds en forme de fer \u00e0 cheval, le tr\u00e9pied d&#039;ascenseur SA2-120HP argent\u00e9 offre une excellente adh\u00e9rence au sol et un \u00e9quilibre fiable m\u00eame sur les terrains accident\u00e9s. Sa conception assure un positionnement laser pr\u00e9cis, comparable \u00e0 celui d&#039;un tr\u00e9pied d&#039;ascenseur en aluminium noir, ce qui le rend id\u00e9al pour les travaux d&#039;implantation, l&#039;installation int\u00e9rieure et les travaux de nivellement. Disponible en trois hauteurs (1,20 m, 1,50 m et 1,80 m), le tr\u00e9pied d&#039;ascenseur SA2-120HP argent\u00e9 s&#039;adapte facilement \u00e0 diverses conditions de travail tout en conservant la robustesse attendue d&#039;un tr\u00e9pied d&#039;ascenseur en aluminium noir.<\/p>\n<p data-start=\"1344\" data-end=\"1905\">Le tr\u00e9pied \u00e9l\u00e9vateur argent\u00e9 SA2-120HP est livr\u00e9 de s\u00e9rie avec une t\u00eate en plastique dot\u00e9e d&#039;un filetage 5\/8\u2033-11, compatible avec la plupart des niveaux laser et instruments de topographie. Pour une plus grande flexibilit\u00e9, des t\u00eates optionnelles sont disponibles, notamment une t\u00eate en aluminium, une grande t\u00eate ronde galvanis\u00e9e ou une t\u00eate inclinable amovible avec filetage 1\/4\u2033-20. Des accessoires optionnels tels qu&#039;une poign\u00e9e de transport et un crochet central am\u00e9liorent encore son utilisation et facilitent son positionnement. <a href=\"https:\/\/mountlaser.com\/fr_fr\/contact-us\/\">Tr\u00e9pied \u00e9l\u00e9vateur argent\u00e9 SA2-120HP<\/a> comme alternative flexible et de grande valeur \u00e0 un tr\u00e9pied d&#039;ascenseur traditionnel en aluminium noir.<\/p>\n<p><img fetchpriority=\"high\" decoding=\"async\" class=\"aligncenter wp-image-3990\" src=\"https:\/\/mountlaser.com\/wp-content\/uploads\/2025\/11\/S2150HP5.webp\" alt=\"SA2-120HP Silver Elevator Tripod\" width=\"500\" height=\"500\" srcset=\"https:\/\/mountlaser.com\/wp-content\/uploads\/2025\/11\/S2150HP5.webp 1000w, https:\/\/mountlaser.com\/wp-content\/uploads\/2025\/11\/S2150HP5-300x300.webp 300w, https:\/\/mountlaser.com\/wp-content\/uploads\/2025\/11\/S2150HP5-400x400.webp 400w, https:\/\/mountlaser.com\/wp-content\/uploads\/2025\/11\/S2150HP5-800x800.webp 800w, https:\/\/mountlaser.com\/wp-content\/uploads\/2025\/11\/S2150HP5-600x600.webp 600w, https:\/\/mountlaser.com\/wp-content\/uploads\/2025\/11\/S2150HP5-150x150.webp 150w, https:\/\/mountlaser.com\/wp-content\/uploads\/2025\/11\/S2150HP5-768x768.webp 768w, https:\/\/mountlaser.com\/wp-content\/uploads\/2025\/11\/S2150HP5-12x12.webp 12w\" sizes=\"(max-width: 500px) 100vw, 500px\" \/><\/p>\n<table width=\"818\">\n<tbody>\n<tr>\n<td width=\"170\">NOMBRE<\/td>\n<td width=\"123\">COULEUR<\/td>\n<td width=\"103\">MAT\u00c9RIEL<\/td>\n<td width=\"129\">HAUTEUR<\/td>\n<td width=\"293\">FIL<\/td>\n<\/tr>\n<tr>\n<td>SA2-120\/150\/180 CV<\/td>\n<td>\u00a0Argent<\/td>\n<td>Aluminium<\/td>\n<td>120\/150\/180 cm<\/td>\n<td>T\u00eate en plastique 5\/8\u2033-11<\/td>\n<\/tr>\n<tr>\n<td>SA2-120\/150\/180HA<\/td>\n<td>\u00a0Argent<\/td>\n<td>Aluminium<\/td>\n<td>120\/150\/180 cm<\/td>\n<td>T\u00eate en aluminium 5\/8\u2033-11<\/td>\n<\/tr>\n<tr>\n<td>SA2-120\/150\/180HB<\/td>\n<td>\u00a0Argent<\/td>\n<td>Aluminium<\/td>\n<td>120\/150\/180 cm<\/td>\n<td>T\u00eate ronde de grande taille 5\/8\u2033-11<\/td>\n<\/tr>\n<tr>\n<td>SA2-120\/150\/180 HPR<\/td>\n<td>\u00a0Argent<\/td>\n<td>Aluminium<\/td>\n<td>120\/150\/180 cm<\/td>\n<td>T\u00eate en plastique 5\/8\u2033-11 + t\u00eate inclinable amovible 1\/4\u2033-20<\/td>\n<\/tr>\n<\/tbody>\n<\/table>","protected":false},"excerpt":{"rendered":"<ul>\n<li>Fournit un support stable et pr\u00e9cis pour les niveaux laser et les instruments de topographie.<\/li>\n<li>Le r\u00e9glage en hauteur de type ascenseur permet un positionnement pr\u00e9cis \u00e0 plusieurs hauteurs de travail.<\/li>\n<li>Les pieds en forme de fer \u00e0 cheval am\u00e9liorent la stabilit\u00e9 sur les surfaces in\u00e9gales ou molles.<\/li>\n<li>Plusieurs options de t\u00eates assurent la compatibilit\u00e9 avec diff\u00e9rents instruments et applications<\/li>\n<li>Poign\u00e9e et crochet central en option pour une meilleure portabilit\u00e9 et un confort accru sur site<\/li>\n<\/ul>","protected":false},"featured_media":3989,"comment_status":"open","ping_status":"closed","template":"","meta":[],"product_brand":[],"product_cat":[94,122],"product_tag":[],"class_list":{"0":"post-3985","1":"product","2":"type-product","3":"status-publish","4":"has-post-thumbnail","6":"product_cat-laser-level-accessory","7":"product_cat-laser-level-tripod","9":"first","10":"instock","11":"shipping-taxable","12":"product-type-simple"},"_links":{"self":[{"href":"https:\/\/mountlaser.com\/fr_fr\/wp-json\/wp\/v2\/product\/3985","targetHints":{"allow":["GET"]}}],"collection":[{"href":"https:\/\/mountlaser.com\/fr_fr\/wp-json\/wp\/v2\/product"}],"about":[{"href":"https:\/\/mountlaser.com\/fr_fr\/wp-json\/wp\/v2\/types\/product"}],"replies":[{"embeddable":true,"href":"https:\/\/mountlaser.com\/fr_fr\/wp-json\/wp\/v2\/comments?post=3985"}],"wp:featuredmedia":[{"embeddable":true,"href":"https:\/\/mountlaser.com\/fr_fr\/wp-json\/wp\/v2\/media\/3989"}],"wp:attachment":[{"href":"https:\/\/mountlaser.com\/fr_fr\/wp-json\/wp\/v2\/media?parent=3985"}],"wp:term":[{"taxonomy":"product_brand","embeddable":true,"href":"https:\/\/mountlaser.com\/fr_fr\/wp-json\/wp\/v2\/product_brand?post=3985"},{"taxonomy":"product_cat","embeddable":true,"href":"https:\/\/mountlaser.com\/fr_fr\/wp-json\/wp\/v2\/product_cat?post=3985"},{"taxonomy":"product_tag","embeddable":true,"href":"https:\/\/mountlaser.com\/fr_fr\/wp-json\/wp\/v2\/product_tag?post=3985"}],"curies":[{"name":"wp","href":"https:\/\/api.w.org\/{rel}","templated":true}]}}