{"id":3974,"date":"2025-11-11T06:03:38","date_gmt":"2025-11-11T06:03:38","guid":{"rendered":"https:\/\/mountlaser.com\/?post_type=product&#038;p=3974"},"modified":"2025-12-18T07:00:10","modified_gmt":"2025-12-18T07:00:10","slug":"sa11-050f-silver-mini-elevator-tripod","status":"publish","type":"product","link":"https:\/\/mountlaser.com\/fr_fr\/produit\/sa11-050f-silver-mini-elevator-tripod\/","title":{"rendered":"Tr\u00e9pied \u00e9l\u00e9vateur miniature argent\u00e9 SA11-050F"},"content":{"rendered":"<p>Le <a href=\"https:\/\/mountlaser.com\/fr_fr\/\"><strong>Mini tr\u00e9pied d&#039;ascenseur argent\u00e9<\/strong><\/a> est compact et durable <a href=\"https:\/\/mountlaser.com\/fr_fr\/products\/\"><strong>Tr\u00e9pied \u00e0 niveau laser \u00e0 t\u00eate inclinable SA11-050F<\/strong><\/a> Con\u00e7u pour les professionnels exigeant pr\u00e9cision et l\u00e9g\u00e8ret\u00e9, ce tr\u00e9pied en aluminium oxyd\u00e9 allie robustesse et portabilit\u00e9, ce qui le rend id\u00e9al pour le nivellement laser, l&#039;installation int\u00e9rieure et les applications de mesure de pr\u00e9cision.<\/p>\n<p>Avec sa finition argent\u00e9e \u00e9l\u00e9gante, le tr\u00e9pied Silver Mini Elevator est dot\u00e9 d&#039;une t\u00eate inclinable fixe et d&#039;un filetage amovible 1\/4\u2033-20, permettant un r\u00e9glage ais\u00e9 des angles du laser et la fixation de divers outils de nivellement. Disponible en 50 cm et 100 cm de hauteur, le tr\u00e9pied laser \u00e0 t\u00eate inclinable SA11-050F offre une grande flexibilit\u00e9 pour les mesures sur table et en faible hauteur, garantissant une pr\u00e9cision optimale m\u00eame dans les espaces de travail restreints ou n\u00e9cessitant une grande pr\u00e9cision.<\/p>\n<p>Le <a href=\"https:\/\/mountlaser.com\/fr_fr\/contact-us\/\">Mini tr\u00e9pied d&#039;ascenseur argent\u00e9<\/a>\u2019Son cadre stable en aluminium et son r\u00e9glage pr\u00e9cis de l&#039;inclinaison en font un excellent choix pour les entrepreneurs, les ing\u00e9nieurs et les g\u00e9om\u00e8tres qui privil\u00e9gient la stabilit\u00e9 et le contr\u00f4le dans des environnements compacts.<\/p>\n<p><img fetchpriority=\"high\" decoding=\"async\" class=\"aligncenter wp-image-3976\" src=\"https:\/\/mountlaser.com\/wp-content\/uploads\/2025\/11\/S110502.webp\" alt=\"SA11-050F Silver Mini Elevator Tripod\" width=\"500\" height=\"500\" srcset=\"https:\/\/mountlaser.com\/wp-content\/uploads\/2025\/11\/S110502.webp 1000w, https:\/\/mountlaser.com\/wp-content\/uploads\/2025\/11\/S110502-300x300.webp 300w, https:\/\/mountlaser.com\/wp-content\/uploads\/2025\/11\/S110502-400x400.webp 400w, https:\/\/mountlaser.com\/wp-content\/uploads\/2025\/11\/S110502-800x800.webp 800w, https:\/\/mountlaser.com\/wp-content\/uploads\/2025\/11\/S110502-600x600.webp 600w, https:\/\/mountlaser.com\/wp-content\/uploads\/2025\/11\/S110502-150x150.webp 150w, https:\/\/mountlaser.com\/wp-content\/uploads\/2025\/11\/S110502-768x768.webp 768w, https:\/\/mountlaser.com\/wp-content\/uploads\/2025\/11\/S110502-12x12.webp 12w\" sizes=\"(max-width: 500px) 100vw, 500px\" \/><\/p>\n<div>\n<table style=\"border-collapse: collapse; width: 1034.28pt;\" border=\"0\" width=\"1379\" cellspacing=\"0\" cellpadding=\"0\">\n<tbody>\n<tr style=\"height: 17.25pt;\">\n<td class=\"et2\" style=\"height: 17.25pt; width: 322.50pt;\" width=\"430\" height=\"23\">NOMBRE<\/td>\n<td class=\"et3\" style=\"width: 309.00pt;\" width=\"412\">COULEUR<\/td>\n<td class=\"et4\" style=\"width: 88.50pt;\" width=\"118\">MAT\u00c9RIEL<\/td>\n<td class=\"et4\" style=\"width: 138.00pt;\" width=\"184\">HAUTEUR<\/td>\n<td class=\"et4\" style=\"width: 176.25pt;\" width=\"235\">FIL<\/td>\n<\/tr>\n<tr style=\"height: 17.25pt;\">\n<td class=\"et5\" style=\"height: 17.25pt;\" height=\"23\">SA11-050F<\/td>\n<td class=\"et5\">Argent<\/td>\n<td class=\"et4\">Aluminium<\/td>\n<td class=\"et5\">50 cm<\/td>\n<td class=\"et5\">T\u00eate inclinable fixe Filetage 1\/4\u2033-20<\/td>\n<\/tr>\n<tr style=\"height: 17.25pt;\">\n<td class=\"et5\" style=\"height: 17.25pt;\" height=\"23\">SA11-100F<\/td>\n<td class=\"et5\">Argent<\/td>\n<td class=\"et4\">Aluminium<\/td>\n<td class=\"et5\">100 cm<\/td>\n<td class=\"et5\">T\u00eate inclinable fixe Filetage 1\/4\u2033-20<\/td>\n<\/tr>\n<\/tbody>\n<\/table>\n<\/div>","protected":false},"excerpt":{"rendered":"<ul>\n<li>Mat\u00e9riau : Aluminium oxyd\u00e9 pour plus de durabilit\u00e9 et de l\u00e9g\u00e8ret\u00e9<\/li>\n<li>Couleur : Finition argent\u00e9e professionnelle<\/li>\n<li>Type de t\u00eate : T\u00eate inclinable fixe avec filetage amovible 1\/4\u2033-20<\/li>\n<li>Options de hauteur\u00a0: 50\u00a0cm \/ 100\u00a0cm (personnalisable)<\/li>\n<li>Conception : Compact et stable pour une utilisation \u00e0 faible hauteur ou sur une table<\/li>\n<\/ul>","protected":false},"featured_media":3976,"comment_status":"open","ping_status":"closed","template":"","meta":[],"product_brand":[],"product_cat":[94,122],"product_tag":[],"class_list":{"0":"post-3974","1":"product","2":"type-product","3":"status-publish","4":"has-post-thumbnail","6":"product_cat-laser-level-accessory","7":"product_cat-laser-level-tripod","9":"first","10":"instock","11":"shipping-taxable","12":"product-type-simple"},"_links":{"self":[{"href":"https:\/\/mountlaser.com\/fr_fr\/wp-json\/wp\/v2\/product\/3974","targetHints":{"allow":["GET"]}}],"collection":[{"href":"https:\/\/mountlaser.com\/fr_fr\/wp-json\/wp\/v2\/product"}],"about":[{"href":"https:\/\/mountlaser.com\/fr_fr\/wp-json\/wp\/v2\/types\/product"}],"replies":[{"embeddable":true,"href":"https:\/\/mountlaser.com\/fr_fr\/wp-json\/wp\/v2\/comments?post=3974"}],"wp:featuredmedia":[{"embeddable":true,"href":"https:\/\/mountlaser.com\/fr_fr\/wp-json\/wp\/v2\/media\/3976"}],"wp:attachment":[{"href":"https:\/\/mountlaser.com\/fr_fr\/wp-json\/wp\/v2\/media?parent=3974"}],"wp:term":[{"taxonomy":"product_brand","embeddable":true,"href":"https:\/\/mountlaser.com\/fr_fr\/wp-json\/wp\/v2\/product_brand?post=3974"},{"taxonomy":"product_cat","embeddable":true,"href":"https:\/\/mountlaser.com\/fr_fr\/wp-json\/wp\/v2\/product_cat?post=3974"},{"taxonomy":"product_tag","embeddable":true,"href":"https:\/\/mountlaser.com\/fr_fr\/wp-json\/wp\/v2\/product_tag?post=3974"}],"curies":[{"name":"wp","href":"https:\/\/api.w.org\/{rel}","templated":true}]}}