{"id":3955,"date":"2025-11-11T05:43:10","date_gmt":"2025-11-11T05:43:10","guid":{"rendered":"https:\/\/mountlaser.com\/?post_type=product&#038;p=3955"},"modified":"2025-12-18T08:11:52","modified_gmt":"2025-12-18T08:11:52","slug":"ba5-120-150hf-black-elevator-tripod","status":"publish","type":"product","link":"https:\/\/mountlaser.com\/fr_fr\/produit\/ba5-120-150hf-black-elevator-tripod\/","title":{"rendered":"Tr\u00e9pied \u00e9l\u00e9vateur noir BA5-120\/150HF"},"content":{"rendered":"<p>Le <a href=\"https:\/\/mountlaser.com\/fr_fr\/\"><strong>Tr\u00e9pied d&#039;ascenseur noir<\/strong><\/a> est un produit durable et de qualit\u00e9 professionnelle <a href=\"https:\/\/mountlaser.com\/fr_fr\/products\/\"><strong>Tr\u00e9pied \u00e0 niveau laser \u00e0 t\u00eate inclinable<\/strong> <\/a>Con\u00e7u pour offrir une stabilit\u00e9, une pr\u00e9cision et une flexibilit\u00e9 optimales lors des travaux de nivellement laser et de topographie, ce tr\u00e9pied d&#039;ascenseur noir est fabriqu\u00e9 en aluminium oxyd\u00e9 de haute qualit\u00e9. Sa structure l\u00e9g\u00e8re le rend facile \u00e0 transporter et lui assure une grande durabilit\u00e9.<\/p>\n<p>Le tr\u00e9pied Black Elevator est dot\u00e9 d&#039;une t\u00eate inclinable fixe avec filetage amovible 1\/4\u2033-20, permettant un r\u00e9glage ais\u00e9 de l&#039;angle de l&#039;instrument et la fixation s\u00e9curis\u00e9e de diff\u00e9rents types de niveaux laser et d&#039;appareils de mesure. Son pied en forme de fer \u00e0 cheval assure une excellente adh\u00e9rence sur les surfaces irr\u00e9guli\u00e8res ou rugueuses, garantissant une stabilit\u00e9 optimale dans tous les environnements de travail.<\/p>\n<p><img fetchpriority=\"high\" decoding=\"async\" class=\"aligncenter wp-image-3959\" src=\"https:\/\/mountlaser.com\/wp-content\/uploads\/2025\/11\/B5120HF4.webp\" alt=\"BA5-120HF BLACK ELEVATOR TRIPOD\" width=\"500\" height=\"500\" srcset=\"https:\/\/mountlaser.com\/wp-content\/uploads\/2025\/11\/B5120HF4.webp 1000w, https:\/\/mountlaser.com\/wp-content\/uploads\/2025\/11\/B5120HF4-300x300.webp 300w, https:\/\/mountlaser.com\/wp-content\/uploads\/2025\/11\/B5120HF4-400x400.webp 400w, https:\/\/mountlaser.com\/wp-content\/uploads\/2025\/11\/B5120HF4-800x800.webp 800w, https:\/\/mountlaser.com\/wp-content\/uploads\/2025\/11\/B5120HF4-600x600.webp 600w, https:\/\/mountlaser.com\/wp-content\/uploads\/2025\/11\/B5120HF4-150x150.webp 150w, https:\/\/mountlaser.com\/wp-content\/uploads\/2025\/11\/B5120HF4-768x768.webp 768w, https:\/\/mountlaser.com\/wp-content\/uploads\/2025\/11\/B5120HF4-12x12.webp 12w\" sizes=\"(max-width: 500px) 100vw, 500px\" \/><\/p>\n<p>Disponible en 120 cm et 150 cm <a href=\"https:\/\/mountlaser.com\/fr_fr\/contact-us\/\">options de hauteur<\/a>, Le tr\u00e9pied \u00e0 niveau laser \u00e0 t\u00eate inclinable peut \u00eatre personnalis\u00e9 pour r\u00e9pondre \u00e0 des besoins de mesure sp\u00e9cifiques. Son \u00e9l\u00e9gante finition en oxyde noir lui conf\u00e8re non seulement une allure professionnelle, mais aussi une r\u00e9sistance \u00e0 la corrosion et \u00e0 l&#039;usure, ce qui en fait un outil fiable pour tous vos projets de mesure, en int\u00e9rieur comme en ext\u00e9rieur.<\/p>\n<table style=\"height: 241px;\" width=\"862\">\n<tbody>\n<tr>\n<td width=\"170\">NOMBRE<\/td>\n<td width=\"123\">COULEUR<\/td>\n<td width=\"103\">MAT\u00c9RIEL<\/td>\n<td width=\"96\">HAUTEUR<\/td>\n<td width=\"227\">FIL<\/td>\n<\/tr>\n<tr>\n<td>BS5-120HF<\/td>\n<td>Noir<\/td>\n<td>Acier<\/td>\n<td>120 cm<\/td>\n<td rowspan=\"4\" width=\"227\">\u00a0T\u00eate inclinable fixe avec filetage amovible 1\/4\u2033-20<\/td>\n<\/tr>\n<tr>\n<td>BS5-150HF<\/td>\n<td>Noir<\/td>\n<td>Acier<\/td>\n<td>150 cm<\/td>\n<\/tr>\n<tr>\n<td>BA5-120HF<\/td>\n<td>Noir<\/td>\n<td>Aluminium<\/td>\n<td>120 cm<\/td>\n<\/tr>\n<tr>\n<td>BA5-150HF<\/td>\n<td>Noir<\/td>\n<td>Aluminium<\/td>\n<td>150 cm<\/td>\n<\/tr>\n<\/tbody>\n<\/table>\n<p>&nbsp;<\/p>","protected":false},"excerpt":{"rendered":"<ul>\n<li>Type de t\u00eate : T\u00eate inclinable fixe avec filetage amovible 1\/4\u2033-20<\/li>\n<li>Options de hauteur\u00a0: 120\u00a0cm \/ 150\u00a0cm (personnalisable)<\/li>\n<li>Conception du pied : en forme de fer \u00e0 cheval pour un contact ferme avec le sol<\/li>\n<li>Couleur : Finition noire \u00e9l\u00e9gante pour une apparence professionnelle<\/li>\n<\/ul>","protected":false},"featured_media":3966,"comment_status":"open","ping_status":"closed","template":"","meta":[],"product_brand":[],"product_cat":[94,122],"product_tag":[],"class_list":{"0":"post-3955","1":"product","2":"type-product","3":"status-publish","4":"has-post-thumbnail","6":"product_cat-laser-level-accessory","7":"product_cat-laser-level-tripod","9":"first","10":"instock","11":"shipping-taxable","12":"product-type-simple"},"_links":{"self":[{"href":"https:\/\/mountlaser.com\/fr_fr\/wp-json\/wp\/v2\/product\/3955","targetHints":{"allow":["GET"]}}],"collection":[{"href":"https:\/\/mountlaser.com\/fr_fr\/wp-json\/wp\/v2\/product"}],"about":[{"href":"https:\/\/mountlaser.com\/fr_fr\/wp-json\/wp\/v2\/types\/product"}],"replies":[{"embeddable":true,"href":"https:\/\/mountlaser.com\/fr_fr\/wp-json\/wp\/v2\/comments?post=3955"}],"wp:featuredmedia":[{"embeddable":true,"href":"https:\/\/mountlaser.com\/fr_fr\/wp-json\/wp\/v2\/media\/3966"}],"wp:attachment":[{"href":"https:\/\/mountlaser.com\/fr_fr\/wp-json\/wp\/v2\/media?parent=3955"}],"wp:term":[{"taxonomy":"product_brand","embeddable":true,"href":"https:\/\/mountlaser.com\/fr_fr\/wp-json\/wp\/v2\/product_brand?post=3955"},{"taxonomy":"product_cat","embeddable":true,"href":"https:\/\/mountlaser.com\/fr_fr\/wp-json\/wp\/v2\/product_cat?post=3955"},{"taxonomy":"product_tag","embeddable":true,"href":"https:\/\/mountlaser.com\/fr_fr\/wp-json\/wp\/v2\/product_tag?post=3955"}],"curies":[{"name":"wp","href":"https:\/\/api.w.org\/{rel}","templated":true}]}}