{"id":3952,"date":"2025-11-11T03:10:14","date_gmt":"2025-11-11T03:10:14","guid":{"rendered":"https:\/\/mountlaser.com\/?post_type=product&#038;p=3952"},"modified":"2025-12-18T09:03:46","modified_gmt":"2025-12-18T09:03:46","slug":"sa1-045hp-silver-elevator-tripod","status":"publish","type":"product","link":"https:\/\/mountlaser.com\/fr_fr\/produit\/sa1-045hp-silver-elevator-tripod\/","title":{"rendered":"TR\u00c9PIED D&#039;ASCENSEUR ARGENT\u00c9 SA1-045HP"},"content":{"rendered":"<p data-start=\"300\" data-end=\"814\">Le <a href=\"https:\/\/mountlaser.com\/fr_fr\/\"><strong data-start=\"304\" data-end=\"340\">TR\u00c9PIED D&#039;ASCENSEUR ARGENT\u00c9 SA1-045HP<\/strong><\/a> est une solution de support pratique et \u00e9conomique con\u00e7ue pour les utilisateurs de niveaux laser qui exigent une fiabilit\u00e9 sans co\u00fbt \u00e9lev\u00e9. <a href=\"https:\/\/mountlaser.com\/fr_fr\/products\/\"><strong data-start=\"472\" data-end=\"503\">Tr\u00e9pied \u00e9conomique pour niveau laser<\/strong><\/a>, Fabriqu\u00e9 en aluminium l\u00e9ger \u00e0 partir d&#039;oxyde et dot\u00e9 d&#039;un pied stable en forme de fer \u00e0 cheval, le tr\u00e9pied pour ascenseur SA1-045HP SILVER offre une performance fiable et un excellent rapport qualit\u00e9-prix.<\/p>\n<p data-start=\"816\" data-end=\"1412\">Avec sa finition argent\u00e9e professionnelle, le tr\u00e9pied d&#039;ascenseur SA1-045HP est fabriqu\u00e9 en aluminium oxyd\u00e9 durable, garantissant une r\u00e9sistance \u00e0 la corrosion et une longue dur\u00e9e de vie. Ce tr\u00e9pied \u00e9conomique pour niveau laser est livr\u00e9 de s\u00e9rie avec une t\u00eate en plastique dot\u00e9e d&#039;un filetage 5\/8\u2033-11, compatible avec la plupart des niveaux laser et instruments de topographie. Pour une plus grande flexibilit\u00e9, le tr\u00e9pied SA1-045HP est \u00e9galement disponible avec une t\u00eate inclinable amovible (filetage 1\/4\u2033-20) en option, renfor\u00e7ant ainsi sa polyvalence.<\/p>\n<p data-start=\"1414\" data-end=\"1873\">Avec ses multiples options de hauteur (0,45 m, 1,20 m et 1,50 m), le tr\u00e9pied d&#039;ascenseur SA1-045HP SILVER s&#039;adapte facilement aux diff\u00e9rentes exigences des chantiers. Ses pieds en forme de fer \u00e0 cheval am\u00e9liorent l&#039;adh\u00e9rence au sol et la stabilit\u00e9, assurant un positionnement laser pr\u00e9cis m\u00eame sur des surfaces irr\u00e9guli\u00e8res. Con\u00e7u pour l&#039;implantation de chantiers, les finitions int\u00e9rieures et les travaux de nivellement g\u00e9n\u00e9raux, ce tr\u00e9pied est id\u00e9al pour les travaux de construction, de finition int\u00e9rieure et de mise \u00e0 niveau. <a href=\"https:\/\/mountlaser.com\/fr_fr\/contact-us\/\">Tr\u00e9pied \u00e9conomique pour niveau laser<\/a> offre un \u00e9quilibre judicieux entre performance, portabilit\u00e9 et prix abordable.<\/p>\n<p><img fetchpriority=\"high\" decoding=\"async\" class=\"aligncenter wp-image-3945\" src=\"https:\/\/mountlaser.com\/wp-content\/uploads\/2025\/11\/S11503.webp\" alt=\"SA1-045HP SILVER ELEVATOR TRIPOD\" width=\"500\" height=\"500\" srcset=\"https:\/\/mountlaser.com\/wp-content\/uploads\/2025\/11\/S11503.webp 1000w, https:\/\/mountlaser.com\/wp-content\/uploads\/2025\/11\/S11503-300x300.webp 300w, https:\/\/mountlaser.com\/wp-content\/uploads\/2025\/11\/S11503-400x400.webp 400w, https:\/\/mountlaser.com\/wp-content\/uploads\/2025\/11\/S11503-800x800.webp 800w, https:\/\/mountlaser.com\/wp-content\/uploads\/2025\/11\/S11503-600x600.webp 600w, https:\/\/mountlaser.com\/wp-content\/uploads\/2025\/11\/S11503-150x150.webp 150w, https:\/\/mountlaser.com\/wp-content\/uploads\/2025\/11\/S11503-768x768.webp 768w, https:\/\/mountlaser.com\/wp-content\/uploads\/2025\/11\/S11503-12x12.webp 12w\" sizes=\"(max-width: 500px) 100vw, 500px\" \/><\/p>\n<p>&nbsp;<\/p>\n<div>\n<table style=\"border-collapse: collapse; width: 613.52pt;\" border=\"0\" width=\"818\" cellspacing=\"0\" cellpadding=\"0\">\n<tbody>\n<tr style=\"height: 14.25pt;\">\n<td class=\"et2\" style=\"height: 14.25pt; width: 127.50pt;\" width=\"170\" height=\"19\">NOMBRE<\/td>\n<td class=\"et3\" style=\"width: 92.25pt;\" width=\"123\">COULEUR<\/td>\n<td class=\"et3\" style=\"width: 77.25pt;\" width=\"103\">MAT\u00c9RIEL<\/td>\n<td class=\"et3\" style=\"width: 96.75pt;\" width=\"129\">HAUTEUR<\/td>\n<td class=\"et3\" style=\"width: 219.75pt;\" width=\"293\">FIL<\/td>\n<\/tr>\n<tr style=\"height: 14.25pt;\">\n<td class=\"et4\" style=\"height: 14.25pt;\" height=\"19\">SA1-045\/120\/150 CV<\/td>\n<td class=\"et4\">Argent<\/td>\n<td class=\"et4\">Aluminium<\/td>\n<td class=\"et4\">45\/120\/150 cm<\/td>\n<td class=\"et4\">T\u00eate en plastique 5\/8\u2033-11<\/td>\n<\/tr>\n<tr style=\"height: 14.25pt;\">\n<td class=\"et4\" style=\"height: 14.25pt;\" height=\"19\">SA1-045\/120\/150 HPR<\/td>\n<td class=\"et4\">Argent<\/td>\n<td class=\"et4\">Aluminium<\/td>\n<td class=\"et4\">45\/120\/150 cm<\/td>\n<td class=\"et4\">T\u00eate en plastique 5\/8\u2033-11 + t\u00eate inclinable amovible 1\/4\u2033-20<\/td>\n<\/tr>\n<\/tbody>\n<\/table>\n<\/div>","protected":false},"excerpt":{"rendered":"<ul>\n<li>Fournit un support stable et fiable pour les niveaux laser lors des travaux d&#039;alignement et de tra\u00e7age.<\/li>\n<li>Le r\u00e9glage en hauteur de type ascenseur permet un positionnement pr\u00e9cis \u00e0 diff\u00e9rentes hauteurs de travail.<\/li>\n<li>Les pieds en forme de fer \u00e0 cheval am\u00e9liorent la stabilit\u00e9 sur les sols in\u00e9gaux ou meubles.<\/li>\n<li>La t\u00eate en plastique avec filetage 5\/8\u2033-11 assure une large compatibilit\u00e9 avec les instruments<\/li>\n<li>La t\u00eate inclinable amovible en option, avec filetage 1\/4\u2033-20, accro\u00eet la flexibilit\u00e9 pour diverses applications.<\/li>\n<\/ul>","protected":false},"featured_media":3944,"comment_status":"open","ping_status":"closed","template":"","meta":[],"product_brand":[],"product_cat":[94,122],"product_tag":[],"class_list":{"0":"post-3952","1":"product","2":"type-product","3":"status-publish","4":"has-post-thumbnail","6":"product_cat-laser-level-accessory","7":"product_cat-laser-level-tripod","9":"first","10":"instock","11":"shipping-taxable","12":"product-type-simple"},"_links":{"self":[{"href":"https:\/\/mountlaser.com\/fr_fr\/wp-json\/wp\/v2\/product\/3952","targetHints":{"allow":["GET"]}}],"collection":[{"href":"https:\/\/mountlaser.com\/fr_fr\/wp-json\/wp\/v2\/product"}],"about":[{"href":"https:\/\/mountlaser.com\/fr_fr\/wp-json\/wp\/v2\/types\/product"}],"replies":[{"embeddable":true,"href":"https:\/\/mountlaser.com\/fr_fr\/wp-json\/wp\/v2\/comments?post=3952"}],"wp:featuredmedia":[{"embeddable":true,"href":"https:\/\/mountlaser.com\/fr_fr\/wp-json\/wp\/v2\/media\/3944"}],"wp:attachment":[{"href":"https:\/\/mountlaser.com\/fr_fr\/wp-json\/wp\/v2\/media?parent=3952"}],"wp:term":[{"taxonomy":"product_brand","embeddable":true,"href":"https:\/\/mountlaser.com\/fr_fr\/wp-json\/wp\/v2\/product_brand?post=3952"},{"taxonomy":"product_cat","embeddable":true,"href":"https:\/\/mountlaser.com\/fr_fr\/wp-json\/wp\/v2\/product_cat?post=3952"},{"taxonomy":"product_tag","embeddable":true,"href":"https:\/\/mountlaser.com\/fr_fr\/wp-json\/wp\/v2\/product_tag?post=3952"}],"curies":[{"name":"wp","href":"https:\/\/api.w.org\/{rel}","templated":true}]}}