{"id":3932,"date":"2025-11-11T01:26:15","date_gmt":"2025-11-11T01:26:15","guid":{"rendered":"https:\/\/mountlaser.com\/?post_type=product&#038;p=3932"},"modified":"2025-11-27T06:19:58","modified_gmt":"2025-11-27T06:19:58","slug":"gps-extension-pole","status":"publish","type":"product","link":"https:\/\/mountlaser.com\/fr_fr\/produit\/gps-extension-pole\/","title":{"rendered":"Poteau d&#039;extension GPS"},"content":{"rendered":"<p>Les rallonges GPS sont disponibles en deux mat\u00e9riaux\u00a0: en aluminium et en fibre de carbone.<\/p>\n<p>Le <a href=\"https:\/\/mountlaser.com\/fr_fr\/products\/\"><strong>Perche d&#039;extension pour GNSS<\/strong> <\/a>Cet accessoire de pr\u00e9cision est con\u00e7u pour offrir un support stable et r\u00e9glable en hauteur aux r\u00e9cepteurs GNSS, stations totales et instruments laser. Fabriqu\u00e9 \u00e0 partir de mat\u00e9riaux de haute qualit\u00e9, notamment une rallonge en aluminium, de la fibre de carbone haut de gamme et de la fibre de carbone Toray 100%, il offre une r\u00e9sistance, une stabilit\u00e9 et une l\u00e9g\u00e8ret\u00e9 exceptionnelles aux g\u00e9om\u00e8tres professionnels.<\/p>\n<p>Le <a href=\"https:\/\/mountlaser.com\/fr_fr\/about-us\/\"><strong>Perche d&#039;extension en fibre de carbone<\/strong> <\/a>Con\u00e7ue pour les applications de mesure et de lev\u00e9 topographique de pr\u00e9cision exigeant l\u00e9g\u00e8ret\u00e9, robustesse et stabilit\u00e9 exceptionnelle, cette perche d&#039;extension en fibre de carbone de haute qualit\u00e9 offre une rigidit\u00e9 optimale tout en r\u00e9duisant consid\u00e9rablement son poids. Facile \u00e0 transporter, elle est id\u00e9ale pour les interventions de longue dur\u00e9e sur le terrain.<\/p>\n<p>Chaque rallonge pour GNSS est \u00e9quip\u00e9e de filetages m\u00e2le et femelle 5\/8\u2033-11 pour une compatibilit\u00e9 universelle avec divers instruments et adaptateurs. Disponible en plusieurs longueurs, de 15 cm \u00e0 100 cm, et en diam\u00e8tres de 25 mm ou 32 mm, elle permet un r\u00e9glage en hauteur flexible pour r\u00e9pondre aux exigences du terrain. La rallonge en aluminium offre un excellent compromis entre durabilit\u00e9 et l\u00e9g\u00e8ret\u00e9, tandis que les mod\u00e8les en fibre de carbone garantissent une rigidit\u00e9 maximale pour une charge minimale.<\/p>\n<p><!--StartFragment --><\/p>\n<p class=\"pf0\"><span class=\"cf0\"><a href=\"https:\/\/mountlaser.com\/fr_fr\/contact-us\/\">Poteau d&#039;extension GPS<\/a>, \u00e9galement connue sous le nom de tige d&#039;extension GPS, est disponible en trois couleurs\u00a0:<\/span><\/p>\n<p class=\"pf0\"><span class=\"cf0\">Perche d&#039;extension GPS \u2013 Jaune<\/span><\/p>\n<p class=\"pf0\">Perche d&#039;extension GPS \u2013 Grise<\/p>\n<p class=\"pf0\"><span class=\"cf0\">Perche d&#039;extension GPS \u2013 Verte<\/span><\/p>\n<p><!--EndFragment --><\/p>\n<p><img fetchpriority=\"high\" decoding=\"async\" class=\"aligncenter wp-image-3935\" src=\"https:\/\/mountlaser.com\/wp-content\/uploads\/2025\/11\/Extension-Pole3.webp\" alt=\"Extension Pole for GNSS\" width=\"500\" height=\"500\" srcset=\"https:\/\/mountlaser.com\/wp-content\/uploads\/2025\/11\/Extension-Pole3.webp 1000w, https:\/\/mountlaser.com\/wp-content\/uploads\/2025\/11\/Extension-Pole3-300x300.webp 300w, https:\/\/mountlaser.com\/wp-content\/uploads\/2025\/11\/Extension-Pole3-400x400.webp 400w, https:\/\/mountlaser.com\/wp-content\/uploads\/2025\/11\/Extension-Pole3-800x800.webp 800w, https:\/\/mountlaser.com\/wp-content\/uploads\/2025\/11\/Extension-Pole3-600x600.webp 600w, https:\/\/mountlaser.com\/wp-content\/uploads\/2025\/11\/Extension-Pole3-150x150.webp 150w, https:\/\/mountlaser.com\/wp-content\/uploads\/2025\/11\/Extension-Pole3-768x768.webp 768w, https:\/\/mountlaser.com\/wp-content\/uploads\/2025\/11\/Extension-Pole3-12x12.webp 12w\" sizes=\"(max-width: 500px) 100vw, 500px\" \/><\/p>\n<p><strong>Sp\u00e9cifications de la perche d&#039;extension pour GNSS<\/strong><\/p>\n<div>\n<table style=\"border-collapse: collapse; width: 1034.28pt;\" border=\"0\" width=\"1379\" cellspacing=\"0\" cellpadding=\"0\">\n<tbody>\n<tr style=\"height: 14.25pt;\">\n<td class=\"et2\" style=\"height: 14.25pt; width: 322.50pt;\" width=\"430\" height=\"19\">NOMBRE<\/td>\n<td class=\"et2\" style=\"width: 309.00pt;\" width=\"412\">MAT\u00c9RIEL<\/td>\n<td class=\"et2\" style=\"width: 88.50pt;\" width=\"118\">DIAM\u00c8TRE<\/td>\n<td class=\"et3\" style=\"width: 138.00pt;\" width=\"184\">LONGUEUR<\/td>\n<td class=\"et2\" style=\"width: 176.25pt;\" width=\"235\">COULEUR<\/td>\n<\/tr>\n<tr style=\"height: 14.25pt;\">\n<td class=\"et4\" style=\"height: 14.25pt;\" height=\"19\">EPA25-10YL<\/td>\n<td class=\"et5\">Aluminium<\/td>\n<td class=\"et4\">25 mm<\/td>\n<td class=\"et4\">10 cm<\/td>\n<td class=\"et6\">YL\/ GN\/ GY<\/td>\n<\/tr>\n<tr style=\"height: 14.25pt;\">\n<td class=\"et6\" style=\"height: 14.25pt;\" height=\"19\">EPA32-10YL<\/td>\n<td class=\"et2\">Aluminium<\/td>\n<td class=\"et6\">32 mm<\/td>\n<td class=\"et6\">10 cm<\/td>\n<td class=\"et6\">YL\/ GN\/ GY<\/td>\n<\/tr>\n<tr style=\"height: 14.25pt;\">\n<td class=\"et2\" style=\"height: 14.25pt;\" height=\"19\">EPC25-10<\/td>\n<td class=\"et6\">Fibre de carbone de qualit\u00e9 sup\u00e9rieure<\/td>\n<td class=\"et6\">25 mm<\/td>\n<td class=\"et7\">10 cm<\/td>\n<td class=\"et6\">BK<\/td>\n<\/tr>\n<tr style=\"height: 14.25pt;\">\n<td class=\"et6\" style=\"height: 14.25pt;\" height=\"19\">EPC32-10<\/td>\n<td class=\"et6\">Fibre de carbone de qualit\u00e9 sup\u00e9rieure<\/td>\n<td class=\"et6\">32 mm<\/td>\n<td class=\"et7\">10 cm<\/td>\n<td class=\"et6\">BK<\/td>\n<\/tr>\n<tr style=\"height: 14.25pt;\">\n<td class=\"et6\" style=\"height: 14.25pt;\" height=\"19\">EPTC32-10<\/td>\n<td class=\"et8\">Fibre de carbone Toray 100%<\/td>\n<td class=\"et7\">32 mm<\/td>\n<td class=\"et7\">10 cm<\/td>\n<td class=\"et6\">BK<\/td>\n<\/tr>\n<\/tbody>\n<\/table>\n<\/div>","protected":false},"excerpt":{"rendered":"<ul>\n<li>Filetages m\u00e2le et femelle 5\/8\u2033-11 pour une compatibilit\u00e9 avec de nombreux instruments<\/li>\n<li>Perche d&#039;extension en aluminium durable ou construction l\u00e9g\u00e8re en fibre de carbone<\/li>\n<li>Plusieurs options de couleur\u00a0: jaune, vert et gris pour une meilleure visibilit\u00e9<\/li>\n<li>Con\u00e7u pour un alignement pr\u00e9cis dans les applications de mesure GNSS et laser<\/li>\n<\/ul>","protected":false},"featured_media":3934,"comment_status":"open","ping_status":"closed","template":"","meta":[],"product_brand":[],"product_cat":[84,121],"product_tag":[],"class_list":{"0":"post-3932","1":"product","2":"type-product","3":"status-publish","4":"has-post-thumbnail","6":"product_cat-gnss-accessory","7":"product_cat-extension-pole","9":"first","10":"instock","11":"shipping-taxable","12":"product-type-simple"},"_links":{"self":[{"href":"https:\/\/mountlaser.com\/fr_fr\/wp-json\/wp\/v2\/product\/3932","targetHints":{"allow":["GET"]}}],"collection":[{"href":"https:\/\/mountlaser.com\/fr_fr\/wp-json\/wp\/v2\/product"}],"about":[{"href":"https:\/\/mountlaser.com\/fr_fr\/wp-json\/wp\/v2\/types\/product"}],"replies":[{"embeddable":true,"href":"https:\/\/mountlaser.com\/fr_fr\/wp-json\/wp\/v2\/comments?post=3932"}],"wp:featuredmedia":[{"embeddable":true,"href":"https:\/\/mountlaser.com\/fr_fr\/wp-json\/wp\/v2\/media\/3934"}],"wp:attachment":[{"href":"https:\/\/mountlaser.com\/fr_fr\/wp-json\/wp\/v2\/media?parent=3932"}],"wp:term":[{"taxonomy":"product_brand","embeddable":true,"href":"https:\/\/mountlaser.com\/fr_fr\/wp-json\/wp\/v2\/product_brand?post=3932"},{"taxonomy":"product_cat","embeddable":true,"href":"https:\/\/mountlaser.com\/fr_fr\/wp-json\/wp\/v2\/product_cat?post=3932"},{"taxonomy":"product_tag","embeddable":true,"href":"https:\/\/mountlaser.com\/fr_fr\/wp-json\/wp\/v2\/product_tag?post=3932"}],"curies":[{"name":"wp","href":"https:\/\/api.w.org\/{rel}","templated":true}]}}