{"id":3924,"date":"2025-11-10T09:28:22","date_gmt":"2025-11-10T09:28:22","guid":{"rendered":"https:\/\/mountlaser.com\/?post_type=product&#038;p=3924"},"modified":"2025-11-27T06:55:46","modified_gmt":"2025-11-27T06:55:46","slug":"dz460-aluminum-prism-pole","status":"publish","type":"product","link":"https:\/\/mountlaser.com\/fr_fr\/produit\/dz460-aluminum-prism-pole\/","title":{"rendered":"Poteau prismatique en aluminium DZ460"},"content":{"rendered":"<p>D\u00e9couvrez la solution ultime pour les travaux de topographie exigeants\u00a0: la perche prismatique en aluminium Mount Laser DZ460. Ce produit haut de gamme<a href=\"https:\/\/mountlaser.com\/fr_fr\/products\/\"><strong> Poteau prismatique portable l\u00e9ger en aluminium<\/strong> <\/a>Con\u00e7ue pour les professionnels exigeant une grande port\u00e9e sans l&#039;encombrement d&#039;un \u00e9quipement lourd, cette pelle t\u00e9lescopique est fabriqu\u00e9e en alliage d&#039;aluminium haute r\u00e9sistance. Elle offre un \u00e9quilibre parfait entre robustesse et portabilit\u00e9, id\u00e9ale pour les longues journ\u00e9es de travail sur le terrain et le transport vers les chantiers isol\u00e9s.<\/p>\n<p>D\u00e9couvrez la praticit\u00e9 d&#039;une perche \u00e0 prisme portable en aluminium v\u00e9ritablement l\u00e9g\u00e8re, sans compromis sur la stabilit\u00e9. La DZ460 est dot\u00e9e d&#039;un m\u00e9canisme de verrouillage robuste en aluminium, garantissant le maintien de chaque section \u00e0 la hauteur souhait\u00e9e et \u00e9vitant tout glissement, pour une pr\u00e9cision de mesure optimale. Elle est fournie avec une fiole circulaire de 9 m pour une verticalit\u00e9 pr\u00e9cise et un tube int\u00e9rieur gradu\u00e9 pour des lectures rapides. Gr\u00e2ce \u00e0 ses multiples options d&#039;adaptation pour le montage du prisme et \u00e0 son rev\u00eatement antid\u00e9rapant en caoutchouc (en option) pour une meilleure prise en main, la DZ460 s&#039;impose comme la perche \u00e0 prisme portable en aluminium l\u00e9g\u00e8re de r\u00e9f\u00e9rence pour les g\u00e9om\u00e8tres exigeants qui privil\u00e9gient l&#039;efficacit\u00e9, la fiabilit\u00e9 et la performance sur tous leurs chantiers.<\/p>\n<p><a href=\"https:\/\/mountlaser.com\/fr_fr\/contact-us\/\"><strong>Poteau prismatique en aluminium DZ460<\/strong><\/a> Il mesure 4,6 m de long.<br \/>\nPoteau prismatique en aluminium DZ460<br \/>\nOPTION DE VERROUILLAGE\u00a0: Disponible en quatre types\u00a0:<br \/>\nVerrouillage par rotation<br \/>\nVerrou \u00e0 d\u00e9gagement rapide<br \/>\nVerrouillage de style GPS<br \/>\nVerrou \u00e0 compression<\/p>\n<p>&nbsp;<\/p>\n<p><img fetchpriority=\"high\" decoding=\"async\" class=\"aligncenter wp-image-3928\" src=\"https:\/\/mountlaser.com\/wp-content\/uploads\/2025\/11\/DZ460GP5.webp\" alt=\"Lightweight Portable Aluminum Prism Pole\" width=\"500\" height=\"500\" srcset=\"https:\/\/mountlaser.com\/wp-content\/uploads\/2025\/11\/DZ460GP5.webp 1000w, https:\/\/mountlaser.com\/wp-content\/uploads\/2025\/11\/DZ460GP5-300x300.webp 300w, https:\/\/mountlaser.com\/wp-content\/uploads\/2025\/11\/DZ460GP5-400x400.webp 400w, https:\/\/mountlaser.com\/wp-content\/uploads\/2025\/11\/DZ460GP5-800x800.webp 800w, https:\/\/mountlaser.com\/wp-content\/uploads\/2025\/11\/DZ460GP5-600x600.webp 600w, https:\/\/mountlaser.com\/wp-content\/uploads\/2025\/11\/DZ460GP5-150x150.webp 150w, https:\/\/mountlaser.com\/wp-content\/uploads\/2025\/11\/DZ460GP5-768x768.webp 768w, https:\/\/mountlaser.com\/wp-content\/uploads\/2025\/11\/DZ460GP5-12x12.webp 12w\" sizes=\"(max-width: 500px) 100vw, 500px\" \/><\/p>\n<p>&nbsp;<\/p>\n<p><strong>Sp\u00e9cifications du poteau prismatique en aluminium DZ460<\/strong><\/p>\n<table style=\"border-collapse: collapse; width: 741.77pt;\" border=\"0\" width=\"989\" cellspacing=\"0\" cellpadding=\"0\">\n<tbody>\n<tr style=\"height: 14.25pt;\">\n<td class=\"et2\" style=\"height: 14.25pt; width: 142.50pt;\" width=\"190\" height=\"19\">NOMBRE<\/td>\n<td class=\"et2\" style=\"width: 127.50pt;\" width=\"170\">LONGUEUR<\/td>\n<td class=\"et2\" style=\"width: 126.00pt;\" width=\"168\">MAT\u00c9RIEL<\/td>\n<td class=\"et2\" style=\"width: 135.00pt;\" width=\"180\">DIPL\u00d4M\u00c9S<\/td>\n<td class=\"et2\" style=\"width: 124.50pt;\" width=\"166\">OPTION DE VERROUILLAGE<\/td>\n<td class=\"et2\" style=\"width: 86.25pt;\" width=\"115\">DIAM\u00c8TRE<\/td>\n<\/tr>\n<tr style=\"height: 14.25pt;\">\n<td class=\"et3\" style=\"height: 14.25pt;\" height=\"19\">DZ460<\/td>\n<td class=\"et4\">460 cm<\/td>\n<td class=\"et3\">Aluminium<\/td>\n<td class=\"et3\">M\u00e8tre<\/td>\n<td class=\"et3\">TL\/ QL\/ GP\/ CL<\/td>\n<td class=\"et3\">18\/25\/30\/36 mm<\/td>\n<\/tr>\n<\/tbody>\n<\/table>","protected":false},"excerpt":{"rendered":"<ul>\n<li>Extensible et portable : offre une port\u00e9e g\u00e9n\u00e9reuse tout en conservant une conception l\u00e9g\u00e8re pour un transport et une manipulation faciles.<\/li>\n<li>Syst\u00e8me de verrouillage s\u00e9curis\u00e9\u00a0: Le m\u00e9canisme de verrouillage en aluminium durable assure une installation solide et fiable quelle que soit la position.<\/li>\n<li>Pr\u00e9cision int\u00e9gr\u00e9e : Comprend une fiole circulaire de 30 pieds et une \u00e9chelle m\u00e9trique int\u00e9rieure facile \u00e0 lire pour un r\u00e9glage pr\u00e9cis de la hauteur.<\/li>\n<\/ul>","protected":false},"featured_media":3925,"comment_status":"open","ping_status":"closed","template":"","meta":[],"product_brand":[],"product_cat":[89,117],"product_tag":[],"class_list":{"0":"post-3924","1":"product","2":"type-product","3":"status-publish","4":"has-post-thumbnail","6":"product_cat-surveying-pole-rod","7":"product_cat-aluminum-prism-pole","9":"first","10":"instock","11":"shipping-taxable","12":"product-type-simple"},"_links":{"self":[{"href":"https:\/\/mountlaser.com\/fr_fr\/wp-json\/wp\/v2\/product\/3924","targetHints":{"allow":["GET"]}}],"collection":[{"href":"https:\/\/mountlaser.com\/fr_fr\/wp-json\/wp\/v2\/product"}],"about":[{"href":"https:\/\/mountlaser.com\/fr_fr\/wp-json\/wp\/v2\/types\/product"}],"replies":[{"embeddable":true,"href":"https:\/\/mountlaser.com\/fr_fr\/wp-json\/wp\/v2\/comments?post=3924"}],"wp:featuredmedia":[{"embeddable":true,"href":"https:\/\/mountlaser.com\/fr_fr\/wp-json\/wp\/v2\/media\/3925"}],"wp:attachment":[{"href":"https:\/\/mountlaser.com\/fr_fr\/wp-json\/wp\/v2\/media?parent=3924"}],"wp:term":[{"taxonomy":"product_brand","embeddable":true,"href":"https:\/\/mountlaser.com\/fr_fr\/wp-json\/wp\/v2\/product_brand?post=3924"},{"taxonomy":"product_cat","embeddable":true,"href":"https:\/\/mountlaser.com\/fr_fr\/wp-json\/wp\/v2\/product_cat?post=3924"},{"taxonomy":"product_tag","embeddable":true,"href":"https:\/\/mountlaser.com\/fr_fr\/wp-json\/wp\/v2\/product_tag?post=3924"}],"curies":[{"name":"wp","href":"https:\/\/api.w.org\/{rel}","templated":true}]}}