{"id":3915,"date":"2025-11-10T09:22:19","date_gmt":"2025-11-10T09:22:19","guid":{"rendered":"https:\/\/mountlaser.com\/?post_type=product&#038;p=3915"},"modified":"2025-11-27T06:58:21","modified_gmt":"2025-11-27T06:58:21","slug":"dz360-aluminum-prism-pole","status":"publish","type":"product","link":"https:\/\/mountlaser.com\/fr_fr\/produit\/dz360-aluminum-prism-pole\/","title":{"rendered":"Poteau prismatique en aluminium DZ360"},"content":{"rendered":"<p>D\u00e9veloppez vos capacit\u00e9s d&#039;arpentage avec <a href=\"https:\/\/mountlaser.com\/fr_fr\/\">Support laser DZ360<\/a>, Cette perche t\u00e9lescopique en aluminium de qualit\u00e9 sup\u00e9rieure est con\u00e7ue pour les projets exigeant une grande port\u00e9e sans compromettre la stabilit\u00e9 ni la pr\u00e9cision. Fabriqu\u00e9e en aluminium haute r\u00e9sistance, elle est \u00e0 la fois remarquablement l\u00e9g\u00e8re et incroyablement durable, et con\u00e7ue pour r\u00e9sister \u00e0 une utilisation quotidienne intensive sur divers chantiers.<\/p>\n<p>Le DZ360 est un exemple parfait de ce qu&#039;il y a de mieux. <a href=\"https:\/\/mountlaser.com\/fr_fr\/about-us\/\"><strong>M\u00e2t prismatique t\u00e9lescopique en aluminium<\/strong><\/a>, offrant une longueur \u00e9tendue g\u00e9n\u00e9reuse pour s&#039;attaquer aux topographies difficiles et aux mesures en point culminant.<br \/>\n<a href=\"https:\/\/mountlaser.com\/fr_fr\/products\/\"><strong>Poteau prismatique en aluminium DZ360<\/strong> <\/a>Il mesure 3,6 m de long.<br \/>\nOptions de verrouillage pour poteaux prismatiques en aluminium DZ360\u00a0: Quatre options sont disponibles\u00a0: verrouillage par rotation, verrouillage \u00e0 d\u00e9gagement rapide, verrouillage de type GPS et verrouillage par compression.<\/p>\n<p>Gr\u00e2ce \u00e0 des fonctionnalit\u00e9s professionnelles telles qu&#039;une fiole circulaire de 30 pieds pour une plomberie pr\u00e9cise et une \u00e9chelle m\u00e9trique int\u00e9rieure facile \u00e0 lire, cette perche simplifie votre flux de travail.<\/p>\n<p>&nbsp;<\/p>\n<p>&nbsp;<\/p>\n<p><img fetchpriority=\"high\" decoding=\"async\" class=\"aligncenter wp-image-3922\" src=\"https:\/\/mountlaser.com\/wp-content\/uploads\/2025\/11\/DZ360TL5.webp\" alt=\"Telescopic Survey Aluminum Prism Pole\" width=\"500\" height=\"500\" srcset=\"https:\/\/mountlaser.com\/wp-content\/uploads\/2025\/11\/DZ360TL5.webp 1000w, https:\/\/mountlaser.com\/wp-content\/uploads\/2025\/11\/DZ360TL5-300x300.webp 300w, https:\/\/mountlaser.com\/wp-content\/uploads\/2025\/11\/DZ360TL5-400x400.webp 400w, https:\/\/mountlaser.com\/wp-content\/uploads\/2025\/11\/DZ360TL5-800x800.webp 800w, https:\/\/mountlaser.com\/wp-content\/uploads\/2025\/11\/DZ360TL5-600x600.webp 600w, https:\/\/mountlaser.com\/wp-content\/uploads\/2025\/11\/DZ360TL5-150x150.webp 150w, https:\/\/mountlaser.com\/wp-content\/uploads\/2025\/11\/DZ360TL5-768x768.webp 768w, https:\/\/mountlaser.com\/wp-content\/uploads\/2025\/11\/DZ360TL5-12x12.webp 12w\" sizes=\"(max-width: 500px) 100vw, 500px\" \/><\/p>\n<p>&nbsp;<\/p>\n<p><strong>Sp\u00e9cifications du poteau prismatique en aluminium DZ360<\/strong><\/p>\n<table style=\"border-collapse: collapse; width: 741.77pt;\" border=\"0\" width=\"989\" cellspacing=\"0\" cellpadding=\"0\">\n<tbody>\n<tr style=\"height: 14.25pt;\">\n<td class=\"et2\" style=\"height: 14.25pt; width: 142.50pt;\" width=\"190\" height=\"19\">NOMBRE<\/td>\n<td class=\"et2\" style=\"width: 127.50pt;\" width=\"170\">LONGUEUR<\/td>\n<td class=\"et2\" style=\"width: 126.00pt;\" width=\"168\">MAT\u00c9RIEL<\/td>\n<td class=\"et2\" style=\"width: 135.00pt;\" width=\"180\">DIPL\u00d4M\u00c9S<\/td>\n<td class=\"et2\" style=\"width: 124.50pt;\" width=\"166\">OPTION DE VERROUILLAGE<\/td>\n<td class=\"et2\" style=\"width: 86.25pt;\" width=\"115\">DIAM\u00c8TRE<\/td>\n<\/tr>\n<tr style=\"height: 14.25pt;\">\n<td class=\"et3\" style=\"height: 14.25pt;\" height=\"19\">DZ360<\/td>\n<td class=\"et4\">360 cm<\/td>\n<td class=\"et3\">Aluminium<\/td>\n<td class=\"et3\">M\u00e8tre<\/td>\n<td class=\"et3\">TL\/ QL\/ GP\/ CL<\/td>\n<td class=\"et3\">18\/25\/30 mm<\/td>\n<\/tr>\n<\/tbody>\n<\/table>","protected":false},"excerpt":{"rendered":"<ul>\n<li>Int\u00e9gr\u00e9 pour plus de pr\u00e9cision : \u00c9quip\u00e9 d&#039;une fiole circulaire de 30 pouces et d&#039;une \u00e9chelle m\u00e9trique int\u00e9rieure transparente pour une plomberie et une lecture pr\u00e9cises.<\/li>\n<li>Conception ax\u00e9e sur l&#039;utilisateur\u00a0: rev\u00eatement antid\u00e9rapant en caoutchouc en option et multiples options d&#039;adaptateurs pour un confort et une polyvalence accrus.<\/li>\n<\/ul>","protected":false},"featured_media":3916,"comment_status":"open","ping_status":"closed","template":"","meta":[],"product_brand":[],"product_cat":[89,117],"product_tag":[],"class_list":{"0":"post-3915","1":"product","2":"type-product","3":"status-publish","4":"has-post-thumbnail","6":"product_cat-surveying-pole-rod","7":"product_cat-aluminum-prism-pole","9":"first","10":"instock","11":"shipping-taxable","12":"product-type-simple"},"_links":{"self":[{"href":"https:\/\/mountlaser.com\/fr_fr\/wp-json\/wp\/v2\/product\/3915","targetHints":{"allow":["GET"]}}],"collection":[{"href":"https:\/\/mountlaser.com\/fr_fr\/wp-json\/wp\/v2\/product"}],"about":[{"href":"https:\/\/mountlaser.com\/fr_fr\/wp-json\/wp\/v2\/types\/product"}],"replies":[{"embeddable":true,"href":"https:\/\/mountlaser.com\/fr_fr\/wp-json\/wp\/v2\/comments?post=3915"}],"wp:featuredmedia":[{"embeddable":true,"href":"https:\/\/mountlaser.com\/fr_fr\/wp-json\/wp\/v2\/media\/3916"}],"wp:attachment":[{"href":"https:\/\/mountlaser.com\/fr_fr\/wp-json\/wp\/v2\/media?parent=3915"}],"wp:term":[{"taxonomy":"product_brand","embeddable":true,"href":"https:\/\/mountlaser.com\/fr_fr\/wp-json\/wp\/v2\/product_brand?post=3915"},{"taxonomy":"product_cat","embeddable":true,"href":"https:\/\/mountlaser.com\/fr_fr\/wp-json\/wp\/v2\/product_cat?post=3915"},{"taxonomy":"product_tag","embeddable":true,"href":"https:\/\/mountlaser.com\/fr_fr\/wp-json\/wp\/v2\/product_tag?post=3915"}],"curies":[{"name":"wp","href":"https:\/\/api.w.org\/{rel}","templated":true}]}}