{"id":3904,"date":"2025-11-10T09:15:46","date_gmt":"2025-11-10T09:15:46","guid":{"rendered":"https:\/\/mountlaser.com\/?post_type=product&#038;p=3904"},"modified":"2025-11-27T07:00:10","modified_gmt":"2025-11-27T07:00:10","slug":"dz260-aluminum-prism-pole","status":"publish","type":"product","link":"https:\/\/mountlaser.com\/fr_fr\/produit\/dz260-aluminum-prism-pole\/","title":{"rendered":"Poteau prismatique en aluminium DZ260"},"content":{"rendered":"<p>Obtenez une stabilit\u00e9 et une efficacit\u00e9 in\u00e9gal\u00e9es dans vos projets de lev\u00e9s topographiques gr\u00e2ce au support laser<a href=\"https:\/\/mountlaser.com\/fr_fr\/\"><strong> Poteau prismatique en aluminium DZ260<\/strong><\/a>. Con\u00e7ue pour le professionnel exigeant pr\u00e9cision et durabilit\u00e9, cette perche est fabriqu\u00e9e en aluminium haute r\u00e9sistance, offrant un \u00e9quilibre parfait entre l\u00e9g\u00e8ret\u00e9 et robustesse pour une utilisation quotidienne sur le terrain.<\/p>\n<p>La fiabilit\u00e9 du DZ260 repose avant tout sur son m\u00e9canisme innovant de verrouillage par compression du prisme en aluminium. Ce syst\u00e8me de verrouillage avanc\u00e9 assure un maintien extr\u00eamement s\u00fbr et rigide \u00e0 n&#039;importe quelle extension, emp\u00eachant tout glissement et garantissant une stabilit\u00e9 parfaite du prisme pour des mesures pr\u00e9cises.<\/p>\n<p>Outre son m\u00e9canisme de verrouillage sup\u00e9rieur, le DZ260 est \u00e9quip\u00e9 d&#039;une fiole circulaire de 9 m pour faciliter le raccordement \u00e0 la plomberie et d&#039;un tube int\u00e9rieur avec une \u00e9chelle gradu\u00e9e claire pour une lecture instantan\u00e9e de la hauteur. Gr\u00e2ce \u00e0 ses multiples options d&#039;adaptateurs pour le montage de prismes et \u00e0 son rev\u00eatement antid\u00e9rapant en caoutchouc (en option) pour une meilleure prise en main, cette perche est con\u00e7ue pour offrir polyvalence et confort d&#039;utilisation. Choisir le Mount Laser DZ260, c&#039;est investir dans un outil de r\u00e9f\u00e9rence. <a href=\"https:\/\/mountlaser.com\/fr_fr\/products\/\"><strong>Poteau prismatique en aluminium \u00e0 verrouillage par compression<\/strong><\/a> Une solution con\u00e7ue pour la pr\u00e9cision et la long\u00e9vit\u00e9.<\/p>\n<p>&nbsp;<\/p>\n<p><img fetchpriority=\"high\" decoding=\"async\" class=\"aligncenter wp-image-3910\" src=\"https:\/\/mountlaser.com\/wp-content\/uploads\/2025\/11\/DZ260GP3.webp\" alt=\"Aluminum Compression-Lock Prism Pole\" width=\"500\" height=\"500\" srcset=\"https:\/\/mountlaser.com\/wp-content\/uploads\/2025\/11\/DZ260GP3.webp 1000w, https:\/\/mountlaser.com\/wp-content\/uploads\/2025\/11\/DZ260GP3-300x300.webp 300w, https:\/\/mountlaser.com\/wp-content\/uploads\/2025\/11\/DZ260GP3-400x400.webp 400w, https:\/\/mountlaser.com\/wp-content\/uploads\/2025\/11\/DZ260GP3-800x800.webp 800w, https:\/\/mountlaser.com\/wp-content\/uploads\/2025\/11\/DZ260GP3-600x600.webp 600w, https:\/\/mountlaser.com\/wp-content\/uploads\/2025\/11\/DZ260GP3-150x150.webp 150w, https:\/\/mountlaser.com\/wp-content\/uploads\/2025\/11\/DZ260GP3-768x768.webp 768w, https:\/\/mountlaser.com\/wp-content\/uploads\/2025\/11\/DZ260GP3-12x12.webp 12w\" sizes=\"(max-width: 500px) 100vw, 500px\" \/><\/p>\n<p><a href=\"https:\/\/mountlaser.com\/fr_fr\/contact-us\/\">Poteau prismatique en aluminium DZ260<\/a> Options de verrouillage\u00a0: Quatre options sont disponibles\u00a0: verrouillage par rotation, verrouillage \u00e0 d\u00e9gagement rapide, verrouillage de type GPS et verrouillage par compression.<\/p>\n<p><strong>Sp\u00e9cifications du poteau prismatique en aluminium DZ260<\/strong><\/p>\n<table style=\"border-collapse: collapse; width: 741.77pt;\" border=\"0\" width=\"989\" cellspacing=\"0\" cellpadding=\"0\">\n<tbody>\n<tr style=\"height: 14.25pt;\">\n<td class=\"et2\" style=\"height: 14.25pt; width: 142.50pt;\" width=\"190\" height=\"19\">NOMBRE<\/td>\n<td class=\"et2\" style=\"width: 127.50pt;\" width=\"170\">LONGUEUR<\/td>\n<td class=\"et2\" style=\"width: 126.00pt;\" width=\"168\">MAT\u00c9RIEL<\/td>\n<td class=\"et2\" style=\"width: 135.00pt;\" width=\"180\">DIPL\u00d4M\u00c9S<\/td>\n<td class=\"et2\" style=\"width: 124.50pt;\" width=\"166\">OPTION DE VERROUILLAGE<\/td>\n<td class=\"et2\" style=\"width: 86.25pt;\" width=\"115\">DIAM\u00c8TRE<\/td>\n<\/tr>\n<tr style=\"height: 14.25pt;\">\n<td class=\"et3\" style=\"height: 14.25pt;\" height=\"19\">DZ260<\/td>\n<td class=\"et4\">260 cm<\/td>\n<td class=\"et3\">Aluminium<\/td>\n<td class=\"et3\">M\u00e8tre<\/td>\n<td class=\"et3\">TL\/ QL\/ GP\/ CL<\/td>\n<td class=\"et3\">25\/30 mm<\/td>\n<\/tr>\n<\/tbody>\n<\/table>","protected":false},"excerpt":{"rendered":"<ul>\n<li>Syst\u00e8me de verrouillage par compression pour une s\u00e9curit\u00e9 optimale : Comporte un m\u00e9canisme de verrouillage par compression en aluminium fiable pour une installation rapide, s\u00fbre et antid\u00e9rapante.<\/li>\n<li>Outils de pr\u00e9cision int\u00e9gr\u00e9s\u00a0: Comprend une fiole circulaire de 30\u00a0pieds et une \u00e9chelle gradu\u00e9e pour tube int\u00e9rieur pour un r\u00e9glage et une lecture pr\u00e9cis de la hauteur.<\/li>\n<li>Compatibilit\u00e9 polyvalente\u00a0: des adaptateurs sont disponibles pour le montage d\u2019une large gamme de prismes.<\/li>\n<\/ul>","protected":false},"featured_media":3913,"comment_status":"open","ping_status":"closed","template":"","meta":[],"product_brand":[],"product_cat":[89,117],"product_tag":[],"class_list":{"0":"post-3904","1":"product","2":"type-product","3":"status-publish","4":"has-post-thumbnail","6":"product_cat-surveying-pole-rod","7":"product_cat-aluminum-prism-pole","9":"first","10":"instock","11":"shipping-taxable","12":"product-type-simple"},"_links":{"self":[{"href":"https:\/\/mountlaser.com\/fr_fr\/wp-json\/wp\/v2\/product\/3904","targetHints":{"allow":["GET"]}}],"collection":[{"href":"https:\/\/mountlaser.com\/fr_fr\/wp-json\/wp\/v2\/product"}],"about":[{"href":"https:\/\/mountlaser.com\/fr_fr\/wp-json\/wp\/v2\/types\/product"}],"replies":[{"embeddable":true,"href":"https:\/\/mountlaser.com\/fr_fr\/wp-json\/wp\/v2\/comments?post=3904"}],"wp:featuredmedia":[{"embeddable":true,"href":"https:\/\/mountlaser.com\/fr_fr\/wp-json\/wp\/v2\/media\/3913"}],"wp:attachment":[{"href":"https:\/\/mountlaser.com\/fr_fr\/wp-json\/wp\/v2\/media?parent=3904"}],"wp:term":[{"taxonomy":"product_brand","embeddable":true,"href":"https:\/\/mountlaser.com\/fr_fr\/wp-json\/wp\/v2\/product_brand?post=3904"},{"taxonomy":"product_cat","embeddable":true,"href":"https:\/\/mountlaser.com\/fr_fr\/wp-json\/wp\/v2\/product_cat?post=3904"},{"taxonomy":"product_tag","embeddable":true,"href":"https:\/\/mountlaser.com\/fr_fr\/wp-json\/wp\/v2\/product_tag?post=3904"}],"curies":[{"name":"wp","href":"https:\/\/api.w.org\/{rel}","templated":true}]}}