{"id":3897,"date":"2025-11-10T08:59:20","date_gmt":"2025-11-10T08:59:20","guid":{"rendered":"https:\/\/mountlaser.com\/?post_type=product&#038;p=3897"},"modified":"2025-11-27T06:46:46","modified_gmt":"2025-11-27T06:46:46","slug":"dz215-aluminum-prism-pole","status":"publish","type":"product","link":"https:\/\/mountlaser.com\/fr_fr\/produit\/dz215-aluminum-prism-pole\/","title":{"rendered":"Poteau prismatique en aluminium DZ215"},"content":{"rendered":"<p>Am\u00e9liorez votre efficacit\u00e9 en mati\u00e8re de lev\u00e9s topographiques gr\u00e2ce \u00e0 <a href=\"https:\/\/mountlaser.com\/fr_fr\/\"><strong>Support laser DZ215 Poteau prismatique en aluminium<\/strong><\/a>, Con\u00e7ue pour les professionnels exigeants qui ne font aucun compromis sur la vitesse, la durabilit\u00e9 et la pr\u00e9cision, cette perche en aluminium haute r\u00e9sistance offre un \u00e9quilibre id\u00e9al entre l\u00e9g\u00e8ret\u00e9 et robustesse, lui permettant de r\u00e9sister aux conditions difficiles d&#039;une utilisation quotidienne sur tous les chantiers.<\/p>\n<p>L&#039;un des principaux atouts du DZ215 r\u00e9side dans son syst\u00e8me de verrouillage rapide des poteaux prismatiques en aluminium. Cette solution innovante permet un r\u00e9glage rapide de la hauteur et un verrouillage s\u00e9curis\u00e9 en quelques secondes, r\u00e9duisant consid\u00e9rablement le temps d&#039;installation et optimisant votre productivit\u00e9. Que vous travailliez sur des chantiers de construction \u00e0 rythme soutenu ou sur des lev\u00e9s topographiques pr\u00e9cis, l&#039;efficacit\u00e9 d&#039;un DZ215 est ind\u00e9niable. <a href=\"https:\/\/mountlaser.com\/fr_fr\/categorie-produit\/surveying-pole-rod\/aluminum-prism-pole\/\"><strong>Poteau prismatique en aluminium \u00e0 d\u00e9gagement rapide<\/strong><\/a> est sans \u00e9gal.<\/p>\n<p>Le DZ215 est astucieusement \u00e9quip\u00e9 d&#039;une fiole circulaire de 9 m pour une mise \u00e0 niveau ais\u00e9e et d&#039;un tube int\u00e9rieur gradu\u00e9 pour des mesures de hauteur rapides. Pour une polyvalence optimale et une compatibilit\u00e9 future, il offre plusieurs options d&#039;adaptateurs de montage pour prisme. Son rev\u00eatement antid\u00e9rapant en caoutchouc assure une prise en main ferme et confortable en toutes circonstances. Choisir le DZ215 avec le syst\u00e8me de verrouillage rapide de la perche \u00e0 prisme en aluminium, c&#039;est investir dans un flux de travail simplifi\u00e9.<\/p>\n<p><a href=\"https:\/\/mountlaser.com\/fr_fr\/contact-us\/\">Poteau prismatique en aluminium DZ215<\/a> Option de verrouillage\u00a0: Disponible en trois types\u00a0:<br \/>\nVerrouillage par rotation<br \/>\nVerrou \u00e0 d\u00e9gagement rapide<br \/>\nVerrouillage de style GPS<\/p>\n<p><img fetchpriority=\"high\" decoding=\"async\" class=\"aligncenter wp-image-3899\" src=\"https:\/\/mountlaser.com\/wp-content\/uploads\/2025\/11\/DZ215GP-5.webp\" alt=\"Quick Release Aluminum Prism Pole\" width=\"500\" height=\"500\" srcset=\"https:\/\/mountlaser.com\/wp-content\/uploads\/2025\/11\/DZ215GP-5.webp 1000w, https:\/\/mountlaser.com\/wp-content\/uploads\/2025\/11\/DZ215GP-5-300x300.webp 300w, https:\/\/mountlaser.com\/wp-content\/uploads\/2025\/11\/DZ215GP-5-400x400.webp 400w, https:\/\/mountlaser.com\/wp-content\/uploads\/2025\/11\/DZ215GP-5-800x800.webp 800w, https:\/\/mountlaser.com\/wp-content\/uploads\/2025\/11\/DZ215GP-5-600x600.webp 600w, https:\/\/mountlaser.com\/wp-content\/uploads\/2025\/11\/DZ215GP-5-150x150.webp 150w, https:\/\/mountlaser.com\/wp-content\/uploads\/2025\/11\/DZ215GP-5-768x768.webp 768w, https:\/\/mountlaser.com\/wp-content\/uploads\/2025\/11\/DZ215GP-5-12x12.webp 12w\" sizes=\"(max-width: 500px) 100vw, 500px\" \/><\/p>\n<p><strong>Sp\u00e9cifications du poteau prismatique en aluminium DZ215\u00a0:<\/strong><\/p>\n<table style=\"border-collapse: collapse; width: 741.77pt;\" border=\"0\" width=\"989\" cellspacing=\"0\" cellpadding=\"0\">\n<tbody>\n<tr style=\"height: 14.25pt;\">\n<td class=\"et2\" style=\"height: 14.25pt; width: 142.50pt;\" width=\"190\" height=\"19\">NOMBRE<\/td>\n<td class=\"et2\" style=\"width: 127.50pt;\" width=\"170\">LONGUEUR<\/td>\n<td class=\"et2\" style=\"width: 126.00pt;\" width=\"168\">MAT\u00c9RIEL<\/td>\n<td class=\"et2\" style=\"width: 135.00pt;\" width=\"180\">DIPL\u00d4M\u00c9S<\/td>\n<td class=\"et2\" style=\"width: 124.50pt;\" width=\"166\">OPTION DE VERROUILLAGE<\/td>\n<td class=\"et2\" style=\"width: 86.25pt;\" width=\"115\">DIAM\u00c8TRE<\/td>\n<\/tr>\n<tr style=\"height: 14.25pt;\">\n<td class=\"et3\" style=\"height: 14.25pt;\" height=\"19\">DZ215<\/td>\n<td class=\"et4\">215 cm<\/td>\n<td class=\"et3\">Aluminium<\/td>\n<td class=\"et3\">M\u00e8tre<\/td>\n<td class=\"et3\">TL\/ QL\/ GP<\/td>\n<td class=\"et3\">25\/30 mm<\/td>\n<\/tr>\n<\/tbody>\n<\/table>","protected":false},"excerpt":{"rendered":"<ul>\n<li>Fabriqu\u00e9 en aluminium haute r\u00e9sistance pour une utilisation tout au long de la journ\u00e9e sans fatigue.<\/li>\n<li>Pr\u00e9cision int\u00e9gr\u00e9e : Comprend un flacon circulaire de 30 pouces et une \u00e9chelle m\u00e9trique interne facile \u00e0 lire pour un r\u00e9glage pr\u00e9cis.<\/li>\n<li>Compatible avec diff\u00e9rents adaptateurs \u00e0 prisme pour s&#039;adapter \u00e0 votre \u00e9quipement sp\u00e9cifique.<\/li>\n<\/ul>","protected":false},"featured_media":3898,"comment_status":"open","ping_status":"closed","template":"","meta":[],"product_brand":[],"product_cat":[89,117],"product_tag":[],"class_list":{"0":"post-3897","1":"product","2":"type-product","3":"status-publish","4":"has-post-thumbnail","6":"product_cat-surveying-pole-rod","7":"product_cat-aluminum-prism-pole","9":"first","10":"instock","11":"shipping-taxable","12":"product-type-simple"},"_links":{"self":[{"href":"https:\/\/mountlaser.com\/fr_fr\/wp-json\/wp\/v2\/product\/3897","targetHints":{"allow":["GET"]}}],"collection":[{"href":"https:\/\/mountlaser.com\/fr_fr\/wp-json\/wp\/v2\/product"}],"about":[{"href":"https:\/\/mountlaser.com\/fr_fr\/wp-json\/wp\/v2\/types\/product"}],"replies":[{"embeddable":true,"href":"https:\/\/mountlaser.com\/fr_fr\/wp-json\/wp\/v2\/comments?post=3897"}],"wp:featuredmedia":[{"embeddable":true,"href":"https:\/\/mountlaser.com\/fr_fr\/wp-json\/wp\/v2\/media\/3898"}],"wp:attachment":[{"href":"https:\/\/mountlaser.com\/fr_fr\/wp-json\/wp\/v2\/media?parent=3897"}],"wp:term":[{"taxonomy":"product_brand","embeddable":true,"href":"https:\/\/mountlaser.com\/fr_fr\/wp-json\/wp\/v2\/product_brand?post=3897"},{"taxonomy":"product_cat","embeddable":true,"href":"https:\/\/mountlaser.com\/fr_fr\/wp-json\/wp\/v2\/product_cat?post=3897"},{"taxonomy":"product_tag","embeddable":true,"href":"https:\/\/mountlaser.com\/fr_fr\/wp-json\/wp\/v2\/product_tag?post=3897"}],"curies":[{"name":"wp","href":"https:\/\/api.w.org\/{rel}","templated":true}]}}