{"id":3894,"date":"2025-11-10T09:08:51","date_gmt":"2025-11-10T09:08:51","guid":{"rendered":"https:\/\/mountlaser.com\/?post_type=product&#038;p=3894"},"modified":"2025-11-27T06:25:09","modified_gmt":"2025-11-27T06:25:09","slug":"tmm01-magnetic-mount","status":"publish","type":"product","link":"https:\/\/mountlaser.com\/fr_fr\/produit\/tmm01-magnetic-mount\/","title":{"rendered":"Support magn\u00e9tique TMM01"},"content":{"rendered":"<p>Le <a href=\"https:\/\/mountlaser.com\/fr_fr\/\"><strong>Support triple pour chargeur<\/strong><\/a> Ce support magn\u00e9tique est un accessoire GNSS haute performance con\u00e7u pour offrir une stabilit\u00e9 et une pr\u00e9cision sup\u00e9rieures lors des lev\u00e9s topographiques \u00e0 basse altitude. Fabriqu\u00e9 en aluminium et en acier robustes, il assure une base solide et s\u00e9curis\u00e9e pour les prismes, ce qui le rend id\u00e9al pour une utilisation aussi bien en int\u00e9rieur qu&#039;en ext\u00e9rieur.<\/p>\n<p>Dot\u00e9 d&#039;une base magn\u00e9tique triple de 100 mm de diam\u00e8tre, le support Triple Mag Mount offre une adh\u00e9rence exceptionnelle sur toute surface ferromagn\u00e9tique, garantissant la stabilit\u00e9 de votre prisme ou de votre syst\u00e8me GNSS m\u00eame dans des environnements difficiles. Ses deux vis de r\u00e9glage permettent une mise \u00e0 niveau rapide et pr\u00e9cise, ce qui en fait une solution fiable pour les professionnels exigeant pr\u00e9cision et efficacit\u00e9 dans chaque mesure.<\/p>\n<p><img fetchpriority=\"high\" decoding=\"async\" class=\"aligncenter wp-image-3886\" src=\"https:\/\/mountlaser.com\/wp-content\/uploads\/2025\/11\/TMM013.webp\" alt=\"TMM01 Triple Mag Mount\" width=\"500\" height=\"500\" srcset=\"https:\/\/mountlaser.com\/wp-content\/uploads\/2025\/11\/TMM013.webp 1000w, https:\/\/mountlaser.com\/wp-content\/uploads\/2025\/11\/TMM013-300x300.webp 300w, https:\/\/mountlaser.com\/wp-content\/uploads\/2025\/11\/TMM013-400x400.webp 400w, https:\/\/mountlaser.com\/wp-content\/uploads\/2025\/11\/TMM013-800x800.webp 800w, https:\/\/mountlaser.com\/wp-content\/uploads\/2025\/11\/TMM013-600x600.webp 600w, https:\/\/mountlaser.com\/wp-content\/uploads\/2025\/11\/TMM013-150x150.webp 150w, https:\/\/mountlaser.com\/wp-content\/uploads\/2025\/11\/TMM013-768x768.webp 768w, https:\/\/mountlaser.com\/wp-content\/uploads\/2025\/11\/TMM013-12x12.webp 12w\" sizes=\"(max-width: 500px) 100vw, 500px\" \/><\/p>\n<p>Le <a href=\"https:\/\/mountlaser.com\/fr_fr\/products\/\"><strong>Support magn\u00e9tique<\/strong><\/a> Facile \u00e0 installer, \u00e0 retirer et \u00e0 repositionner, ce support offre une grande flexibilit\u00e9 sans compromettre la stabilit\u00e9. Utilis\u00e9 pour l&#039;implantation de chantiers, la surveillance des d\u00e9formations ou les lev\u00e9s topographiques, ce support magn\u00e9tique triple garantit fiabilit\u00e9, r\u00e9p\u00e9tabilit\u00e9 et performances robustes.<\/p>","protected":false},"excerpt":{"rendered":"<ul>\n<li>Construction robuste en aluminium et en acier<\/li>\n<li>Dot\u00e9 de trois aimants pour une force de maintien sup\u00e9rieure<\/li>\n<li>Deux vis de r\u00e9glage en profondeur pour un nivellement pr\u00e9cis<\/li>\n<li>Compatible avec les syst\u00e8mes \u00e0 prisme et GNSS<\/li>\n<li>Id\u00e9al pour les lev\u00e9s topographiques \u00e0 faible hauteur ou \u00e0 courte port\u00e9e<\/li>\n<\/ul>","protected":false},"featured_media":3886,"comment_status":"open","ping_status":"closed","template":"","meta":[],"product_brand":[],"product_cat":[84,120],"product_tag":[],"class_list":{"0":"post-3894","1":"product","2":"type-product","3":"status-publish","4":"has-post-thumbnail","6":"product_cat-gnss-accessory","7":"product_cat-magnetic-mount","9":"first","10":"instock","11":"shipping-taxable","12":"product-type-simple"},"_links":{"self":[{"href":"https:\/\/mountlaser.com\/fr_fr\/wp-json\/wp\/v2\/product\/3894","targetHints":{"allow":["GET"]}}],"collection":[{"href":"https:\/\/mountlaser.com\/fr_fr\/wp-json\/wp\/v2\/product"}],"about":[{"href":"https:\/\/mountlaser.com\/fr_fr\/wp-json\/wp\/v2\/types\/product"}],"replies":[{"embeddable":true,"href":"https:\/\/mountlaser.com\/fr_fr\/wp-json\/wp\/v2\/comments?post=3894"}],"wp:featuredmedia":[{"embeddable":true,"href":"https:\/\/mountlaser.com\/fr_fr\/wp-json\/wp\/v2\/media\/3886"}],"wp:attachment":[{"href":"https:\/\/mountlaser.com\/fr_fr\/wp-json\/wp\/v2\/media?parent=3894"}],"wp:term":[{"taxonomy":"product_brand","embeddable":true,"href":"https:\/\/mountlaser.com\/fr_fr\/wp-json\/wp\/v2\/product_brand?post=3894"},{"taxonomy":"product_cat","embeddable":true,"href":"https:\/\/mountlaser.com\/fr_fr\/wp-json\/wp\/v2\/product_cat?post=3894"},{"taxonomy":"product_tag","embeddable":true,"href":"https:\/\/mountlaser.com\/fr_fr\/wp-json\/wp\/v2\/product_tag?post=3894"}],"curies":[{"name":"wp","href":"https:\/\/api.w.org\/{rel}","templated":true}]}}