{"id":3852,"date":"2025-11-10T07:55:06","date_gmt":"2025-11-10T07:55:06","guid":{"rendered":"https:\/\/mountlaser.com\/?post_type=product&#038;p=3852"},"modified":"2025-11-27T06:43:52","modified_gmt":"2025-11-27T06:43:52","slug":"plastic-scanner-sphere","status":"publish","type":"product","link":"https:\/\/mountlaser.com\/fr_fr\/produit\/plastic-scanner-sphere\/","title":{"rendered":"Sph\u00e8re de scanner en plastique"},"content":{"rendered":"<p>Le <a href=\"https:\/\/mountlaser.com\/fr_fr\/\"><strong>Sph\u00e8re de r\u00e9f\u00e9rence pour scanner laser<\/strong> <\/a>Il s&#039;agit d&#039;une cible l\u00e9g\u00e8re et de haute pr\u00e9cision con\u00e7ue pour les applications de num\u00e9risation 3D et d&#039;alignement de haute pr\u00e9cision. Con\u00e7ue pour les flux de travail professionnels en topographie, ing\u00e9nierie et construction, cette <a href=\"https:\/\/mountlaser.com\/fr_fr\/products\/\"><strong>sph\u00e8res de scanner en plastique<\/strong><\/a> garantir des points de r\u00e9f\u00e9rence fiables dans les environnements de balayage laser o\u00f9 la pr\u00e9cision et la stabilit\u00e9 sont essentielles.<\/p>\n<p>La s\u00e9rie de sph\u00e8res de r\u00e9f\u00e9rence pour scanners laser comprend deux mod\u00e8les \u2014 N66203 et N66901 \u2014 con\u00e7us avec pr\u00e9cision pour des performances exceptionnelles et une grande facilit\u00e9 d&#039;utilisation. Le mod\u00e8le N66203, en plastique durable, offre une tol\u00e9rance de moins de 1,5 mm et dispose de deux fixations filet\u00e9es M8, offrant ainsi une grande flexibilit\u00e9 d&#039;installation pour diff\u00e9rentes configurations de num\u00e9risation. Le mod\u00e8le N66901 est \u00e9quip\u00e9 d&#039;une base magn\u00e9tique compacte de 20 mm de diam\u00e8tre, permettant une fixation rapide et stable sur les surfaces m\u00e9talliques pour des interventions efficaces sur le terrain.<\/p>\n<p><img fetchpriority=\"high\" decoding=\"async\" class=\"aligncenter wp-image-3875\" src=\"https:\/\/mountlaser.com\/wp-content\/uploads\/2025\/11\/Scanner-Spheres5.webp\" alt=\"Laser Scanner Reference Sphere\" width=\"500\" height=\"500\" srcset=\"https:\/\/mountlaser.com\/wp-content\/uploads\/2025\/11\/Scanner-Spheres5.webp 1000w, https:\/\/mountlaser.com\/wp-content\/uploads\/2025\/11\/Scanner-Spheres5-300x300.webp 300w, https:\/\/mountlaser.com\/wp-content\/uploads\/2025\/11\/Scanner-Spheres5-400x400.webp 400w, https:\/\/mountlaser.com\/wp-content\/uploads\/2025\/11\/Scanner-Spheres5-800x800.webp 800w, https:\/\/mountlaser.com\/wp-content\/uploads\/2025\/11\/Scanner-Spheres5-600x600.webp 600w, https:\/\/mountlaser.com\/wp-content\/uploads\/2025\/11\/Scanner-Spheres5-150x150.webp 150w, https:\/\/mountlaser.com\/wp-content\/uploads\/2025\/11\/Scanner-Spheres5-768x768.webp 768w, https:\/\/mountlaser.com\/wp-content\/uploads\/2025\/11\/Scanner-Spheres5-12x12.webp 12w\" sizes=\"(max-width: 500px) 100vw, 500px\" \/><\/p>\n<p>Ces <a href=\"https:\/\/mountlaser.com\/fr_fr\/contact-us\/\">Sph\u00e8res de r\u00e9f\u00e9rence pour scanner laser<\/a> Elles sont id\u00e9ales pour les t\u00e2ches de r\u00e9f\u00e9rencement, d&#039;enregistrement et d&#039;alignement dans les projets de num\u00e9risation laser. Leur conception l\u00e9g\u00e8re et leurs tol\u00e9rances pr\u00e9cises en font un excellent choix pour la cartographie mobile, la mod\u00e9lisation des informations du b\u00e2timent (BIM) et les applications d&#039;inspection industrielle.<\/p>","protected":false},"excerpt":{"rendered":"<ul>\n<li>Haute pr\u00e9cision : Mesures de r\u00e9f\u00e9rence pr\u00e9cises<\/li>\n<li>L\u00e9ger et durable : Fabriqu\u00e9 en plastique de haute qualit\u00e9 pour une manipulation et un transport faciles<\/li>\n<li>Installation flexible\u00a0: fixations filet\u00e9es doubles M8 (N66203) ou base magn\u00e9tique (N66901) pour de multiples options de montage<\/li>\n<li>Point de r\u00e9f\u00e9rence stable : id\u00e9al pour une utilisation avec les scanners laser terrestres et les syst\u00e8mes d&#039;imagerie 3D<\/li>\n<\/ul>","protected":false},"featured_media":3873,"comment_status":"open","ping_status":"closed","template":"","meta":[],"product_brand":[],"product_cat":[80,119],"product_tag":[],"class_list":{"0":"post-3852","1":"product","2":"type-product","3":"status-publish","4":"has-post-thumbnail","6":"product_cat-scanner-sphere-target-laser-scanning","7":"product_cat-scanner-sphere-with-integrated-prism","9":"first","10":"instock","11":"shipping-taxable","12":"product-type-simple"},"_links":{"self":[{"href":"https:\/\/mountlaser.com\/fr_fr\/wp-json\/wp\/v2\/product\/3852","targetHints":{"allow":["GET"]}}],"collection":[{"href":"https:\/\/mountlaser.com\/fr_fr\/wp-json\/wp\/v2\/product"}],"about":[{"href":"https:\/\/mountlaser.com\/fr_fr\/wp-json\/wp\/v2\/types\/product"}],"replies":[{"embeddable":true,"href":"https:\/\/mountlaser.com\/fr_fr\/wp-json\/wp\/v2\/comments?post=3852"}],"wp:featuredmedia":[{"embeddable":true,"href":"https:\/\/mountlaser.com\/fr_fr\/wp-json\/wp\/v2\/media\/3873"}],"wp:attachment":[{"href":"https:\/\/mountlaser.com\/fr_fr\/wp-json\/wp\/v2\/media?parent=3852"}],"wp:term":[{"taxonomy":"product_brand","embeddable":true,"href":"https:\/\/mountlaser.com\/fr_fr\/wp-json\/wp\/v2\/product_brand?post=3852"},{"taxonomy":"product_cat","embeddable":true,"href":"https:\/\/mountlaser.com\/fr_fr\/wp-json\/wp\/v2\/product_cat?post=3852"},{"taxonomy":"product_tag","embeddable":true,"href":"https:\/\/mountlaser.com\/fr_fr\/wp-json\/wp\/v2\/product_tag?post=3852"}],"curies":[{"name":"wp","href":"https:\/\/api.w.org\/{rel}","templated":true}]}}