{"id":3851,"date":"2025-11-10T07:21:43","date_gmt":"2025-11-10T07:21:43","guid":{"rendered":"https:\/\/mountlaser.com\/?post_type=product&#038;p=3851"},"modified":"2025-11-27T06:53:31","modified_gmt":"2025-11-27T06:53:31","slug":"bp004-scanner-sphere","status":"publish","type":"product","link":"https:\/\/mountlaser.com\/fr_fr\/produit\/bp004-scanner-sphere\/","title":{"rendered":"Sph\u00e8re de scanner BP004"},"content":{"rendered":"<p>Le <a href=\"https:\/\/mountlaser.com\/fr_fr\/\"><strong>Sph\u00e8re de balayage avec prisme<\/strong><\/a> est une cible de topographie et de num\u00e9risation 3D de qualit\u00e9 professionnelle, con\u00e7ue pour une pr\u00e9cision et une polyvalence in\u00e9gal\u00e9es. Con\u00e7ue pour une utilisation \u00e0 double fonction,<a href=\"https:\/\/mountlaser.com\/fr_fr\/about-us\/\"><strong> Sph\u00e8re de balayage avec prisme int\u00e9gr\u00e9<\/strong><\/a> permet un fonctionnement fluide avec les scanners laser et les stations totales, garantissant un alignement et une pr\u00e9cision parfaits pour chaque mesure.<\/p>\n<p>Cette sph\u00e8re de balayage de 100 mm (3,94 po) avec prisme est dot\u00e9e d&#039;un prisme r\u00e9fl\u00e9chissant de 64,5 mm parfaitement centr\u00e9, garantissant ainsi l&#039;alignement exact du centre g\u00e9om\u00e9trique de la sph\u00e8re avec le centre optique du prisme. Cette conception int\u00e9gr\u00e9e assure un r\u00e9f\u00e9rencement fiable quelle que soit la direction de balayage, offrant des r\u00e9sultats constants pour les applications topographiques et d&#039;ing\u00e9nierie de haute pr\u00e9cision.<\/p>\n<p><img fetchpriority=\"high\" decoding=\"async\" class=\"aligncenter wp-image-3844 size-medium\" src=\"https:\/\/mountlaser.com\/wp-content\/uploads\/2025\/11\/3-10BP0043-300x300.webp\" alt=\"BP004 scanning sphere with prism\" width=\"300\" height=\"300\" srcset=\"https:\/\/mountlaser.com\/wp-content\/uploads\/2025\/11\/3-10BP0043-300x300.webp 300w, https:\/\/mountlaser.com\/wp-content\/uploads\/2025\/11\/3-10BP0043-400x400.webp 400w, https:\/\/mountlaser.com\/wp-content\/uploads\/2025\/11\/3-10BP0043-800x800.webp 800w, https:\/\/mountlaser.com\/wp-content\/uploads\/2025\/11\/3-10BP0043-600x600.webp 600w, https:\/\/mountlaser.com\/wp-content\/uploads\/2025\/11\/3-10BP0043-150x150.webp 150w, https:\/\/mountlaser.com\/wp-content\/uploads\/2025\/11\/3-10BP0043-768x768.webp 768w, https:\/\/mountlaser.com\/wp-content\/uploads\/2025\/11\/3-10BP0043-12x12.webp 12w, https:\/\/mountlaser.com\/wp-content\/uploads\/2025\/11\/3-10BP0043.webp 1000w\" sizes=\"(max-width: 300px) 100vw, 300px\" \/><\/p>\n<p>Fabriqu\u00e9e en plastique durable avec une surface parfaitement sph\u00e9rique, la sph\u00e8re de num\u00e9risation avec prisme assure une collecte pr\u00e9cise des donn\u00e9es 3D quel que soit l&#039;angle de vue. Disponible en deux versions. <a href=\"https:\/\/mountlaser.com\/fr_fr\/contact-us\/\">BP004A<\/a> (avec verrouillage pour adaptateur \u00e0 d\u00e9gagement rapide de type suisse) et BP004B (avec verrouillage \u00e0 d\u00e9gagement rapide) \u2014 il s&#039;int\u00e8gre parfaitement dans les configurations de num\u00e9risation professionnelles.<\/p>","protected":false},"excerpt":{"rendered":"<ul>\n<li>Conception \u00e0 double fonction : combine une sph\u00e8re r\u00e9fl\u00e9chissante et un prisme centr\u00e9 de 64,5 mm pour une compatibilit\u00e9 avec les scanners laser et les stations totales.<\/li>\n<li>Alignement de pr\u00e9cision : le prisme est parfaitement align\u00e9 sur le centre g\u00e9om\u00e9trique de la sph\u00e8re pour une pr\u00e9cision sup\u00e9rieure<\/li>\n<li>Haute pr\u00e9cision sous tous les angles\u00a0: permet la num\u00e9risation et la mesure 3D avec une erreur de configuration minimale<\/li>\n<li>Construction durable : Fabriqu\u00e9 en plastique de haute qualit\u00e9 pour plus de solidit\u00e9 et de stabilit\u00e9<\/li>\n<li>Options de montage flexibles\u00a0: Compatible avec les syst\u00e8mes de fixation rapide de type suisse (mod\u00e8les BP004A \/ BP004B)<\/li>\n<\/ul>","protected":false},"featured_media":3844,"comment_status":"open","ping_status":"closed","template":"","meta":[],"product_brand":[],"product_cat":[80,119],"product_tag":[],"class_list":{"0":"post-3851","1":"product","2":"type-product","3":"status-publish","4":"has-post-thumbnail","6":"product_cat-scanner-sphere-target-laser-scanning","7":"product_cat-scanner-sphere-with-integrated-prism","9":"first","10":"instock","11":"shipping-taxable","12":"product-type-simple"},"_links":{"self":[{"href":"https:\/\/mountlaser.com\/fr_fr\/wp-json\/wp\/v2\/product\/3851","targetHints":{"allow":["GET"]}}],"collection":[{"href":"https:\/\/mountlaser.com\/fr_fr\/wp-json\/wp\/v2\/product"}],"about":[{"href":"https:\/\/mountlaser.com\/fr_fr\/wp-json\/wp\/v2\/types\/product"}],"replies":[{"embeddable":true,"href":"https:\/\/mountlaser.com\/fr_fr\/wp-json\/wp\/v2\/comments?post=3851"}],"wp:featuredmedia":[{"embeddable":true,"href":"https:\/\/mountlaser.com\/fr_fr\/wp-json\/wp\/v2\/media\/3844"}],"wp:attachment":[{"href":"https:\/\/mountlaser.com\/fr_fr\/wp-json\/wp\/v2\/media?parent=3851"}],"wp:term":[{"taxonomy":"product_brand","embeddable":true,"href":"https:\/\/mountlaser.com\/fr_fr\/wp-json\/wp\/v2\/product_brand?post=3851"},{"taxonomy":"product_cat","embeddable":true,"href":"https:\/\/mountlaser.com\/fr_fr\/wp-json\/wp\/v2\/product_cat?post=3851"},{"taxonomy":"product_tag","embeddable":true,"href":"https:\/\/mountlaser.com\/fr_fr\/wp-json\/wp\/v2\/product_tag?post=3851"}],"curies":[{"name":"wp","href":"https:\/\/api.w.org\/{rel}","templated":true}]}}