{"id":3833,"date":"2025-11-10T06:23:53","date_gmt":"2025-11-10T06:23:53","guid":{"rendered":"https:\/\/mountlaser.com\/?post_type=product&#038;p=3833"},"modified":"2025-11-27T07:07:58","modified_gmt":"2025-11-27T07:07:58","slug":"st005-laser-scanner-target","status":"publish","type":"product","link":"https:\/\/mountlaser.com\/fr_fr\/produit\/st005-laser-scanner-target\/","title":{"rendered":"Cible du scanner laser ST005"},"content":{"rendered":"<p>Le <a href=\"https:\/\/mountlaser.com\/fr_fr\/\"><strong>Cible laser carr\u00e9e<\/strong><\/a> ST005 est un produit de pr\u00e9cision <a href=\"https:\/\/mountlaser.com\/fr_fr\/products\/\"><strong>cible laser noir et blanc<\/strong><\/a> Con\u00e7ue pour les applications professionnelles de num\u00e9risation laser, de lev\u00e9s topographiques et d&#039;alignement, cette cible est fabriqu\u00e9e en aluminium de haute qualit\u00e9, garantissant une durabilit\u00e9 et une stabilit\u00e9 dimensionnelle optimales, m\u00eame dans des conditions environnementales difficiles.<\/p>\n<p>Avec sa surface de 200 \u00d7 200 mm, la cible laser carr\u00e9e offre un motif laser noir et blanc de grande taille et \u00e0 contraste \u00e9lev\u00e9, am\u00e9liorant la visibilit\u00e9 et la pr\u00e9cision des mesures et du positionnement. Son rev\u00eatement en poudre et sa s\u00e9rigraphie lui conf\u00e8rent une r\u00e9sistance \u00e0 l&#039;usure exceptionnelle, garantissant une r\u00e9flectivit\u00e9 constante et des performances fiables dans le temps.<\/p>\n<p><img fetchpriority=\"high\" decoding=\"async\" class=\"aligncenter wp-image-3834\" src=\"https:\/\/mountlaser.com\/wp-content\/uploads\/2025\/11\/ST0051.webp\" alt=\"ST005 Square laser target\" width=\"500\" height=\"500\" srcset=\"https:\/\/mountlaser.com\/wp-content\/uploads\/2025\/11\/ST0051.webp 1000w, https:\/\/mountlaser.com\/wp-content\/uploads\/2025\/11\/ST0051-300x300.webp 300w, https:\/\/mountlaser.com\/wp-content\/uploads\/2025\/11\/ST0051-400x400.webp 400w, https:\/\/mountlaser.com\/wp-content\/uploads\/2025\/11\/ST0051-800x800.webp 800w, https:\/\/mountlaser.com\/wp-content\/uploads\/2025\/11\/ST0051-600x600.webp 600w, https:\/\/mountlaser.com\/wp-content\/uploads\/2025\/11\/ST0051-150x150.webp 150w, https:\/\/mountlaser.com\/wp-content\/uploads\/2025\/11\/ST0051-768x768.webp 768w, https:\/\/mountlaser.com\/wp-content\/uploads\/2025\/11\/ST0051-12x12.webp 12w\" sizes=\"(max-width: 500px) 100vw, 500px\" \/><\/p>\n<p>Le laser carr\u00e9 <a href=\"https:\/\/mountlaser.com\/fr_fr\/contact-us\/\">Cible ST005<\/a> Il est \u00e9quip\u00e9 d&#039;un adaptateur \u00e0 d\u00e9gagement rapide, permettant une installation rapide et s\u00e9curis\u00e9e sur diff\u00e9rents syst\u00e8mes de montage, ce qui en fait un outil pratique et efficace pour les professionnels de terrain.<\/p>","protected":false},"excerpt":{"rendered":"<ul>\n<li>Fabriqu\u00e9 en aluminium durable pour une long\u00e9vit\u00e9 sup\u00e9rieure<\/li>\n<li>Conception carr\u00e9e de 200 \u00d7 200 mm pour une pr\u00e9cision accrue<\/li>\n<li>Rev\u00eatement en poudre + s\u00e9rigraphie pour une surface noire et blanche \u00e0 contraste \u00e9lev\u00e9<\/li>\n<li>Adaptateur \u00e0 d\u00e9gagement rapide pour une installation rapide et stable<\/li>\n<li>Optimis\u00e9 pour les scanners laser et les instruments de topographie<\/li>\n<\/ul>","protected":false},"featured_media":3834,"comment_status":"open","ping_status":"closed","template":"","meta":[],"product_brand":[],"product_cat":[80,118],"product_tag":[],"class_list":{"0":"post-3833","1":"product","2":"type-product","3":"status-publish","4":"has-post-thumbnail","6":"product_cat-scanner-sphere-target-laser-scanning","7":"product_cat-checkerboard-target","9":"first","10":"instock","11":"shipping-taxable","12":"product-type-simple"},"_links":{"self":[{"href":"https:\/\/mountlaser.com\/fr_fr\/wp-json\/wp\/v2\/product\/3833","targetHints":{"allow":["GET"]}}],"collection":[{"href":"https:\/\/mountlaser.com\/fr_fr\/wp-json\/wp\/v2\/product"}],"about":[{"href":"https:\/\/mountlaser.com\/fr_fr\/wp-json\/wp\/v2\/types\/product"}],"replies":[{"embeddable":true,"href":"https:\/\/mountlaser.com\/fr_fr\/wp-json\/wp\/v2\/comments?post=3833"}],"wp:featuredmedia":[{"embeddable":true,"href":"https:\/\/mountlaser.com\/fr_fr\/wp-json\/wp\/v2\/media\/3834"}],"wp:attachment":[{"href":"https:\/\/mountlaser.com\/fr_fr\/wp-json\/wp\/v2\/media?parent=3833"}],"wp:term":[{"taxonomy":"product_brand","embeddable":true,"href":"https:\/\/mountlaser.com\/fr_fr\/wp-json\/wp\/v2\/product_brand?post=3833"},{"taxonomy":"product_cat","embeddable":true,"href":"https:\/\/mountlaser.com\/fr_fr\/wp-json\/wp\/v2\/product_cat?post=3833"},{"taxonomy":"product_tag","embeddable":true,"href":"https:\/\/mountlaser.com\/fr_fr\/wp-json\/wp\/v2\/product_tag?post=3833"}],"curies":[{"name":"wp","href":"https:\/\/api.w.org\/{rel}","templated":true}]}}