{"id":3816,"date":"2025-11-10T05:38:28","date_gmt":"2025-11-10T05:38:28","guid":{"rendered":"https:\/\/mountlaser.com\/?post_type=product&#038;p=3816"},"modified":"2025-11-27T07:03:13","modified_gmt":"2025-11-27T07:03:13","slug":"st002-hds-laser-scanner-target","status":"publish","type":"product","link":"https:\/\/mountlaser.com\/fr_fr\/produit\/st002-hds-laser-scanner-target\/","title":{"rendered":"Cible du scanner laser ST002\/HDS"},"content":{"rendered":"<p>Le<a href=\"https:\/\/mountlaser.com\/fr_fr\/\"><strong> Cible inclinable<\/strong> <\/a>Les cibles ST002 et HDS noir et blanc sont des outils de pr\u00e9cision con\u00e7us pour les applications professionnelles de num\u00e9risation et de lev\u00e9s laser 3D. Ces deux mod\u00e8les garantissent un enregistrement et un alignement pr\u00e9cis des points, m\u00eame dans des environnements de num\u00e9risation complexes.<\/p>\n<p>La cible inclinable ST002 est dot\u00e9e d&#039;un corps en aluminium de 152 mm (6 pouces) \u00e9quip\u00e9 d&#039;une feuille r\u00e9fl\u00e9chissante 3M, offrant une visibilit\u00e9 \u00e9lev\u00e9e et une r\u00e9flectivit\u00e9 pr\u00e9cise pour une pr\u00e9cision de num\u00e9risation accrue. Son filetage femelle 5\/8\u2033-11 et sa base magn\u00e9tique permettent une fixation facile et s\u00e9curis\u00e9e sur les surfaces m\u00e9talliques ou les tr\u00e9pieds, offrant une grande flexibilit\u00e9 de positionnement sur le terrain.<\/p>\n<p>Le HDS <a href=\"https:\/\/mountlaser.com\/fr_fr\/products\/\"><strong>Cible en noir et blanc<\/strong> <\/a>Partageant la m\u00eame structure en aluminium de 152 mm, cette version se distingue par son rev\u00eatement en poudre et sa s\u00e9rigraphie offrant un motif \u00e0 contraste \u00e9lev\u00e9 qui am\u00e9liore la d\u00e9tection et la stabilit\u00e9 de la cible. Les deux versions de cible inclinable sont id\u00e9ales pour les flux de travail de num\u00e9risation n\u00e9cessitant des points de r\u00e9f\u00e9rence fiables, r\u00e9p\u00e9tables et facilement visibles.<\/p>\n<p><strong><a href=\"https:\/\/mountlaser.com\/fr_fr\/contact-us\/\">Cible du scanner laser ST002\/HDS<\/a> Caract\u00e9ristiques<\/strong><\/p>\n<table width=\"587\">\n<tbody>\n<tr>\n<td width=\"72\">Mod\u00e8le<\/td>\n<td width=\"254\">Image<\/td>\n<td width=\"261\">Param\u00e8tres<\/td>\n<\/tr>\n<tr>\n<td>ST002<\/td>\n<td><img fetchpriority=\"high\" decoding=\"async\" class=\"alignnone wp-image-3817 size-medium\" src=\"https:\/\/mountlaser.com\/wp-content\/uploads\/2025\/11\/ST0021-300x300.webp\" alt=\"ST002 Tilting Target\" width=\"300\" height=\"300\" srcset=\"https:\/\/mountlaser.com\/wp-content\/uploads\/2025\/11\/ST0021-300x300.webp 300w, https:\/\/mountlaser.com\/wp-content\/uploads\/2025\/11\/ST0021-400x400.webp 400w, https:\/\/mountlaser.com\/wp-content\/uploads\/2025\/11\/ST0021-800x800.webp 800w, https:\/\/mountlaser.com\/wp-content\/uploads\/2025\/11\/ST0021-600x600.webp 600w, https:\/\/mountlaser.com\/wp-content\/uploads\/2025\/11\/ST0021-150x150.webp 150w, https:\/\/mountlaser.com\/wp-content\/uploads\/2025\/11\/ST0021-768x768.webp 768w, https:\/\/mountlaser.com\/wp-content\/uploads\/2025\/11\/ST0021-12x12.webp 12w, https:\/\/mountlaser.com\/wp-content\/uploads\/2025\/11\/ST0021.webp 1000w\" sizes=\"(max-width: 300px) 100vw, 300px\" \/><\/td>\n<td width=\"261\">MAT\u00c9RIAU : Aluminium<br \/>\nTAILLE CIBLE : OD152 mm (6,0 po)<br \/>\nTRAITEMENT DE SURFACE : Feuille r\u00e9fl\u00e9chissante 3M<br \/>\nADAPTATEUR : Filetage femelle 5\/8\u2033-11, base magn\u00e9tique<\/td>\n<\/tr>\n<tr>\n<td>HDS<\/td>\n<td><img decoding=\"async\" class=\"alignnone wp-image-3828 size-medium\" src=\"https:\/\/mountlaser.com\/wp-content\/uploads\/2025\/11\/HDS-Sanning-Target\uff084\uff09-300x300.webp\" alt=\"HDS Tilting Target \" width=\"300\" height=\"300\" srcset=\"https:\/\/mountlaser.com\/wp-content\/uploads\/2025\/11\/HDS-Sanning-Target\uff084\uff09-300x300.webp 300w, https:\/\/mountlaser.com\/wp-content\/uploads\/2025\/11\/HDS-Sanning-Target\uff084\uff09-400x400.webp 400w, https:\/\/mountlaser.com\/wp-content\/uploads\/2025\/11\/HDS-Sanning-Target\uff084\uff09-800x800.webp 800w, https:\/\/mountlaser.com\/wp-content\/uploads\/2025\/11\/HDS-Sanning-Target\uff084\uff09-600x600.webp 600w, https:\/\/mountlaser.com\/wp-content\/uploads\/2025\/11\/HDS-Sanning-Target\uff084\uff09-150x150.webp 150w, https:\/\/mountlaser.com\/wp-content\/uploads\/2025\/11\/HDS-Sanning-Target\uff084\uff09-768x768.webp 768w, https:\/\/mountlaser.com\/wp-content\/uploads\/2025\/11\/HDS-Sanning-Target\uff084\uff09-12x12.webp 12w, https:\/\/mountlaser.com\/wp-content\/uploads\/2025\/11\/HDS-Sanning-Target\uff084\uff09.webp 1000w\" sizes=\"(max-width: 300px) 100vw, 300px\" \/><\/td>\n<td width=\"261\">MAT\u00c9RIAU : Aluminium<br \/>\nTAILLE CIBLE : OD152 mm (6,0 po)<br \/>\nTRAITEMENT DE SURFACE : Rev\u00eatement en poudre + S\u00e9rigraphie<br \/>\nADAPTATEUR : Filetage femelle 5\/8\u2033-11, base magn\u00e9tique<\/td>\n<\/tr>\n<\/tbody>\n<\/table>","protected":false},"excerpt":{"rendered":"<ul>\n<li>Conception de cible inclinable de haute pr\u00e9cision pour les applications de num\u00e9risation laser professionnelles<\/li>\n<li>Bo\u00eetier en aluminium durable offrant une excellente stabilit\u00e9 dimensionnelle<\/li>\n<li>ST002\u00a0: Surface r\u00e9fl\u00e9chissante 3M pour un meilleur retour de signal<\/li>\n<li>Cible HDS : Cible noire et blanche \u00e0 rev\u00eatement en poudre pour une visibilit\u00e9 optimale<\/li>\n<li>Base magn\u00e9tique et filetage femelle 5\/8\u2033-11 pour une fixation flexible<\/li>\n<li>La taille de la cible de 152 mm (6 pouces) garantit des performances constantes<\/li>\n<\/ul>","protected":false},"featured_media":3828,"comment_status":"open","ping_status":"closed","template":"","meta":[],"product_brand":[],"product_cat":[72,118,80],"product_tag":[],"class_list":{"0":"post-3816","1":"product","2":"type-product","3":"status-publish","4":"has-post-thumbnail","6":"product_cat-reflective-target-prism","7":"product_cat-checkerboard-target","8":"product_cat-scanner-sphere-target-laser-scanning","10":"first","11":"instock","12":"shipping-taxable","13":"product-type-simple"},"_links":{"self":[{"href":"https:\/\/mountlaser.com\/fr_fr\/wp-json\/wp\/v2\/product\/3816","targetHints":{"allow":["GET"]}}],"collection":[{"href":"https:\/\/mountlaser.com\/fr_fr\/wp-json\/wp\/v2\/product"}],"about":[{"href":"https:\/\/mountlaser.com\/fr_fr\/wp-json\/wp\/v2\/types\/product"}],"replies":[{"embeddable":true,"href":"https:\/\/mountlaser.com\/fr_fr\/wp-json\/wp\/v2\/comments?post=3816"}],"wp:featuredmedia":[{"embeddable":true,"href":"https:\/\/mountlaser.com\/fr_fr\/wp-json\/wp\/v2\/media\/3828"}],"wp:attachment":[{"href":"https:\/\/mountlaser.com\/fr_fr\/wp-json\/wp\/v2\/media?parent=3816"}],"wp:term":[{"taxonomy":"product_brand","embeddable":true,"href":"https:\/\/mountlaser.com\/fr_fr\/wp-json\/wp\/v2\/product_brand?post=3816"},{"taxonomy":"product_cat","embeddable":true,"href":"https:\/\/mountlaser.com\/fr_fr\/wp-json\/wp\/v2\/product_cat?post=3816"},{"taxonomy":"product_tag","embeddable":true,"href":"https:\/\/mountlaser.com\/fr_fr\/wp-json\/wp\/v2\/product_tag?post=3816"}],"curies":[{"name":"wp","href":"https:\/\/api.w.org\/{rel}","templated":true}]}}