{"id":3806,"date":"2025-11-10T04:50:10","date_gmt":"2025-11-10T04:50:10","guid":{"rendered":"https:\/\/mountlaser.com\/?post_type=product&#038;p=3806"},"modified":"2025-11-27T07:44:16","modified_gmt":"2025-11-27T07:44:16","slug":"st001-gzt21-laser-scanner-target","status":"publish","type":"product","link":"https:\/\/mountlaser.com\/fr_fr\/produit\/st001-gzt21-laser-scanner-target\/","title":{"rendered":"Cible du scanner laser ST001\/GZT21"},"content":{"rendered":"<p>Le<a href=\"https:\/\/mountlaser.com\/fr_fr\/\"><strong> Cible de num\u00e9risation ST001<\/strong><\/a> et GZT21 sont de haute pr\u00e9cision <a href=\"https:\/\/mountlaser.com\/fr_fr\/products\/\"><strong>Cibles rondes \u00e0 damier<\/strong><\/a> Con\u00e7us pour la num\u00e9risation laser 3D, l&#039;alignement et le r\u00e9f\u00e9rencement, ces deux mod\u00e8les sont pens\u00e9s pour les professionnels exigeants en mati\u00e8re de pr\u00e9cision et de durabilit\u00e9, et offrent des performances exceptionnelles aussi bien sur le terrain qu&#039;en int\u00e9rieur.<\/p>\n<p>La cible de balayage ST001 est dot\u00e9e d&#039;un bo\u00eetier compact en aluminium de 80 mm de diam\u00e8tre ext\u00e9rieur (3,1 pouces), tandis que la GZT21 offre un diam\u00e8tre ext\u00e9rieur plus large de 115 mm (4,5 pouces) pour une visibilit\u00e9 accrue. Chaque cible ronde \u00e0 damier est fabriqu\u00e9e en aluminium de haute qualit\u00e9, garantissant une stabilit\u00e9 sup\u00e9rieure et une utilisation durable. La surface est rev\u00eatue d&#039;une peinture en poudre et s\u00e9rigraphi\u00e9e, offrant un excellent contraste et une grande r\u00e9sistance \u00e0 l&#039;usure et aux agressions ext\u00e9rieures.<\/p>\n<p>Les deux <a href=\"https:\/\/mountlaser.com\/fr_fr\/contact-us\/\">Cible de num\u00e9risation ST001<\/a> et la cible \u00e0 damier ronde GZT21 sont compatibles avec les adaptateurs \u00e0 d\u00e9gagement rapide de style suisse, permettant une configuration rapide et une installation s\u00e9curis\u00e9e lors des op\u00e9rations de num\u00e9risation.<\/p>\n<p><strong>Sp\u00e9cifications de la cible du scanner laser ST001\/GZT21<\/strong><\/p>\n<table width=\"587\">\n<tbody>\n<tr>\n<td width=\"72\">Mod\u00e8le<\/td>\n<td width=\"254\">Image<\/td>\n<td width=\"261\">Param\u00e8tres<\/td>\n<\/tr>\n<tr>\n<td>ST001<\/td>\n<td><img fetchpriority=\"high\" decoding=\"async\" class=\"alignnone wp-image-3799 size-medium\" src=\"https:\/\/mountlaser.com\/wp-content\/uploads\/2025\/11\/ST0012-300x300.webp\" alt=\"Scanning Target ST001\" width=\"300\" height=\"300\" srcset=\"https:\/\/mountlaser.com\/wp-content\/uploads\/2025\/11\/ST0012-300x300.webp 300w, https:\/\/mountlaser.com\/wp-content\/uploads\/2025\/11\/ST0012-400x400.webp 400w, https:\/\/mountlaser.com\/wp-content\/uploads\/2025\/11\/ST0012-800x800.webp 800w, https:\/\/mountlaser.com\/wp-content\/uploads\/2025\/11\/ST0012-600x600.webp 600w, https:\/\/mountlaser.com\/wp-content\/uploads\/2025\/11\/ST0012-150x150.webp 150w, https:\/\/mountlaser.com\/wp-content\/uploads\/2025\/11\/ST0012-768x768.webp 768w, https:\/\/mountlaser.com\/wp-content\/uploads\/2025\/11\/ST0012-12x12.webp 12w, https:\/\/mountlaser.com\/wp-content\/uploads\/2025\/11\/ST0012.webp 1000w\" sizes=\"(max-width: 300px) 100vw, 300px\" \/><\/td>\n<td width=\"261\">MAT\u00c9RIAU : Aluminium<br \/>\nTAILLE CIBLE : OD80 mm (3,1 po)<br \/>\nTRAITEMENT DE SURFACE : Rev\u00eatement en poudre + S\u00e9rigraphie<br \/>\nADAPTATEUR : Convient aux adaptateurs \u00e0 d\u00e9gagement rapide de type suisse<\/td>\n<\/tr>\n<tr>\n<td>GZT21<\/td>\n<td><img decoding=\"async\" class=\"alignnone size-medium wp-image-3808\" src=\"https:\/\/mountlaser.com\/wp-content\/uploads\/2025\/11\/GZT212-300x300.webp\" alt=\"\" width=\"300\" height=\"300\" srcset=\"https:\/\/mountlaser.com\/wp-content\/uploads\/2025\/11\/GZT212-300x300.webp 300w, https:\/\/mountlaser.com\/wp-content\/uploads\/2025\/11\/GZT212-400x400.webp 400w, https:\/\/mountlaser.com\/wp-content\/uploads\/2025\/11\/GZT212-800x800.webp 800w, https:\/\/mountlaser.com\/wp-content\/uploads\/2025\/11\/GZT212-600x600.webp 600w, https:\/\/mountlaser.com\/wp-content\/uploads\/2025\/11\/GZT212-150x150.webp 150w, https:\/\/mountlaser.com\/wp-content\/uploads\/2025\/11\/GZT212-768x768.webp 768w, https:\/\/mountlaser.com\/wp-content\/uploads\/2025\/11\/GZT212-12x12.webp 12w, https:\/\/mountlaser.com\/wp-content\/uploads\/2025\/11\/GZT212.webp 1000w\" sizes=\"(max-width: 300px) 100vw, 300px\" \/><\/td>\n<td width=\"261\">MAT\u00c9RIAU : Aluminium<br \/>\nTAILLE CIBLE : OD115 mm (4,5 po)<br \/>\nTRAITEMENT DE SURFACE : Rev\u00eatement en poudre + S\u00e9rigraphie<br \/>\nADAPTATEUR : Convient aux adaptateurs \u00e0 d\u00e9gagement rapide de type suisse<\/td>\n<\/tr>\n<\/tbody>\n<\/table>","protected":false},"excerpt":{"rendered":"<ul>\n<li>Cible ronde \u00e0 damier de haute pr\u00e9cision pour la num\u00e9risation et le lev\u00e9 laser 3D<\/li>\n<li>Sa construction robuste en aluminium assure stabilit\u00e9 et longue dur\u00e9e de vie.<\/li>\n<li>Surface rev\u00eatue de poudre et s\u00e9rigraphi\u00e9e pour une visibilit\u00e9 et un contraste sup\u00e9rieurs<\/li>\n<li>Compatible avec les adaptateurs \u00e0 d\u00e9gagement rapide de type suisse pour un montage rapide et fiable<\/li>\n<\/ul>","protected":false},"featured_media":3798,"comment_status":"open","ping_status":"closed","template":"","meta":[],"product_brand":[],"product_cat":[80,118],"product_tag":[],"class_list":{"0":"post-3806","1":"product","2":"type-product","3":"status-publish","4":"has-post-thumbnail","6":"product_cat-scanner-sphere-target-laser-scanning","7":"product_cat-checkerboard-target","9":"first","10":"instock","11":"shipping-taxable","12":"product-type-simple"},"_links":{"self":[{"href":"https:\/\/mountlaser.com\/fr_fr\/wp-json\/wp\/v2\/product\/3806","targetHints":{"allow":["GET"]}}],"collection":[{"href":"https:\/\/mountlaser.com\/fr_fr\/wp-json\/wp\/v2\/product"}],"about":[{"href":"https:\/\/mountlaser.com\/fr_fr\/wp-json\/wp\/v2\/types\/product"}],"replies":[{"embeddable":true,"href":"https:\/\/mountlaser.com\/fr_fr\/wp-json\/wp\/v2\/comments?post=3806"}],"wp:featuredmedia":[{"embeddable":true,"href":"https:\/\/mountlaser.com\/fr_fr\/wp-json\/wp\/v2\/media\/3798"}],"wp:attachment":[{"href":"https:\/\/mountlaser.com\/fr_fr\/wp-json\/wp\/v2\/media?parent=3806"}],"wp:term":[{"taxonomy":"product_brand","embeddable":true,"href":"https:\/\/mountlaser.com\/fr_fr\/wp-json\/wp\/v2\/product_brand?post=3806"},{"taxonomy":"product_cat","embeddable":true,"href":"https:\/\/mountlaser.com\/fr_fr\/wp-json\/wp\/v2\/product_cat?post=3806"},{"taxonomy":"product_tag","embeddable":true,"href":"https:\/\/mountlaser.com\/fr_fr\/wp-json\/wp\/v2\/product_tag?post=3806"}],"curies":[{"name":"wp","href":"https:\/\/api.w.org\/{rel}","templated":true}]}}