{"id":3781,"date":"2025-11-10T01:23:07","date_gmt":"2025-11-10T01:23:07","guid":{"rendered":"https:\/\/mountlaser.com\/?post_type=product&#038;p=3781"},"modified":"2025-11-27T07:49:16","modified_gmt":"2025-11-27T07:49:16","slug":"american-style-360prism","status":"publish","type":"product","link":"https:\/\/mountlaser.com\/fr_fr\/produit\/american-style-360prism\/","title":{"rendered":"Prisme \u00e0 360\u00b0 de style am\u00e9ricain TR360"},"content":{"rendered":"<p>PRISM 360\u00b0 DE STYLE AM\u00c9RICAIN \u2013 Prisme 360\u00b0 fiable de type Trimble pour des lev\u00e9s topographiques de pr\u00e9cision<\/p>\n<p>Le PRISM 360\u00b0 DE STYLE AM\u00c9RICAIN est un produit de qualit\u00e9 professionnelle <a href=\"https:\/\/mountlaser.com\/fr_fr\/\"><strong>Prisme \u00e0 360\u00b0 de type Trimble<\/strong><\/a> Con\u00e7u pour offrir une pr\u00e9cision et une durabilit\u00e9 exceptionnelles lors des travaux de terrain exigeants. Con\u00e7u pour fonctionner parfaitement en tant que <a href=\"https:\/\/mountlaser.com\/fr_fr\/products\/\"><strong>Prisme 360 pour Trimble<\/strong><\/a> Avec les stations totales, ce mod\u00e8le assure une r\u00e9flexion du signal constante et stable provenant de toutes les directions.<\/p>\n<p>Dot\u00e9 de sept prismes argent\u00e9s, le prisme 360\u00b0 de type Trimble offre une r\u00e9flectivit\u00e9 et une fiabilit\u00e9 de mesure sup\u00e9rieures. Avec une constante de prisme de +2 mm et une pr\u00e9cision de centrage de \u00b12,0 mm, il garantit une haute pr\u00e9cision dans diverses conditions topographiques. Un niveau \u00e0 bulle int\u00e9gr\u00e9 de 6 m (20 pieds) facilite l&#039;alignement vertical, tandis que le filetage de montage 5\/8&quot;-11 assure une compatibilit\u00e9 universelle avec une large gamme de cannes et de tr\u00e9pieds topographiques.<\/p>\n<p><img fetchpriority=\"high\" decoding=\"async\" class=\"aligncenter wp-image-3784\" src=\"https:\/\/mountlaser.com\/wp-content\/uploads\/2025\/11\/TR360A3.webp\" alt=\"TR360 Trimble-style 360\u00b0 prism\" width=\"500\" height=\"500\" srcset=\"https:\/\/mountlaser.com\/wp-content\/uploads\/2025\/11\/TR360A3.webp 1000w, https:\/\/mountlaser.com\/wp-content\/uploads\/2025\/11\/TR360A3-300x300.webp 300w, https:\/\/mountlaser.com\/wp-content\/uploads\/2025\/11\/TR360A3-400x400.webp 400w, https:\/\/mountlaser.com\/wp-content\/uploads\/2025\/11\/TR360A3-800x800.webp 800w, https:\/\/mountlaser.com\/wp-content\/uploads\/2025\/11\/TR360A3-600x600.webp 600w, https:\/\/mountlaser.com\/wp-content\/uploads\/2025\/11\/TR360A3-150x150.webp 150w, https:\/\/mountlaser.com\/wp-content\/uploads\/2025\/11\/TR360A3-768x768.webp 768w, https:\/\/mountlaser.com\/wp-content\/uploads\/2025\/11\/TR360A3-12x12.webp 12w\" sizes=\"(max-width: 500px) 100vw, 500px\" \/><\/p>\n<p>Ce <a href=\"https:\/\/mountlaser.com\/fr_fr\/contact-us\/\">Prisme 360 pour Trimble<\/a> Con\u00e7u pour les professionnels de terrain exigeant pr\u00e9cision, stabilit\u00e9 et efficacit\u00e9, ce prisme \u00e0 360\u00b0 de type Trimble, gr\u00e2ce \u00e0 sa construction m\u00e9tallique robuste, offre une grande long\u00e9vit\u00e9 et constitue la solution id\u00e9ale pour les applications topographiques, d&#039;ing\u00e9nierie et de construction.<\/p>","protected":false},"excerpt":{"rendered":"<ul>\n<li>Dot\u00e9 de sept prismes argent\u00e9s pour une r\u00e9flectivit\u00e9 accrue<\/li>\n<li>Garantir une pr\u00e9cision de mesure sup\u00e9rieure<\/li>\n<li>Pour une fixation et une stabilit\u00e9 universelles<\/li>\n<\/ul>","protected":false},"featured_media":3784,"comment_status":"open","ping_status":"closed","template":"","meta":[],"product_brand":[],"product_cat":[72,115],"product_tag":[],"class_list":{"0":"post-3781","1":"product","2":"type-product","3":"status-publish","4":"has-post-thumbnail","6":"product_cat-reflective-target-prism","7":"product_cat-wide-angle-prism","9":"first","10":"instock","11":"shipping-taxable","12":"product-type-simple"},"_links":{"self":[{"href":"https:\/\/mountlaser.com\/fr_fr\/wp-json\/wp\/v2\/product\/3781","targetHints":{"allow":["GET"]}}],"collection":[{"href":"https:\/\/mountlaser.com\/fr_fr\/wp-json\/wp\/v2\/product"}],"about":[{"href":"https:\/\/mountlaser.com\/fr_fr\/wp-json\/wp\/v2\/types\/product"}],"replies":[{"embeddable":true,"href":"https:\/\/mountlaser.com\/fr_fr\/wp-json\/wp\/v2\/comments?post=3781"}],"wp:featuredmedia":[{"embeddable":true,"href":"https:\/\/mountlaser.com\/fr_fr\/wp-json\/wp\/v2\/media\/3784"}],"wp:attachment":[{"href":"https:\/\/mountlaser.com\/fr_fr\/wp-json\/wp\/v2\/media?parent=3781"}],"wp:term":[{"taxonomy":"product_brand","embeddable":true,"href":"https:\/\/mountlaser.com\/fr_fr\/wp-json\/wp\/v2\/product_brand?post=3781"},{"taxonomy":"product_cat","embeddable":true,"href":"https:\/\/mountlaser.com\/fr_fr\/wp-json\/wp\/v2\/product_cat?post=3781"},{"taxonomy":"product_tag","embeddable":true,"href":"https:\/\/mountlaser.com\/fr_fr\/wp-json\/wp\/v2\/product_tag?post=3781"}],"curies":[{"name":"wp","href":"https:\/\/api.w.org\/{rel}","templated":true}]}}