{"id":3776,"date":"2025-11-07T09:18:43","date_gmt":"2025-11-07T09:18:43","guid":{"rendered":"https:\/\/mountlaser.com\/?post_type=product&#038;p=3776"},"modified":"2025-11-27T07:54:09","modified_gmt":"2025-11-27T07:54:09","slug":"dz060-125-aluminum-prism-pole","status":"publish","type":"product","link":"https:\/\/mountlaser.com\/fr_fr\/produit\/dz060-125-aluminum-prism-pole\/","title":{"rendered":"Poteau prismatique en aluminium DZ060\/125"},"content":{"rendered":"<p>Le <a href=\"https:\/\/mountlaser.com\/fr_fr\/\"><strong>Poteau prismatique en aluminium DZ<\/strong><\/a> Ce mod\u00e8le \u00e9tablit une nouvelle norme en mati\u00e8re de pr\u00e9cision et de durabilit\u00e9 pour les lev\u00e9s topographiques. Fabriqu\u00e9 en alliage d&#039;aluminium de haute qualit\u00e9, ce manche offre une combinaison parfaite de l\u00e9g\u00e8ret\u00e9 et de robustesse exceptionnelle, ce qui en fait un outil indispensable pour les g\u00e9om\u00e8tres travaillant dans des conditions difficiles.<\/p>\n<p>Ce qui distingue v\u00e9ritablement la perche \u00e0 prisme en aluminium DZ, c&#039;est son m\u00e9canisme de verrouillage robuste en aluminium, qui lui conf\u00e8re une solidit\u00e9 sup\u00e9rieure et garantit une fiabilit\u00e9 \u00e0 long terme, utilisation apr\u00e8s utilisation. \u00c9quip\u00e9e d&#039;une fiole circulaire de 9 m (30 pieds) de pr\u00e9cision, elle permet une mise \u00e0 niveau rapide et pr\u00e9cise pour des mesures sans erreur. Le tube int\u00e9rieur comporte une \u00e9chelle gradu\u00e9e claire pour une lecture directe, tandis que les adaptateurs disponibles offrent diverses options de montage du prisme.<\/p>\n<p><a href=\"https:\/\/mountlaser.com\/fr_fr\/products\/\">Poteau prismatique en aluminium DZ<\/a>:<br \/>\nPoteau prismatique en aluminium DZ060, longueur 60 cm<br \/>\nDZ0125 Poteau prismatique en aluminium, longueur 125 cm<\/p>\n<p>Avec le choix entre un verrouillage par rotation fiable et un verrouillage \u00e0 d\u00e9gagement rapide, ainsi qu&#039;un rev\u00eatement antid\u00e9rapant en caoutchouc en option pour une manipulation s\u00e9curis\u00e9e, le <a href=\"https:\/\/mountlaser.com\/fr_fr\/contact-us\/\"><strong>Poteau prismatique en aluminium DZ<\/strong><\/a> est con\u00e7u pour am\u00e9liorer la productivit\u00e9 et la pr\u00e9cision dans tous les sc\u00e9narios d&#039;arpentage.<\/p>\n<p><strong>Sp\u00e9cifications du poteau prismatique en aluminium DZ060\/125<\/strong><\/p>\n<table style=\"border-collapse: collapse; width: 846.77pt;\" border=\"0\" width=\"1129\" cellspacing=\"0\" cellpadding=\"0\">\n<tbody>\n<tr style=\"height: 14.25pt;\">\n<td class=\"et2\" style=\"height: 14.25pt; width: 142.50pt;\" width=\"190\" height=\"19\">NOMBRE<\/td>\n<td class=\"et2\" style=\"width: 127.50pt;\" width=\"170\">LONGUEUR<\/td>\n<td class=\"et2\" style=\"width: 126.00pt;\" width=\"168\">MAT\u00c9RIEL<\/td>\n<td class=\"et2\" style=\"width: 135.00pt;\" width=\"180\">DIPL\u00d4M\u00c9S<\/td>\n<td class=\"et2\" style=\"width: 124.50pt;\" width=\"166\">OPTION DE VERROUILLAGE<\/td>\n<td class=\"et2\" style=\"width: 86.25pt;\" width=\"115\">DIAM\u00c8TRE<\/td>\n<td style=\"width: 105.00pt;\" width=\"140\">image<\/td>\n<\/tr>\n<tr style=\"height: 14.25pt;\">\n<td class=\"et2\" style=\"height: 14.25pt;\" height=\"19\">DZ060<\/td>\n<td class=\"et3\">60 cm<\/td>\n<td class=\"et2\">Aluminium<\/td>\n<td class=\"et2\">M\u00e8tre<\/td>\n<td class=\"et2\">TL\/QL<\/td>\n<td class=\"et2\">18\/25 mm<\/td>\n<td><img fetchpriority=\"high\" decoding=\"async\" class=\"alignnone wp-image-3769 size-medium\" src=\"https:\/\/mountlaser.com\/wp-content\/uploads\/2025\/11\/DZ060-2-300x300.webp\" alt=\"DZ Aluminum Prism Pole\" width=\"300\" height=\"300\" srcset=\"https:\/\/mountlaser.com\/wp-content\/uploads\/2025\/11\/DZ060-2-300x300.webp 300w, https:\/\/mountlaser.com\/wp-content\/uploads\/2025\/11\/DZ060-2-400x400.webp 400w, https:\/\/mountlaser.com\/wp-content\/uploads\/2025\/11\/DZ060-2-800x800.webp 800w, https:\/\/mountlaser.com\/wp-content\/uploads\/2025\/11\/DZ060-2-600x600.webp 600w, https:\/\/mountlaser.com\/wp-content\/uploads\/2025\/11\/DZ060-2-150x150.webp 150w, https:\/\/mountlaser.com\/wp-content\/uploads\/2025\/11\/DZ060-2-768x768.webp 768w, https:\/\/mountlaser.com\/wp-content\/uploads\/2025\/11\/DZ060-2-12x12.webp 12w, https:\/\/mountlaser.com\/wp-content\/uploads\/2025\/11\/DZ060-2.webp 1000w\" sizes=\"(max-width: 300px) 100vw, 300px\" \/><\/td>\n<\/tr>\n<tr style=\"height: 14.25pt;\">\n<td class=\"et2\" style=\"height: 14.25pt;\" height=\"19\">DZ125<\/td>\n<td class=\"et3\">125 cm<\/td>\n<td class=\"et2\">Aluminium<\/td>\n<td class=\"et2\">M\u00e8tre<\/td>\n<td class=\"et2\">TL\/QL<\/td>\n<td class=\"et2\">18\/25 mm<\/td>\n<td><img decoding=\"async\" class=\"alignnone wp-image-3778 size-medium\" src=\"https:\/\/mountlaser.com\/wp-content\/uploads\/2025\/11\/DZ120-4-300x300.webp\" alt=\"DZ Aluminum Prism Pole\" width=\"300\" height=\"300\" srcset=\"https:\/\/mountlaser.com\/wp-content\/uploads\/2025\/11\/DZ120-4-300x300.webp 300w, https:\/\/mountlaser.com\/wp-content\/uploads\/2025\/11\/DZ120-4-400x400.webp 400w, https:\/\/mountlaser.com\/wp-content\/uploads\/2025\/11\/DZ120-4-800x800.webp 800w, https:\/\/mountlaser.com\/wp-content\/uploads\/2025\/11\/DZ120-4-600x600.webp 600w, https:\/\/mountlaser.com\/wp-content\/uploads\/2025\/11\/DZ120-4-150x150.webp 150w, https:\/\/mountlaser.com\/wp-content\/uploads\/2025\/11\/DZ120-4-768x768.webp 768w, https:\/\/mountlaser.com\/wp-content\/uploads\/2025\/11\/DZ120-4-12x12.webp 12w, https:\/\/mountlaser.com\/wp-content\/uploads\/2025\/11\/DZ120-4.webp 1000w\" sizes=\"(max-width: 300px) 100vw, 300px\" \/><\/td>\n<\/tr>\n<\/tbody>\n<\/table>","protected":false},"excerpt":{"rendered":"<ul>\n<li>L\u00e9ger et robuste : Fabriqu\u00e9 en aluminium de haute qualit\u00e9 pour une portabilit\u00e9 et une durabilit\u00e9 optimales.<\/li>\n<li>Syst\u00e8me de verrouillage en aluminium\u00a0: offre une excellente robustesse et une dur\u00e9e de vie prolong\u00e9e.<\/li>\n<li>\u00c9chelle m\u00e9trique int\u00e9gr\u00e9e\u00a0: Tube int\u00e9rieur avec graduation claire pour une lecture directe des mesures.<\/li>\n<\/ul>","protected":false},"featured_media":3771,"comment_status":"open","ping_status":"closed","template":"","meta":[],"product_brand":[],"product_cat":[117,89],"product_tag":[],"class_list":{"0":"post-3776","1":"product","2":"type-product","3":"status-publish","4":"has-post-thumbnail","6":"product_cat-aluminum-prism-pole","7":"product_cat-surveying-pole-rod","9":"first","10":"instock","11":"shipping-taxable","12":"product-type-simple"},"_links":{"self":[{"href":"https:\/\/mountlaser.com\/fr_fr\/wp-json\/wp\/v2\/product\/3776","targetHints":{"allow":["GET"]}}],"collection":[{"href":"https:\/\/mountlaser.com\/fr_fr\/wp-json\/wp\/v2\/product"}],"about":[{"href":"https:\/\/mountlaser.com\/fr_fr\/wp-json\/wp\/v2\/types\/product"}],"replies":[{"embeddable":true,"href":"https:\/\/mountlaser.com\/fr_fr\/wp-json\/wp\/v2\/comments?post=3776"}],"wp:featuredmedia":[{"embeddable":true,"href":"https:\/\/mountlaser.com\/fr_fr\/wp-json\/wp\/v2\/media\/3771"}],"wp:attachment":[{"href":"https:\/\/mountlaser.com\/fr_fr\/wp-json\/wp\/v2\/media?parent=3776"}],"wp:term":[{"taxonomy":"product_brand","embeddable":true,"href":"https:\/\/mountlaser.com\/fr_fr\/wp-json\/wp\/v2\/product_brand?post=3776"},{"taxonomy":"product_cat","embeddable":true,"href":"https:\/\/mountlaser.com\/fr_fr\/wp-json\/wp\/v2\/product_cat?post=3776"},{"taxonomy":"product_tag","embeddable":true,"href":"https:\/\/mountlaser.com\/fr_fr\/wp-json\/wp\/v2\/product_tag?post=3776"}],"curies":[{"name":"wp","href":"https:\/\/api.w.org\/{rel}","templated":true}]}}