{"id":3758,"date":"2025-11-07T08:59:51","date_gmt":"2025-11-07T08:59:51","guid":{"rendered":"https:\/\/mountlaser.com\/?post_type=product&#038;p=3758"},"modified":"2025-11-27T07:57:05","modified_gmt":"2025-11-27T07:57:05","slug":"atp2s-360prism-with-pole","status":"publish","type":"product","link":"https:\/\/mountlaser.com\/fr_fr\/produit\/atp2s-360prism-with-pole\/","title":{"rendered":"Prisme ATP2S 360\u00b0 avec p\u00f4le"},"content":{"rendered":"<p>Le <a href=\"https:\/\/mountlaser.com\/fr_fr\/\"><strong>Prisme ATP2S 360\u00b0 avec p\u00f4le<\/strong><\/a> est une haute pr\u00e9cision <a href=\"https:\/\/mountlaser.com\/fr_fr\/products\/\"><strong>Prisme robotique coulissant \u00e0 360\u00b0<\/strong><\/a> Con\u00e7u pour les applications professionnelles de topographie et de stations totales robotis\u00e9es, ce prisme ATP2S 360\u00b0 avec perche allie pr\u00e9cision, durabilit\u00e9 et facilit\u00e9 d&#039;utilisation, garantissant des performances constantes m\u00eame dans les environnements de terrain les plus exigeants.<\/p>\n<p>Dot\u00e9 de six prismes align\u00e9s avec pr\u00e9cision, le prisme robotis\u00e9 Style Sliding 360 offre une r\u00e9flectivit\u00e9 \u00e0 360\u00b0, assurant un retour de signal fiable dans toutes les directions. Sa constante de prisme de -7 mm et sa pr\u00e9cision de centrage de \u00b12,0 mm garantissent une pr\u00e9cision de mesure exceptionnelle. Le prisme ATP2S 360\u00b0 avec perche est \u00e9quip\u00e9 d&#039;une perche en acier inoxydable de 50,8 cm (20 pouces) et d&#039;un niveau \u00e0 bulle circulaire int\u00e9gr\u00e9, facilitant l&#039;installation et l&#039;alignement vertical pr\u00e9cis.<\/p>\n<p><img fetchpriority=\"high\" decoding=\"async\" class=\"aligncenter wp-image-3763\" src=\"https:\/\/mountlaser.com\/wp-content\/uploads\/2025\/11\/ATP2S5.webp\" alt=\"ATP2S 360\u00b0prism with pole\" width=\"500\" height=\"500\" srcset=\"https:\/\/mountlaser.com\/wp-content\/uploads\/2025\/11\/ATP2S5.webp 1000w, https:\/\/mountlaser.com\/wp-content\/uploads\/2025\/11\/ATP2S5-300x300.webp 300w, https:\/\/mountlaser.com\/wp-content\/uploads\/2025\/11\/ATP2S5-400x400.webp 400w, https:\/\/mountlaser.com\/wp-content\/uploads\/2025\/11\/ATP2S5-800x800.webp 800w, https:\/\/mountlaser.com\/wp-content\/uploads\/2025\/11\/ATP2S5-600x600.webp 600w, https:\/\/mountlaser.com\/wp-content\/uploads\/2025\/11\/ATP2S5-150x150.webp 150w, https:\/\/mountlaser.com\/wp-content\/uploads\/2025\/11\/ATP2S5-768x768.webp 768w, https:\/\/mountlaser.com\/wp-content\/uploads\/2025\/11\/ATP2S5-12x12.webp 12w\" sizes=\"(max-width: 500px) 100vw, 500px\" \/><\/p>\n<p>L&#039;ensemble prismatique comprend un bo\u00eetier robuste en caoutchouc pour une protection accrue contre les chocs sur le terrain et un m\u00e9canisme de bouton de d\u00e9verrouillage et de maintien facile pour un montage et un d\u00e9montage rapides. <a href=\"https:\/\/mountlaser.com\/fr_fr\/contact-us\/\">Prisme robotique coulissant \u00e0 360\u00b0<\/a> Un choix id\u00e9al pour les lev\u00e9s topographiques, les projets de surveillance et les travaux d&#039;implantation de construction.<\/p>","protected":false},"excerpt":{"rendered":"<ul>\n<li>Prisme ATP2S 360\u00b0 avec perche pour stations totales professionnelles et lev\u00e9s robotis\u00e9s<\/li>\n<li>Avec six prismes de pr\u00e9cision recouverts d&#039;argent<\/li>\n<li>Bo\u00eetier caoutchout\u00e9 r\u00e9sistant avec bouton de d\u00e9verrouillage rapide pour plus de commodit\u00e9<\/li>\n<\/ul>","protected":false},"featured_media":3761,"comment_status":"open","ping_status":"closed","template":"","meta":[],"product_brand":[],"product_cat":[72,115],"product_tag":[],"class_list":{"0":"post-3758","1":"product","2":"type-product","3":"status-publish","4":"has-post-thumbnail","6":"product_cat-reflective-target-prism","7":"product_cat-wide-angle-prism","9":"first","10":"instock","11":"shipping-taxable","12":"product-type-simple"},"_links":{"self":[{"href":"https:\/\/mountlaser.com\/fr_fr\/wp-json\/wp\/v2\/product\/3758","targetHints":{"allow":["GET"]}}],"collection":[{"href":"https:\/\/mountlaser.com\/fr_fr\/wp-json\/wp\/v2\/product"}],"about":[{"href":"https:\/\/mountlaser.com\/fr_fr\/wp-json\/wp\/v2\/types\/product"}],"replies":[{"embeddable":true,"href":"https:\/\/mountlaser.com\/fr_fr\/wp-json\/wp\/v2\/comments?post=3758"}],"wp:featuredmedia":[{"embeddable":true,"href":"https:\/\/mountlaser.com\/fr_fr\/wp-json\/wp\/v2\/media\/3761"}],"wp:attachment":[{"href":"https:\/\/mountlaser.com\/fr_fr\/wp-json\/wp\/v2\/media?parent=3758"}],"wp:term":[{"taxonomy":"product_brand","embeddable":true,"href":"https:\/\/mountlaser.com\/fr_fr\/wp-json\/wp\/v2\/product_brand?post=3758"},{"taxonomy":"product_cat","embeddable":true,"href":"https:\/\/mountlaser.com\/fr_fr\/wp-json\/wp\/v2\/product_cat?post=3758"},{"taxonomy":"product_tag","embeddable":true,"href":"https:\/\/mountlaser.com\/fr_fr\/wp-json\/wp\/v2\/product_tag?post=3758"}],"curies":[{"name":"wp","href":"https:\/\/api.w.org\/{rel}","templated":true}]}}