{"id":3748,"date":"2025-11-07T08:10:06","date_gmt":"2025-11-07T08:10:06","guid":{"rendered":"https:\/\/mountlaser.com\/?post_type=product&#038;p=3748"},"modified":"2025-11-27T07:59:38","modified_gmt":"2025-11-27T07:59:38","slug":"z-220p-zero-220p-360prism-with-pole","status":"publish","type":"product","link":"https:\/\/mountlaser.com\/fr_fr\/produit\/z-220p-zero-220p-360prism-with-pole\/","title":{"rendered":"Z-220P ZERO 220P PRISME 360\u00b0 AVEC PISTON"},"content":{"rendered":"<p>Le Z-220P ZERO <a href=\"https:\/\/mountlaser.com\/fr_fr\/\"><strong>PRISME 360\u00b0 220P AVEC PISTON<\/strong><\/a> est de haute pr\u00e9cision<a href=\"https:\/\/mountlaser.com\/fr_fr\/products\/\"><strong> Prisme r\u00e9fl\u00e9chissant coulissant \u00e0 360 degr\u00e9s<\/strong> <\/a>Con\u00e7u pour les applications professionnelles de stations totales et de lev\u00e9s robotis\u00e9s, ce prisme 360\u00b0 220P avec perche allie pr\u00e9cision et robustesse, garantissant des r\u00e9sultats constants et une r\u00e9flexion optimale du signal, m\u00eame dans des conditions de terrain difficiles.<\/p>\n<p>Dot\u00e9 de cinq prismes argent\u00e9s de haute qualit\u00e9, le prisme r\u00e9fl\u00e9chissant coulissant \u00e0 360\u00b0 offre un retour lumineux et une stabilit\u00e9 exceptionnels dans toutes les directions. Le hublot arri\u00e8re int\u00e9gr\u00e9 permet de v\u00e9rifier facilement la hauteur du prisme, am\u00e9liorant ainsi l&#039;efficacit\u00e9 et la fiabilit\u00e9 des mesures. Gr\u00e2ce \u00e0 ses supports de prisme en m\u00e9tal et \u00e0 son rev\u00eatement anti-diffusion sp\u00e9cial, le prisme Z-220P ZERO 220P \u00e0 360\u00b0 avec support offre une performance durable et une clart\u00e9 optique optimale.<\/p>\n<p><img fetchpriority=\"high\" decoding=\"async\" class=\"aligncenter wp-image-3753\" src=\"https:\/\/mountlaser.com\/wp-content\/uploads\/2025\/11\/ZERO220P5.webp\" alt=\"Z-220P Sliding 360 Degree Reflective Prism\" width=\"500\" height=\"500\" srcset=\"https:\/\/mountlaser.com\/wp-content\/uploads\/2025\/11\/ZERO220P5.webp 1000w, https:\/\/mountlaser.com\/wp-content\/uploads\/2025\/11\/ZERO220P5-300x300.webp 300w, https:\/\/mountlaser.com\/wp-content\/uploads\/2025\/11\/ZERO220P5-400x400.webp 400w, https:\/\/mountlaser.com\/wp-content\/uploads\/2025\/11\/ZERO220P5-800x800.webp 800w, https:\/\/mountlaser.com\/wp-content\/uploads\/2025\/11\/ZERO220P5-600x600.webp 600w, https:\/\/mountlaser.com\/wp-content\/uploads\/2025\/11\/ZERO220P5-150x150.webp 150w, https:\/\/mountlaser.com\/wp-content\/uploads\/2025\/11\/ZERO220P5-768x768.webp 768w, https:\/\/mountlaser.com\/wp-content\/uploads\/2025\/11\/ZERO220P5-12x12.webp 12w\" sizes=\"(max-width: 500px) 100vw, 500px\" \/><\/p>\n<p>Ce <a href=\"https:\/\/mountlaser.com\/fr_fr\/contact-us\/\">Prisme r\u00e9fl\u00e9chissant coulissant \u00e0 360 degr\u00e9s<\/a> Il comprend \u00e9galement un niveau \u00e0 bulle circulaire r\u00e9glable (12,2 m), garantissant un centrage et un alignement pr\u00e9cis. Avec un d\u00e9calage de 0 mm et une pr\u00e9cision de centrage de \u00b12,0 mm, c&#039;est l&#039;outil id\u00e9al pour les lev\u00e9s topographiques, l&#039;implantation de chantiers et les t\u00e2ches de positionnement 3D.<\/p>","protected":false},"excerpt":{"rendered":"<ul>\n<li>Prisme r\u00e9fl\u00e9chissant coulissant \u00e0 360 degr\u00e9s comportant cinq prismes argent\u00e9s<\/li>\n<li>Niveau \u00e0 bulle rond r\u00e9glable (40&#039;) pour une installation facile<\/li>\n<li>Supports de prismes en m\u00e9tal et rev\u00eatement anti-diffusion pour une durabilit\u00e9 et une clart\u00e9 accrues<\/li>\n<\/ul>","protected":false},"featured_media":3750,"comment_status":"open","ping_status":"closed","template":"","meta":[],"product_brand":[],"product_cat":[72,115],"product_tag":[],"class_list":{"0":"post-3748","1":"product","2":"type-product","3":"status-publish","4":"has-post-thumbnail","6":"product_cat-reflective-target-prism","7":"product_cat-wide-angle-prism","9":"first","10":"instock","11":"shipping-taxable","12":"product-type-simple"},"_links":{"self":[{"href":"https:\/\/mountlaser.com\/fr_fr\/wp-json\/wp\/v2\/product\/3748","targetHints":{"allow":["GET"]}}],"collection":[{"href":"https:\/\/mountlaser.com\/fr_fr\/wp-json\/wp\/v2\/product"}],"about":[{"href":"https:\/\/mountlaser.com\/fr_fr\/wp-json\/wp\/v2\/types\/product"}],"replies":[{"embeddable":true,"href":"https:\/\/mountlaser.com\/fr_fr\/wp-json\/wp\/v2\/comments?post=3748"}],"wp:featuredmedia":[{"embeddable":true,"href":"https:\/\/mountlaser.com\/fr_fr\/wp-json\/wp\/v2\/media\/3750"}],"wp:attachment":[{"href":"https:\/\/mountlaser.com\/fr_fr\/wp-json\/wp\/v2\/media?parent=3748"}],"wp:term":[{"taxonomy":"product_brand","embeddable":true,"href":"https:\/\/mountlaser.com\/fr_fr\/wp-json\/wp\/v2\/product_brand?post=3748"},{"taxonomy":"product_cat","embeddable":true,"href":"https:\/\/mountlaser.com\/fr_fr\/wp-json\/wp\/v2\/product_cat?post=3748"},{"taxonomy":"product_tag","embeddable":true,"href":"https:\/\/mountlaser.com\/fr_fr\/wp-json\/wp\/v2\/product_tag?post=3748"}],"curies":[{"name":"wp","href":"https:\/\/api.w.org\/{rel}","templated":true}]}}