{"id":3738,"date":"2025-11-07T06:56:11","date_gmt":"2025-11-07T06:56:11","guid":{"rendered":"https:\/\/mountlaser.com\/?post_type=product&#038;p=3738"},"modified":"2025-11-27T08:03:15","modified_gmt":"2025-11-27T08:03:15","slug":"atp3-360prism-metal-design","status":"publish","type":"product","link":"https:\/\/mountlaser.com\/fr_fr\/produit\/atp3-360prism-metal-design\/","title":{"rendered":"ATP3 360\u00b0PRISM METAL DESIGN"},"content":{"rendered":"<p>Le <a href=\"https:\/\/mountlaser.com\/fr_fr\/\"><strong>ATP3 360\u00b0PRISM<\/strong><\/a> est une haute pr\u00e9cision <a href=\"https:\/\/mountlaser.com\/fr_fr\/about-us\/\"><strong>Assemblage de prismes robotis\u00e9s \u00e0 360\u00b0<\/strong><\/a> Con\u00e7u pour les stations totales robotis\u00e9es modernes et les applications topographiques avanc\u00e9es, le prisme ATP3 360\u00b0PRISM est dot\u00e9 de six prismes argent\u00e9s de 25,4 mm offrant une r\u00e9flectivit\u00e9 et une stabilit\u00e9 du signal exceptionnelles dans toutes les directions, garantissant ainsi des mesures rapides et fiables sur le terrain.<\/p>\n<p>Dot\u00e9 d&#039;un ch\u00e2ssis m\u00e9tallique robuste, cet ensemble de prisme robotis\u00e9 \u00e0 360\u00b0 offre une r\u00e9sistance sup\u00e9rieure aux chocs et aux contraintes environnementales, ce qui le rend id\u00e9al pour une utilisation professionnelle en conditions difficiles. La constante de 0 mm du prisme garantit des mesures pr\u00e9cises, tandis qu&#039;une pr\u00e9cision de centrage de \u00b12,0 mm assure une grande constance des mesures sur diff\u00e9rents types de terrains.<\/p>\n<p><img fetchpriority=\"high\" decoding=\"async\" class=\"aligncenter wp-image-3744\" src=\"https:\/\/mountlaser.com\/wp-content\/uploads\/2025\/11\/ATP3-3606.webp\" alt=\"ATP3 360\u00b0 Robotic Prism Assembly\" width=\"500\" height=\"500\" srcset=\"https:\/\/mountlaser.com\/wp-content\/uploads\/2025\/11\/ATP3-3606.webp 1000w, https:\/\/mountlaser.com\/wp-content\/uploads\/2025\/11\/ATP3-3606-300x300.webp 300w, https:\/\/mountlaser.com\/wp-content\/uploads\/2025\/11\/ATP3-3606-400x400.webp 400w, https:\/\/mountlaser.com\/wp-content\/uploads\/2025\/11\/ATP3-3606-800x800.webp 800w, https:\/\/mountlaser.com\/wp-content\/uploads\/2025\/11\/ATP3-3606-600x600.webp 600w, https:\/\/mountlaser.com\/wp-content\/uploads\/2025\/11\/ATP3-3606-150x150.webp 150w, https:\/\/mountlaser.com\/wp-content\/uploads\/2025\/11\/ATP3-3606-768x768.webp 768w, https:\/\/mountlaser.com\/wp-content\/uploads\/2025\/11\/ATP3-3606-12x12.webp 12w\" sizes=\"(max-width: 500px) 100vw, 500px\" \/><\/p>\n<p>Con\u00e7u pour plus de commodit\u00e9, le <a href=\"https:\/\/mountlaser.com\/fr_fr\/contact-us\/\">ATP3 360\u00b0PRISM<\/a> Int\u00e9grant un niveau \u00e0 bulle rond mont\u00e9 sur le dessus pour un alignement rapide, ce syst\u00e8me permet aux g\u00e9om\u00e8tres d&#039;effectuer une installation pr\u00e9cise en un temps record. Sa structure robuste et compacte fait de cet ensemble de prisme robotis\u00e9 360\u00b0 un accessoire indispensable pour les stations totales robotis\u00e9es exigeant une pr\u00e9cision et une stabilit\u00e9 \u00e0 longue port\u00e9e.<\/p>","protected":false},"excerpt":{"rendered":"<ul>\n<li>Pr\u00e9cision de mesure sup\u00e9rieure<\/li>\n<li>La construction du cadre m\u00e9tallique renforce la solidit\u00e9 et la durabilit\u00e9 sur le terrain<\/li>\n<li>Niveau \u00e0 bulle sup\u00e9rieur pour une mise \u00e0 niveau facile et une installation rapide<\/li>\n<\/ul>","protected":false},"featured_media":3740,"comment_status":"open","ping_status":"closed","template":"","meta":[],"product_brand":[],"product_cat":[72,115],"product_tag":[],"class_list":{"0":"post-3738","1":"product","2":"type-product","3":"status-publish","4":"has-post-thumbnail","6":"product_cat-reflective-target-prism","7":"product_cat-wide-angle-prism","9":"first","10":"instock","11":"shipping-taxable","12":"product-type-simple"},"_links":{"self":[{"href":"https:\/\/mountlaser.com\/fr_fr\/wp-json\/wp\/v2\/product\/3738","targetHints":{"allow":["GET"]}}],"collection":[{"href":"https:\/\/mountlaser.com\/fr_fr\/wp-json\/wp\/v2\/product"}],"about":[{"href":"https:\/\/mountlaser.com\/fr_fr\/wp-json\/wp\/v2\/types\/product"}],"replies":[{"embeddable":true,"href":"https:\/\/mountlaser.com\/fr_fr\/wp-json\/wp\/v2\/comments?post=3738"}],"wp:featuredmedia":[{"embeddable":true,"href":"https:\/\/mountlaser.com\/fr_fr\/wp-json\/wp\/v2\/media\/3740"}],"wp:attachment":[{"href":"https:\/\/mountlaser.com\/fr_fr\/wp-json\/wp\/v2\/media?parent=3738"}],"wp:term":[{"taxonomy":"product_brand","embeddable":true,"href":"https:\/\/mountlaser.com\/fr_fr\/wp-json\/wp\/v2\/product_brand?post=3738"},{"taxonomy":"product_cat","embeddable":true,"href":"https:\/\/mountlaser.com\/fr_fr\/wp-json\/wp\/v2\/product_cat?post=3738"},{"taxonomy":"product_tag","embeddable":true,"href":"https:\/\/mountlaser.com\/fr_fr\/wp-json\/wp\/v2\/product_tag?post=3738"}],"curies":[{"name":"wp","href":"https:\/\/api.w.org\/{rel}","templated":true}]}}