{"id":3715,"date":"2025-11-07T06:20:09","date_gmt":"2025-11-07T06:20:09","guid":{"rendered":"https:\/\/mountlaser.com\/?post_type=product&#038;p=3715"},"modified":"2025-11-27T08:06:06","modified_gmt":"2025-11-27T08:06:06","slug":"atp1-japanese-style-360prism","status":"publish","type":"product","link":"https:\/\/mountlaser.com\/fr_fr\/produit\/atp1-japanese-style-360prism\/","title":{"rendered":"ATP1 360\u00b0PRISM"},"content":{"rendered":"<p>Le <a href=\"https:\/\/mountlaser.com\/fr_fr\/\"><strong>ATP1 360 PRISM<\/strong><\/a> repr\u00e9sente le niveau sup\u00e9rieur de pr\u00e9cision et de durabilit\u00e9 dans le domaine de la topographie moderne. Con\u00e7u comme un <a href=\"https:\/\/mountlaser.com\/fr_fr\/products\/\"><strong>Prisme \u00e0 360\u00b0 avec prisme de protection<\/strong><\/a>, Ce syst\u00e8me de prismes de style japonais offre une pr\u00e9cision et une stabilit\u00e9 de centrage exceptionnelles pour les travaux de terrain exigeants. Ses six prismes argent\u00e9s assurent une forte r\u00e9flexion du signal dans toutes les directions, garantissant des mesures fiables m\u00eame dans des environnements difficiles.<\/p>\n<p>Le prisme ATP1 360 PRISM est dot\u00e9 d&#039;un anneau anti-collision robuste, qui renforce sa protection lors des manipulations quotidiennes et du transport. Con\u00e7u pour une utilisation flexible, ce prisme \u00e0 360\u00b0 avec prisme de protection est disponible en plusieurs versions\u00a0:<\/p>\n<figure id=\"attachment_3717\" aria-describedby=\"caption-attachment-3717\" style=\"width: 300px\" class=\"wp-caption aligncenter\"><img fetchpriority=\"high\" decoding=\"async\" class=\"wp-image-3717 size-medium\" src=\"https:\/\/mountlaser.com\/wp-content\/uploads\/2025\/11\/TP360\u5851\u6599\u6b3e\uff082\uff09-300x300.webp\" alt=\"ATP1 360 PRISM\" width=\"300\" height=\"300\" srcset=\"https:\/\/mountlaser.com\/wp-content\/uploads\/2025\/11\/TP360\u5851\u6599\u6b3e\uff082\uff09-300x300.webp 300w, https:\/\/mountlaser.com\/wp-content\/uploads\/2025\/11\/TP360\u5851\u6599\u6b3e\uff082\uff09-400x400.webp 400w, https:\/\/mountlaser.com\/wp-content\/uploads\/2025\/11\/TP360\u5851\u6599\u6b3e\uff082\uff09-800x800.webp 800w, https:\/\/mountlaser.com\/wp-content\/uploads\/2025\/11\/TP360\u5851\u6599\u6b3e\uff082\uff09-600x600.webp 600w, https:\/\/mountlaser.com\/wp-content\/uploads\/2025\/11\/TP360\u5851\u6599\u6b3e\uff082\uff09-150x150.webp 150w, https:\/\/mountlaser.com\/wp-content\/uploads\/2025\/11\/TP360\u5851\u6599\u6b3e\uff082\uff09-768x768.webp 768w, https:\/\/mountlaser.com\/wp-content\/uploads\/2025\/11\/TP360\u5851\u6599\u6b3e\uff082\uff09-12x12.webp 12w, https:\/\/mountlaser.com\/wp-content\/uploads\/2025\/11\/TP360\u5851\u6599\u6b3e\uff082\uff09.webp 1000w\" sizes=\"(max-width: 300px) 100vw, 300px\" \/><figcaption id=\"caption-attachment-3717\" class=\"wp-caption-text\">ATP1 360 PRISM<\/figcaption><\/figure>\n<p>ATP1 \u2013 Conception en plastique, l\u00e9ger et facile \u00e0 manipuler, sans axe central.<\/p>\n<figure id=\"attachment_3726\" aria-describedby=\"caption-attachment-3726\" style=\"width: 300px\" class=\"wp-caption aligncenter\"><img decoding=\"async\" class=\"wp-image-3726 size-medium\" src=\"https:\/\/mountlaser.com\/wp-content\/uploads\/2025\/11\/TP360\u9540\u94f6\uff083\uff09-300x300.webp\" alt=\"ATP1M 360 PRISM\" width=\"300\" height=\"300\" srcset=\"https:\/\/mountlaser.com\/wp-content\/uploads\/2025\/11\/TP360\u9540\u94f6\uff083\uff09-300x300.webp 300w, https:\/\/mountlaser.com\/wp-content\/uploads\/2025\/11\/TP360\u9540\u94f6\uff083\uff09-400x400.webp 400w, https:\/\/mountlaser.com\/wp-content\/uploads\/2025\/11\/TP360\u9540\u94f6\uff083\uff09-800x800.webp 800w, https:\/\/mountlaser.com\/wp-content\/uploads\/2025\/11\/TP360\u9540\u94f6\uff083\uff09-600x600.webp 600w, https:\/\/mountlaser.com\/wp-content\/uploads\/2025\/11\/TP360\u9540\u94f6\uff083\uff09-150x150.webp 150w, https:\/\/mountlaser.com\/wp-content\/uploads\/2025\/11\/TP360\u9540\u94f6\uff083\uff09-768x768.webp 768w, https:\/\/mountlaser.com\/wp-content\/uploads\/2025\/11\/TP360\u9540\u94f6\uff083\uff09-12x12.webp 12w, https:\/\/mountlaser.com\/wp-content\/uploads\/2025\/11\/TP360\u9540\u94f6\uff083\uff09.webp 1000w\" sizes=\"(max-width: 300px) 100vw, 300px\" \/><figcaption id=\"caption-attachment-3726\" class=\"wp-caption-text\">ATP1M 360 PRISM<\/figcaption><\/figure>\n<p>ATP1M \u2013 Conception m\u00e9tallique, \u00e9quip\u00e9e d&#039;un axe central en acier inoxydable pour une rigidit\u00e9 accrue.<\/p>\n<p>ATP1MR \u2013 Version m\u00e9tallique avec axe et anneau anti-collision pour une protection maximale.<img decoding=\"async\" class=\"aligncenter wp-image-3733 size-medium\" src=\"https:\/\/mountlaser.com\/wp-content\/uploads\/2025\/11\/ATP1-MR3-300x300.webp\" alt=\"ATP1MR\/NR 360 PRISM\" width=\"300\" height=\"300\" srcset=\"https:\/\/mountlaser.com\/wp-content\/uploads\/2025\/11\/ATP1-MR3-300x300.webp 300w, https:\/\/mountlaser.com\/wp-content\/uploads\/2025\/11\/ATP1-MR3-400x400.webp 400w, https:\/\/mountlaser.com\/wp-content\/uploads\/2025\/11\/ATP1-MR3-800x800.webp 800w, https:\/\/mountlaser.com\/wp-content\/uploads\/2025\/11\/ATP1-MR3-600x600.webp 600w, https:\/\/mountlaser.com\/wp-content\/uploads\/2025\/11\/ATP1-MR3-150x150.webp 150w, https:\/\/mountlaser.com\/wp-content\/uploads\/2025\/11\/ATP1-MR3-768x768.webp 768w, https:\/\/mountlaser.com\/wp-content\/uploads\/2025\/11\/ATP1-MR3-12x12.webp 12w, https:\/\/mountlaser.com\/wp-content\/uploads\/2025\/11\/ATP1-MR3.webp 1000w\" sizes=\"(max-width: 300px) 100vw, 300px\" \/><\/p>\n<p>ATP1NR \u2013 Conception en nylon, alliant la robustesse de l&#039;aluminium \u00e0 un poids plus l\u00e9ger, comprenant l&#039;axe et l&#039;anneau de protection.<\/p>\n<p>Avec une constante de prisme de -7 mm, une pr\u00e9cision de centrage de \u00b11,5 mm et un filetage de 5\/8&quot; aux deux extr\u00e9mit\u00e9s, le <a href=\"https:\/\/mountlaser.com\/fr_fr\/contact-us\/\">ATP1 360 PRISM<\/a> Il garantit une installation rapide, une excellente compatibilit\u00e9 et une pr\u00e9cision constante. Chaque prisme 360\u00b0 avec prisme de protection est livr\u00e9 avec une housse de transport souple et une bo\u00eete int\u00e9rieure pour un rangement en toute s\u00e9curit\u00e9.<\/p>","protected":false},"excerpt":{"rendered":"<ul>\n<li>Six prismes argent\u00e9s pour une r\u00e9flexion puissante et uniforme<\/li>\n<li>Anneau anti-collision pour une protection accrue sur le terrain<\/li>\n<li>Disponibles en plastique, en m\u00e9tal et en nylon pour r\u00e9pondre \u00e0 diff\u00e9rents besoins topographiques<\/li>\n<\/ul>","protected":false},"featured_media":3716,"comment_status":"open","ping_status":"closed","template":"","meta":[],"product_brand":[],"product_cat":[72,115],"product_tag":[],"class_list":{"0":"post-3715","1":"product","2":"type-product","3":"status-publish","4":"has-post-thumbnail","6":"product_cat-reflective-target-prism","7":"product_cat-wide-angle-prism","9":"first","10":"instock","11":"shipping-taxable","12":"product-type-simple"},"_links":{"self":[{"href":"https:\/\/mountlaser.com\/fr_fr\/wp-json\/wp\/v2\/product\/3715","targetHints":{"allow":["GET"]}}],"collection":[{"href":"https:\/\/mountlaser.com\/fr_fr\/wp-json\/wp\/v2\/product"}],"about":[{"href":"https:\/\/mountlaser.com\/fr_fr\/wp-json\/wp\/v2\/types\/product"}],"replies":[{"embeddable":true,"href":"https:\/\/mountlaser.com\/fr_fr\/wp-json\/wp\/v2\/comments?post=3715"}],"wp:featuredmedia":[{"embeddable":true,"href":"https:\/\/mountlaser.com\/fr_fr\/wp-json\/wp\/v2\/media\/3716"}],"wp:attachment":[{"href":"https:\/\/mountlaser.com\/fr_fr\/wp-json\/wp\/v2\/media?parent=3715"}],"wp:term":[{"taxonomy":"product_brand","embeddable":true,"href":"https:\/\/mountlaser.com\/fr_fr\/wp-json\/wp\/v2\/product_brand?post=3715"},{"taxonomy":"product_cat","embeddable":true,"href":"https:\/\/mountlaser.com\/fr_fr\/wp-json\/wp\/v2\/product_cat?post=3715"},{"taxonomy":"product_tag","embeddable":true,"href":"https:\/\/mountlaser.com\/fr_fr\/wp-json\/wp\/v2\/product_tag?post=3715"}],"curies":[{"name":"wp","href":"https:\/\/api.w.org\/{rel}","templated":true}]}}