{"id":3706,"date":"2025-11-07T05:46:05","date_gmt":"2025-11-07T05:46:05","guid":{"rendered":"https:\/\/mountlaser.com\/?post_type=product&#038;p=3706"},"modified":"2025-11-27T08:18:33","modified_gmt":"2025-11-27T08:18:33","slug":"grz101sa-swiss-style-360prism","status":"publish","type":"product","link":"https:\/\/mountlaser.com\/fr_fr\/produit\/grz101sa-swiss-style-360prism\/","title":{"rendered":"GRZ101SA Haute Qualit\u00e9 avec Support Int\u00e9rieur"},"content":{"rendered":"<p>Le <a href=\"https:\/\/mountlaser.com\/fr_fr\/\"><strong>GRZ101SA MINI PRISM 360<\/strong><\/a> Il s&#039;agit d&#039;un r\u00e9flecteur compact mais de haute pr\u00e9cision, con\u00e7u pour les applications topographiques professionnelles exigeant stabilit\u00e9 et exactitude. <a href=\"https:\/\/mountlaser.com\/fr_fr\/about-us\/\"><strong>Mini prisme avec support int\u00e9rieur<\/strong><\/a>\u00a0Il est dot\u00e9 d&#039;un assemblage de six mini-prismes, soigneusement align\u00e9s et coll\u00e9s ensemble pour offrir une capacit\u00e9 de r\u00e9flexion compl\u00e8te \u00e0 360\u00b0, garantissant des mesures coh\u00e9rentes et pr\u00e9cises dans toutes les directions.<\/p>\n<p>Con\u00e7u avec une structure interne robuste, le mini prisme GRZ101SA 360\u00b0 offre une stabilit\u00e9 structurelle exceptionnelle et une durabilit\u00e9 \u00e0 long terme, m\u00eame dans des conditions de terrain difficiles. Avec une constante suisse de +30 mm et une pr\u00e9cision de pointage de \u00b12,0 mm, ce mini prisme avec structure interne garantit un alignement pr\u00e9cis de la cible et des r\u00e9sultats reproductibles pour les stations totales et les instruments GNSS.<\/p>\n<p><img fetchpriority=\"high\" decoding=\"async\" class=\"aligncenter wp-image-3708\" src=\"https:\/\/mountlaser.com\/wp-content\/uploads\/2025\/11\/GRZ1012.webp\" alt=\"GRZ101SA MINI 360 PRISM\" width=\"500\" height=\"500\" srcset=\"https:\/\/mountlaser.com\/wp-content\/uploads\/2025\/11\/GRZ1012.webp 1000w, https:\/\/mountlaser.com\/wp-content\/uploads\/2025\/11\/GRZ1012-300x300.webp 300w, https:\/\/mountlaser.com\/wp-content\/uploads\/2025\/11\/GRZ1012-400x400.webp 400w, https:\/\/mountlaser.com\/wp-content\/uploads\/2025\/11\/GRZ1012-800x800.webp 800w, https:\/\/mountlaser.com\/wp-content\/uploads\/2025\/11\/GRZ1012-600x600.webp 600w, https:\/\/mountlaser.com\/wp-content\/uploads\/2025\/11\/GRZ1012-150x150.webp 150w, https:\/\/mountlaser.com\/wp-content\/uploads\/2025\/11\/GRZ1012-768x768.webp 768w, https:\/\/mountlaser.com\/wp-content\/uploads\/2025\/11\/GRZ1012-12x12.webp 12w\" sizes=\"(max-width: 500px) 100vw, 500px\" \/><\/p>\n<p>Le <a href=\"https:\/\/mountlaser.com\/fr_fr\/contact-us\/\">GRZ101SA MINI PRISM 360<\/a> D&#039;une hauteur de seulement 56 mm, ce mini prisme avec support int\u00e9rieur est id\u00e9al pour les configurations compactes, tout en offrant d&#039;excellentes performances et une grande fiabilit\u00e9. Utilis\u00e9 pour des mesures \u00e0 courte port\u00e9e ou une surveillance de pr\u00e9cision, il constitue une solution topographique fiable et efficace pour les professionnels.<\/p>","protected":false},"excerpt":{"rendered":"<ul>\n<li>GRZ101SA MINI 360 PRISM avec six mini-prismes pour une r\u00e9flexion \u00e0 360\u00b0<\/li>\n<li>MINI PRISME AVEC SUPPORT INT\u00c9RIEUR pour une r\u00e9sistance et une stabilit\u00e9 d&#039;alignement accrues<\/li>\n<li>Hauteur du prisme compacte de 56 mm pour des applications de terrain flexibles<\/li>\n<\/ul>","protected":false},"featured_media":3712,"comment_status":"open","ping_status":"closed","template":"","meta":[],"product_brand":[],"product_cat":[72,115],"product_tag":[],"class_list":{"0":"post-3706","1":"product","2":"type-product","3":"status-publish","4":"has-post-thumbnail","6":"product_cat-reflective-target-prism","7":"product_cat-wide-angle-prism","9":"first","10":"instock","11":"shipping-taxable","12":"product-type-simple"},"_links":{"self":[{"href":"https:\/\/mountlaser.com\/fr_fr\/wp-json\/wp\/v2\/product\/3706","targetHints":{"allow":["GET"]}}],"collection":[{"href":"https:\/\/mountlaser.com\/fr_fr\/wp-json\/wp\/v2\/product"}],"about":[{"href":"https:\/\/mountlaser.com\/fr_fr\/wp-json\/wp\/v2\/types\/product"}],"replies":[{"embeddable":true,"href":"https:\/\/mountlaser.com\/fr_fr\/wp-json\/wp\/v2\/comments?post=3706"}],"wp:featuredmedia":[{"embeddable":true,"href":"https:\/\/mountlaser.com\/fr_fr\/wp-json\/wp\/v2\/media\/3712"}],"wp:attachment":[{"href":"https:\/\/mountlaser.com\/fr_fr\/wp-json\/wp\/v2\/media?parent=3706"}],"wp:term":[{"taxonomy":"product_brand","embeddable":true,"href":"https:\/\/mountlaser.com\/fr_fr\/wp-json\/wp\/v2\/product_brand?post=3706"},{"taxonomy":"product_cat","embeddable":true,"href":"https:\/\/mountlaser.com\/fr_fr\/wp-json\/wp\/v2\/product_cat?post=3706"},{"taxonomy":"product_tag","embeddable":true,"href":"https:\/\/mountlaser.com\/fr_fr\/wp-json\/wp\/v2\/product_tag?post=3706"}],"curies":[{"name":"wp","href":"https:\/\/api.w.org\/{rel}","templated":true}]}}