{"id":3698,"date":"2025-11-07T05:32:21","date_gmt":"2025-11-07T05:32:21","guid":{"rendered":"https:\/\/mountlaser.com\/?post_type=product&#038;p=3698"},"modified":"2025-11-27T08:20:50","modified_gmt":"2025-11-27T08:20:50","slug":"grz101-swiss-style-360prism","status":"publish","type":"product","link":"https:\/\/mountlaser.com\/fr_fr\/produit\/grz101-swiss-style-360prism\/","title":{"rendered":"GRZ101 Conception m\u00e9tallique de qualit\u00e9 moyenne"},"content":{"rendered":"<p>Le <a href=\"https:\/\/mountlaser.com\/fr_fr\/\"><strong>R\u00e9flecteur miniature GRZ101 \u00e0 360 degr\u00e9s<\/strong><\/a> est un prisme topographique de haute pr\u00e9cision con\u00e7u pour des mesures pr\u00e9cises et une grande durabilit\u00e9 dans des environnements de terrain exigeants. Fabriqu\u00e9 en aluminium robuste, <a href=\"https:\/\/mountlaser.com\/fr_fr\/about-us\/\"><strong>Prisme GRZ101<\/strong><\/a> Elle associe un axe central en acier inoxydable \u00e0 un anneau anti-collision, assurant une stabilit\u00e9 et une protection durables pendant son fonctionnement.<\/p>\n<p>Le prisme GRZ101 est compos\u00e9 de six mini-prismes coll\u00e9s sans joint apparent, offrant une couverture r\u00e9fl\u00e9chissante compl\u00e8te \u00e0 360\u00b0. Avec une constante suisse de +23,1 mm et une pr\u00e9cision de centrage de \u00b12 mm, il garantit des performances exceptionnelles pour les stations totales et les applications GNSS, assurant des r\u00e9sultats fiables quelle que soit la direction de mesure.<\/p>\n<p><img fetchpriority=\"high\" decoding=\"async\" class=\"aligncenter wp-image-3702\" src=\"https:\/\/mountlaser.com\/wp-content\/uploads\/2025\/11\/GRZ101S4.webp\" alt=\"grz101 prism\" width=\"500\" height=\"500\" srcset=\"https:\/\/mountlaser.com\/wp-content\/uploads\/2025\/11\/GRZ101S4.webp 1000w, https:\/\/mountlaser.com\/wp-content\/uploads\/2025\/11\/GRZ101S4-300x300.webp 300w, https:\/\/mountlaser.com\/wp-content\/uploads\/2025\/11\/GRZ101S4-400x400.webp 400w, https:\/\/mountlaser.com\/wp-content\/uploads\/2025\/11\/GRZ101S4-800x800.webp 800w, https:\/\/mountlaser.com\/wp-content\/uploads\/2025\/11\/GRZ101S4-600x600.webp 600w, https:\/\/mountlaser.com\/wp-content\/uploads\/2025\/11\/GRZ101S4-150x150.webp 150w, https:\/\/mountlaser.com\/wp-content\/uploads\/2025\/11\/GRZ101S4-768x768.webp 768w, https:\/\/mountlaser.com\/wp-content\/uploads\/2025\/11\/GRZ101S4-12x12.webp 12w\" sizes=\"(max-width: 500px) 100vw, 500px\" \/><\/p>\n<p>Dot\u00e9 d&#039;un filetage 5\/8\u2033-11 en haut et en bas, le <a href=\"https:\/\/mountlaser.com\/fr_fr\/contact-us\/\">R\u00e9flecteur miniature GRZ101 \u00e0 360 degr\u00e9s<\/a> Il facilite l&#039;installation des antennes et des m\u00e2ts. Le syst\u00e8me de connexion rapide par bouton-poussoir am\u00e9liore l&#039;efficacit\u00e9 sur le terrain, permettant aux g\u00e9om\u00e8tres d&#039;installer ou de d\u00e9monter l&#039;\u00e9quipement rapidement et en toute s\u00e9curit\u00e9.<\/p>","protected":false},"excerpt":{"rendered":"<ul>\n<li>Bo\u00eetier en aluminium avec anneau anti-collision pour une durabilit\u00e9 accrue<\/li>\n<li>L&#039;axe central en acier inoxydable assure l&#039;\u00e9quilibre et la stabilit\u00e9 de la structure.<\/li>\n<li>Bouton-poussoir \u00e0 d\u00e9gagement rapide pour une installation et un retrait faciles<\/li>\n<\/ul>","protected":false},"featured_media":3699,"comment_status":"open","ping_status":"closed","template":"","meta":[],"product_brand":[],"product_cat":[72,115],"product_tag":[],"class_list":{"0":"post-3698","1":"product","2":"type-product","3":"status-publish","4":"has-post-thumbnail","6":"product_cat-reflective-target-prism","7":"product_cat-wide-angle-prism","9":"first","10":"instock","11":"shipping-taxable","12":"product-type-simple"},"_links":{"self":[{"href":"https:\/\/mountlaser.com\/fr_fr\/wp-json\/wp\/v2\/product\/3698","targetHints":{"allow":["GET"]}}],"collection":[{"href":"https:\/\/mountlaser.com\/fr_fr\/wp-json\/wp\/v2\/product"}],"about":[{"href":"https:\/\/mountlaser.com\/fr_fr\/wp-json\/wp\/v2\/types\/product"}],"replies":[{"embeddable":true,"href":"https:\/\/mountlaser.com\/fr_fr\/wp-json\/wp\/v2\/comments?post=3698"}],"wp:featuredmedia":[{"embeddable":true,"href":"https:\/\/mountlaser.com\/fr_fr\/wp-json\/wp\/v2\/media\/3699"}],"wp:attachment":[{"href":"https:\/\/mountlaser.com\/fr_fr\/wp-json\/wp\/v2\/media?parent=3698"}],"wp:term":[{"taxonomy":"product_brand","embeddable":true,"href":"https:\/\/mountlaser.com\/fr_fr\/wp-json\/wp\/v2\/product_brand?post=3698"},{"taxonomy":"product_cat","embeddable":true,"href":"https:\/\/mountlaser.com\/fr_fr\/wp-json\/wp\/v2\/product_cat?post=3698"},{"taxonomy":"product_tag","embeddable":true,"href":"https:\/\/mountlaser.com\/fr_fr\/wp-json\/wp\/v2\/product_tag?post=3698"}],"curies":[{"name":"wp","href":"https:\/\/api.w.org\/{rel}","templated":true}]}}