{"id":3690,"date":"2025-11-07T04:54:13","date_gmt":"2025-11-07T04:54:13","guid":{"rendered":"https:\/\/mountlaser.com\/?post_type=product&#038;p=3690"},"modified":"2025-11-27T08:22:58","modified_gmt":"2025-11-27T08:22:58","slug":"mpr122-122r-swiss-style-360prism","status":"publish","type":"product","link":"https:\/\/mountlaser.com\/fr_fr\/produit\/mpr122-122r-swiss-style-360prism\/","title":{"rendered":"Prisme suisse MPR122\/122R \u00e0 360\u00b0"},"content":{"rendered":"<p>Le <a href=\"https:\/\/mountlaser.com\/fr_fr\/\"><strong>PRISME 360\u00b0 DE STYLE SUISSE MPR122<\/strong><\/a> est un r\u00e9flecteur haut de gamme con\u00e7u pour les g\u00e9om\u00e8tres professionnels exigeant pr\u00e9cision, stabilit\u00e9 et robustesse. Fabriqu\u00e9 avec un corps en aluminium durable et dot\u00e9 d&#039;un anneau anti-collision, <a href=\"https:\/\/mountlaser.com\/fr_fr\/contact-us\/\"><strong>MPR122 PRISM<\/strong><\/a> garantit une fiabilit\u00e9 \u00e0 long terme m\u00eame dans des conditions de terrain difficiles.<\/p>\n<p>Con\u00e7u avec un axe central en acier inoxydable, le prisme MPR122 PRISM assure un alignement rotationnel constant et un \u00e9quilibre structurel optimal. L&#039;ensemble se compose de six mini-prismes coll\u00e9s avec pr\u00e9cision, formant une surface r\u00e9fl\u00e9chissante \u00e0 360\u00b0 pour une capture compl\u00e8te du signal, quelle que soit sa direction.<\/p>\n<p><img fetchpriority=\"high\" decoding=\"async\" class=\"aligncenter wp-image-3693\" src=\"https:\/\/mountlaser.com\/wp-content\/uploads\/2025\/11\/MRP1223.webp\" alt=\"MPR122 PRISM\" width=\"500\" height=\"500\" srcset=\"https:\/\/mountlaser.com\/wp-content\/uploads\/2025\/11\/MRP1223.webp 1000w, https:\/\/mountlaser.com\/wp-content\/uploads\/2025\/11\/MRP1223-300x300.webp 300w, https:\/\/mountlaser.com\/wp-content\/uploads\/2025\/11\/MRP1223-400x400.webp 400w, https:\/\/mountlaser.com\/wp-content\/uploads\/2025\/11\/MRP1223-800x800.webp 800w, https:\/\/mountlaser.com\/wp-content\/uploads\/2025\/11\/MRP1223-600x600.webp 600w, https:\/\/mountlaser.com\/wp-content\/uploads\/2025\/11\/MRP1223-150x150.webp 150w, https:\/\/mountlaser.com\/wp-content\/uploads\/2025\/11\/MRP1223-768x768.webp 768w, https:\/\/mountlaser.com\/wp-content\/uploads\/2025\/11\/MRP1223-12x12.webp 12w\" sizes=\"(max-width: 500px) 100vw, 500px\" \/><\/p>\n<p>Avec une constante suisse de +23,1 mm et une pr\u00e9cision de centrage de \u00b11,5 mm, <a href=\"https:\/\/mountlaser.com\/fr_fr\/contact-us\/\">MPR122 PRISM<\/a> Ce dispositif garantit des performances fiables et de haute pr\u00e9cision pour les applications de surveillance, de cartographie et d&#039;ing\u00e9nierie. Dot\u00e9 de filetages 5\/8\u2033-11 en haut et en bas, il permet l&#039;installation d&#039;antennes et une int\u00e9gration ais\u00e9e avec des m\u00e2ts prismatiques ou des adaptateurs tribrach. La connexion rapide par bouton-poussoir assure une installation sur site simple et efficace.<\/p>","protected":false},"excerpt":{"rendered":"<ul>\n<li>Bo\u00eetier en aluminium avec anneau anti-collision pour une durabilit\u00e9 accrue<\/li>\n<li>L&#039;axe central en acier inoxydable assure la stabilit\u00e9 m\u00e9canique<\/li>\n<li>Bouton-poussoir \u00e0 d\u00e9gagement rapide pour un montage et un d\u00e9montage sans effort<\/li>\n<li>Con\u00e7u pour les travaux de lev\u00e9s topographiques professionnels avec station totale et GNSS<\/li>\n<\/ul>","protected":false},"featured_media":3692,"comment_status":"open","ping_status":"closed","template":"","meta":[],"product_brand":[],"product_cat":[72,115],"product_tag":[],"class_list":{"0":"post-3690","1":"product","2":"type-product","3":"status-publish","4":"has-post-thumbnail","6":"product_cat-reflective-target-prism","7":"product_cat-wide-angle-prism","9":"first","10":"instock","11":"shipping-taxable","12":"product-type-simple"},"_links":{"self":[{"href":"https:\/\/mountlaser.com\/fr_fr\/wp-json\/wp\/v2\/product\/3690","targetHints":{"allow":["GET"]}}],"collection":[{"href":"https:\/\/mountlaser.com\/fr_fr\/wp-json\/wp\/v2\/product"}],"about":[{"href":"https:\/\/mountlaser.com\/fr_fr\/wp-json\/wp\/v2\/types\/product"}],"replies":[{"embeddable":true,"href":"https:\/\/mountlaser.com\/fr_fr\/wp-json\/wp\/v2\/comments?post=3690"}],"wp:featuredmedia":[{"embeddable":true,"href":"https:\/\/mountlaser.com\/fr_fr\/wp-json\/wp\/v2\/media\/3692"}],"wp:attachment":[{"href":"https:\/\/mountlaser.com\/fr_fr\/wp-json\/wp\/v2\/media?parent=3690"}],"wp:term":[{"taxonomy":"product_brand","embeddable":true,"href":"https:\/\/mountlaser.com\/fr_fr\/wp-json\/wp\/v2\/product_brand?post=3690"},{"taxonomy":"product_cat","embeddable":true,"href":"https:\/\/mountlaser.com\/fr_fr\/wp-json\/wp\/v2\/product_cat?post=3690"},{"taxonomy":"product_tag","embeddable":true,"href":"https:\/\/mountlaser.com\/fr_fr\/wp-json\/wp\/v2\/product_tag?post=3690"}],"curies":[{"name":"wp","href":"https:\/\/api.w.org\/{rel}","templated":true}]}}