{"id":3675,"date":"2025-11-07T03:11:37","date_gmt":"2025-11-07T03:11:37","guid":{"rendered":"https:\/\/mountlaser.com\/?post_type=product&#038;p=3675"},"modified":"2025-11-27T08:24:31","modified_gmt":"2025-11-27T08:24:31","slug":"gx360-swiss-style-360prism","status":"publish","type":"product","link":"https:\/\/mountlaser.com\/fr_fr\/produit\/gx360-swiss-style-360prism\/","title":{"rendered":"Prisme 360\u00b0 de style suisse GX360"},"content":{"rendered":"<p>Le SWISS-STYLE 360\u00b0 PRISM est un professionnel <a href=\"https:\/\/mountlaser.com\/fr_fr\/\"><strong>Prisme r\u00e9fl\u00e9chissant pr\u00e9cis \u00e0 360 degr\u00e9s<\/strong><\/a> Con\u00e7u pour les applications topographiques de haute pr\u00e9cision. Fabriqu\u00e9 avec un bo\u00eetier en aluminium robuste et con\u00e7u pour offrir une pr\u00e9cision exceptionnelle, ce <a href=\"https:\/\/mountlaser.com\/fr_fr\/products\/\"><strong>Prisme r\u00e9fl\u00e9chissant \u00e0 360 degr\u00e9s pour la Suisse<\/strong><\/a> Les stations totales garantissent des r\u00e9sultats fiables dans toutes les directions.<\/p>\n<p>Ce prisme r\u00e9fl\u00e9chissant de pr\u00e9cision \u00e0 360\u00b0 est dot\u00e9 d&#039;un assemblage unique compos\u00e9 de six mini-prismes parfaitement align\u00e9s et coll\u00e9s ensemble, offrant une surface r\u00e9fl\u00e9chissante continue \u00e0 360\u00b0 pour un retour de signal optimal. Sa conception \u00e9limine le besoin d&#039;un axe central en acier inoxydable, ce qui permet d&#039;obtenir une structure l\u00e9g\u00e8re et robuste qui conserve un \u00e9quilibre et un alignement parfaits en fonctionnement.<\/p>\n<p><img fetchpriority=\"high\" decoding=\"async\" class=\"aligncenter wp-image-3686\" src=\"https:\/\/mountlaser.com\/wp-content\/uploads\/2025\/11\/geomax\uff084\uff09-1.webp\" alt=\"GX360 Accurate 360 Degree Reflective Prism\" width=\"500\" height=\"500\" srcset=\"https:\/\/mountlaser.com\/wp-content\/uploads\/2025\/11\/geomax\uff084\uff09-1.webp 1000w, https:\/\/mountlaser.com\/wp-content\/uploads\/2025\/11\/geomax\uff084\uff09-1-300x300.webp 300w, https:\/\/mountlaser.com\/wp-content\/uploads\/2025\/11\/geomax\uff084\uff09-1-400x400.webp 400w, https:\/\/mountlaser.com\/wp-content\/uploads\/2025\/11\/geomax\uff084\uff09-1-800x800.webp 800w, https:\/\/mountlaser.com\/wp-content\/uploads\/2025\/11\/geomax\uff084\uff09-1-600x600.webp 600w, https:\/\/mountlaser.com\/wp-content\/uploads\/2025\/11\/geomax\uff084\uff09-1-150x150.webp 150w, https:\/\/mountlaser.com\/wp-content\/uploads\/2025\/11\/geomax\uff084\uff09-1-768x768.webp 768w, https:\/\/mountlaser.com\/wp-content\/uploads\/2025\/11\/geomax\uff084\uff09-1-12x12.webp 12w\" sizes=\"(max-width: 500px) 100vw, 500px\" \/><\/p>\n<p>Avec une constante suisse de +23,1 mm et une pr\u00e9cision de centrage de \u00b12,0 mm, ce <a href=\"https:\/\/mountlaser.com\/fr_fr\/contact-us\/\">Prisme r\u00e9fl\u00e9chissant \u00e0 360 degr\u00e9s pour la Suisse<\/a> Cet instrument garantit des mesures de pr\u00e9cision. Le syst\u00e8me de connexion rapide par bouton-poussoir permet une fixation ais\u00e9e sur les supports de prisme ou les adaptateurs tribrach, faisant du prisme r\u00e9flecteur 360\u00b0 de pr\u00e9cision l&#039;outil id\u00e9al pour les ing\u00e9nieurs et g\u00e9om\u00e8tres de terrain exigeant \u00e0 la fois pr\u00e9cision et efficacit\u00e9.<\/p>","protected":false},"excerpt":{"rendered":"<ul>\n<li>Bo\u00eetier l\u00e9ger en aluminium \u2013 sans axe central pour un meilleur \u00e9quilibre<\/li>\n<li>Bouton-poussoir \u00e0 d\u00e9gagement rapide pour une installation et un retrait faciles<\/li>\n<li>Prisme r\u00e9fl\u00e9chissant id\u00e9al \u00e0 360 degr\u00e9s pour les applications de surveillance et d&#039;alignement de type suisse<\/li>\n<\/ul>","protected":false},"featured_media":3683,"comment_status":"open","ping_status":"closed","template":"","meta":[],"product_brand":[],"product_cat":[72,115],"product_tag":[],"class_list":{"0":"post-3675","1":"product","2":"type-product","3":"status-publish","4":"has-post-thumbnail","6":"product_cat-reflective-target-prism","7":"product_cat-wide-angle-prism","9":"first","10":"instock","11":"shipping-taxable","12":"product-type-simple"},"_links":{"self":[{"href":"https:\/\/mountlaser.com\/fr_fr\/wp-json\/wp\/v2\/product\/3675","targetHints":{"allow":["GET"]}}],"collection":[{"href":"https:\/\/mountlaser.com\/fr_fr\/wp-json\/wp\/v2\/product"}],"about":[{"href":"https:\/\/mountlaser.com\/fr_fr\/wp-json\/wp\/v2\/types\/product"}],"replies":[{"embeddable":true,"href":"https:\/\/mountlaser.com\/fr_fr\/wp-json\/wp\/v2\/comments?post=3675"}],"wp:featuredmedia":[{"embeddable":true,"href":"https:\/\/mountlaser.com\/fr_fr\/wp-json\/wp\/v2\/media\/3683"}],"wp:attachment":[{"href":"https:\/\/mountlaser.com\/fr_fr\/wp-json\/wp\/v2\/media?parent=3675"}],"wp:term":[{"taxonomy":"product_brand","embeddable":true,"href":"https:\/\/mountlaser.com\/fr_fr\/wp-json\/wp\/v2\/product_brand?post=3675"},{"taxonomy":"product_cat","embeddable":true,"href":"https:\/\/mountlaser.com\/fr_fr\/wp-json\/wp\/v2\/product_cat?post=3675"},{"taxonomy":"product_tag","embeddable":true,"href":"https:\/\/mountlaser.com\/fr_fr\/wp-json\/wp\/v2\/product_tag?post=3675"}],"curies":[{"name":"wp","href":"https:\/\/api.w.org\/{rel}","templated":true}]}}