{"id":3659,"date":"2025-11-07T02:42:29","date_gmt":"2025-11-07T02:42:29","guid":{"rendered":"https:\/\/mountlaser.com\/?post_type=product&#038;p=3659"},"modified":"2025-11-27T08:14:19","modified_gmt":"2025-11-27T08:14:19","slug":"grz112-112m-swiss-style-360-prism","status":"publish","type":"product","link":"https:\/\/mountlaser.com\/fr_fr\/produit\/grz112-112m-swiss-style-360-prism\/","title":{"rendered":"Prisme suisse GRZ122\/122M \u00e0 360\u00b0"},"content":{"rendered":"<p>Le <a href=\"https:\/\/mountlaser.com\/fr_fr\/\"><strong>prisme grz122<\/strong><\/a> est de qualit\u00e9 professionnelle<a href=\"https:\/\/mountlaser.com\/fr_fr\/products\/\"><strong> Prisme r\u00e9fl\u00e9chissant \u00e0 360 degr\u00e9s<\/strong><\/a> Con\u00e7u pour une pr\u00e9cision fiable et globale en topographie par station totale, le prisme GRZ122, de conception suisse traditionnelle \u00e0 360\u00b0, offre des performances de r\u00e9flexion constantes et une int\u00e9gration parfaite avec les instruments de la station totale.<\/p>\n<p>Chaque prisme r\u00e9fl\u00e9chissant \u00e0 360\u00b0 est compos\u00e9 de six mini-prismes align\u00e9s avec pr\u00e9cision et coll\u00e9s entre eux pour former un ensemble stable \u00e0 360\u00b0. Cette configuration garantit une grande pr\u00e9cision de mesure et une r\u00e9flexion optimale dans toutes les directions. Le prisme GRZ122 offre une constante suisse de +23,1 mm et une pr\u00e9cision de centrage de \u00b12,0 mm, ce qui le rend id\u00e9al pour les applications de terrain exigeantes.<\/p>\n<p>Con\u00e7u sans axe central en acier inoxydable, ce prisme r\u00e9fl\u00e9chissant 360\u00b0 de style suisse pr\u00e9sente un corps l\u00e9ger et \u00e9quilibr\u00e9 pour une portabilit\u00e9 et une rapidit\u00e9 d&#039;installation accrues. Le mod\u00e8le GRZ122 est dot\u00e9 d&#039;un bo\u00eetier robuste en nylon, tandis que le mod\u00e8le GRZ122M poss\u00e8de un corps en m\u00e9tal pour une r\u00e9sistance et une durabilit\u00e9 optimales.<\/p>\n<figure id=\"attachment_3663\" aria-describedby=\"caption-attachment-3663\" style=\"width: 500px\" class=\"wp-caption aligncenter\"><img fetchpriority=\"high\" decoding=\"async\" class=\"wp-image-3663\" src=\"https:\/\/mountlaser.com\/wp-content\/uploads\/2025\/11\/L2-3604.webp\" alt=\"grz122 prism\" width=\"500\" height=\"500\" srcset=\"https:\/\/mountlaser.com\/wp-content\/uploads\/2025\/11\/L2-3604.webp 1000w, https:\/\/mountlaser.com\/wp-content\/uploads\/2025\/11\/L2-3604-300x300.webp 300w, https:\/\/mountlaser.com\/wp-content\/uploads\/2025\/11\/L2-3604-400x400.webp 400w, https:\/\/mountlaser.com\/wp-content\/uploads\/2025\/11\/L2-3604-800x800.webp 800w, https:\/\/mountlaser.com\/wp-content\/uploads\/2025\/11\/L2-3604-600x600.webp 600w, https:\/\/mountlaser.com\/wp-content\/uploads\/2025\/11\/L2-3604-150x150.webp 150w, https:\/\/mountlaser.com\/wp-content\/uploads\/2025\/11\/L2-3604-768x768.webp 768w, https:\/\/mountlaser.com\/wp-content\/uploads\/2025\/11\/L2-3604-12x12.webp 12w\" sizes=\"(max-width: 500px) 100vw, 500px\" \/><figcaption id=\"caption-attachment-3663\" class=\"wp-caption-text\">GRZ122<\/figcaption><\/figure>\n<figure id=\"attachment_3669\" aria-describedby=\"caption-attachment-3669\" style=\"width: 500px\" class=\"wp-caption aligncenter\"><img decoding=\"async\" class=\"wp-image-3669\" src=\"https:\/\/mountlaser.com\/wp-content\/uploads\/2025\/11\/L2-360-\u91d1\u5c5e\uff083\uff09.webp\" alt=\"grz122M\" width=\"500\" height=\"500\" srcset=\"https:\/\/mountlaser.com\/wp-content\/uploads\/2025\/11\/L2-360-\u91d1\u5c5e\uff083\uff09.webp 1000w, https:\/\/mountlaser.com\/wp-content\/uploads\/2025\/11\/L2-360-\u91d1\u5c5e\uff083\uff09-300x300.webp 300w, https:\/\/mountlaser.com\/wp-content\/uploads\/2025\/11\/L2-360-\u91d1\u5c5e\uff083\uff09-400x400.webp 400w, https:\/\/mountlaser.com\/wp-content\/uploads\/2025\/11\/L2-360-\u91d1\u5c5e\uff083\uff09-800x800.webp 800w, https:\/\/mountlaser.com\/wp-content\/uploads\/2025\/11\/L2-360-\u91d1\u5c5e\uff083\uff09-600x600.webp 600w, https:\/\/mountlaser.com\/wp-content\/uploads\/2025\/11\/L2-360-\u91d1\u5c5e\uff083\uff09-150x150.webp 150w, https:\/\/mountlaser.com\/wp-content\/uploads\/2025\/11\/L2-360-\u91d1\u5c5e\uff083\uff09-768x768.webp 768w, https:\/\/mountlaser.com\/wp-content\/uploads\/2025\/11\/L2-360-\u91d1\u5c5e\uff083\uff09-12x12.webp 12w\" sizes=\"(max-width: 500px) 100vw, 500px\" \/><figcaption id=\"caption-attachment-3669\" class=\"wp-caption-text\">GRZ122M<\/figcaption><\/figure>\n<p>Le <a href=\"https:\/\/mountlaser.com\/fr_fr\/contact-us\/\">prisme grz122<\/a> Il comprend \u00e9galement une connexion \u00e0 bouton-poussoir \u00e0 d\u00e9gagement rapide, permettant un montage et un retrait efficaces des poteaux prismatiques ou des adaptateurs tribrach, assurant un fonctionnement fluide pour chaque t\u00e2che d&#039;arpentage.<\/p>","protected":false},"excerpt":{"rendered":"<ul>\n<li>Prisme r\u00e9fl\u00e9chissant \u00e0 360 degr\u00e9s avec six mini-prismes pour une couverture compl\u00e8te<\/li>\n<li>GRZ122 : Corps en nylon r\u00e9sistant<\/li>\n<li>GRZ122M : Bo\u00eetier m\u00e9tallique renforc\u00e9<\/li>\n<li>Bouton-poussoir \u00e0 d\u00e9gagement rapide pour une installation et un retrait faciles<\/li>\n<li>Absence d&#039;axe central en acier inoxydable, garantissant une manipulation l\u00e9g\u00e8re<\/li>\n<\/ul>","protected":false},"featured_media":3661,"comment_status":"open","ping_status":"closed","template":"","meta":[],"product_brand":[],"product_cat":[72,115],"product_tag":[],"class_list":{"0":"post-3659","1":"product","2":"type-product","3":"status-publish","4":"has-post-thumbnail","6":"product_cat-reflective-target-prism","7":"product_cat-wide-angle-prism","9":"first","10":"instock","11":"shipping-taxable","12":"product-type-simple"},"_links":{"self":[{"href":"https:\/\/mountlaser.com\/fr_fr\/wp-json\/wp\/v2\/product\/3659","targetHints":{"allow":["GET"]}}],"collection":[{"href":"https:\/\/mountlaser.com\/fr_fr\/wp-json\/wp\/v2\/product"}],"about":[{"href":"https:\/\/mountlaser.com\/fr_fr\/wp-json\/wp\/v2\/types\/product"}],"replies":[{"embeddable":true,"href":"https:\/\/mountlaser.com\/fr_fr\/wp-json\/wp\/v2\/comments?post=3659"}],"wp:featuredmedia":[{"embeddable":true,"href":"https:\/\/mountlaser.com\/fr_fr\/wp-json\/wp\/v2\/media\/3661"}],"wp:attachment":[{"href":"https:\/\/mountlaser.com\/fr_fr\/wp-json\/wp\/v2\/media?parent=3659"}],"wp:term":[{"taxonomy":"product_brand","embeddable":true,"href":"https:\/\/mountlaser.com\/fr_fr\/wp-json\/wp\/v2\/product_brand?post=3659"},{"taxonomy":"product_cat","embeddable":true,"href":"https:\/\/mountlaser.com\/fr_fr\/wp-json\/wp\/v2\/product_cat?post=3659"},{"taxonomy":"product_tag","embeddable":true,"href":"https:\/\/mountlaser.com\/fr_fr\/wp-json\/wp\/v2\/product_tag?post=3659"}],"curies":[{"name":"wp","href":"https:\/\/api.w.org\/{rel}","templated":true}]}}